{"id":35,"date":"2017-12-12T15:10:45","date_gmt":"2017-12-12T14:10:10","guid":{"rendered":"https:\/\/fair-rhein.de\/geldern\/?page_id=35"},"modified":"2021-11-07T12:41:39","modified_gmt":"2021-11-07T11:41:39","slug":"aktuelles","status":"publish","type":"page","link":"https:\/\/fair-rhein.de\/geldern\/aktuelles\/","title":{"rendered":"Aktuelles"},"content":{"rendered":"<div class=\"wpb-content-wrapper\"><p>[vc_row][vc_column][vc_column_text]<\/p>\n<h1>Aktuelles<\/h1>\n<p>[\/vc_column_text][vc_column_text]Hier erfahren Sie alle Neuigkeiten, Aktionen und Kampagnen rund um den Weltladen und den Verein.<\/p>\n<p><span style=\"color: #ff0000\">\u00a0<\/span>[\/vc_column_text][vc_column_text]<\/p>\n<h2>Kommende Termine<\/h2>\n<p>[\/vc_column_text]<ul class=\"termine-page current aktuell\"><li><h5 class=\"termine-titel\"><a href=\"https:\/\/fair-rhein.de\/geldern\/termin\/infoabend-zum-projekt-turma-do-flau-brasilien\/\">Infoabend zum Projekt &#8222;Turma do Flau&#8220;, Brasilien<\/a><\/h5><p class=\"termine-date\">Fr., 24.04.2026 - 19:00<\/p><p class=\"termine-auszug\">Ort: \"Alter Pfarrsaal\" kath. Kirchengemeinde Herzliche Einladung! Zu Besuch kommt Schwester Denise aus Recif\u00e9, Brasilien in Begleitung von Frauke L\u00f6pmeier (Aktionskreis Pater Beda). Sie berichtet uns von ihrer Arbeit und den aktuellen Umst\u00e4nden in den Favelas und im Projekt \"Turma do Flau\", das der Eine-Welt-Verein schon viele Jahre unterstz\u00fctzt. Es bietet sich eine tolle Gelegenheit der Begegnung. Bitte kurze Nachricht an Ludger Derrix zur Teilnahme. Alle Interessenten sind herzlich eingeladeninladen. &nbsp;<\/li><li><h5 class=\"termine-titel\"><a href=\"https:\/\/fair-rhein.de\/geldern\/termin\/weltladentag-4\/\">Weltladentag<\/a><\/h5><p class=\"termine-date\">Sa., 09.05.2026 - 10:00<\/p><p class=\"termine-auszug\"><\/li><\/ul>[\/vc_column][\/vc_row][vc_row margin_top=&#8220;20&#8243; margin_bottom=&#8220;-10&#8243;][vc_column][vc_column_text]<\/p>\n<h2>Neuigkeiten<\/h2>\n<p>[\/vc_column_text][\/vc_column][\/vc_row]<\/p>\n<\/div>","protected":false},"excerpt":{"rendered":"<p>[vc_row][vc_column][vc_column_text] Aktuelles [\/vc_column_text][vc_column_text]Hier erfahren Sie alle Neuigkeiten, Aktionen und Kampagnen rund um den Weltladen und den Verein. \u00a0[\/vc_column_text][vc_column_text] Kommende Termine&hellip;<\/p>\n","protected":false},"author":23,"featured_media":0,"parent":0,"menu_order":0,"comment_status":"closed","ping_status":"closed","template":"template-blog-masonry.php","meta":{"footnotes":""},"class_list":["post-35","page","type-page","status-publish","hentry","description-off"],"_links":{"self":[{"href":"https:\/\/fair-rhein.de\/geldern\/wp-json\/wp\/v2\/pages\/35","targetHints":{"allow":["GET"]}}],"collection":[{"href":"https:\/\/fair-rhein.de\/geldern\/wp-json\/wp\/v2\/pages"}],"about":[{"href":"https:\/\/fair-rhein.de\/geldern\/wp-json\/wp\/v2\/types\/page"}],"author":[{"embeddable":true,"href":"https:\/\/fair-rhein.de\/geldern\/wp-json\/wp\/v2\/users\/23"}],"replies":[{"embeddable":true,"href":"https:\/\/fair-rhein.de\/geldern\/wp-json\/wp\/v2\/comments?post=35"}],"version-history":[{"count":17,"href":"https:\/\/fair-rhein.de\/geldern\/wp-json\/wp\/v2\/pages\/35\/revisions"}],"predecessor-version":[{"id":1933,"href":"https:\/\/fair-rhein.de\/geldern\/wp-json\/wp\/v2\/pages\/35\/revisions\/1933"}],"wp:attachment":[{"href":"https:\/\/fair-rhein.de\/geldern\/wp-json\/wp\/v2\/media?parent=35"}],"curies":[{"name":"wp","href":"https:\/\/api.w.org\/{rel}","templated":true}]}}