{"id":72,"date":"2018-01-15T20:22:47","date_gmt":"2018-01-15T19:22:47","guid":{"rendered":"https:\/\/fair-rhein.de\/geldern\/?page_id=72"},"modified":"2018-02-07T10:08:32","modified_gmt":"2018-02-07T09:08:32","slug":"projekte","status":"publish","type":"page","link":"https:\/\/fair-rhein.de\/geldern\/projekte\/","title":{"rendered":"Projekte"},"content":{"rendered":"<div class=\"wpb-content-wrapper\"><p>[vc_row][vc_column][vc_column_text]<\/p>\n<h1>Projekte<\/h1>\n<p>[\/vc_column_text][vc_column_text]Aufgrund von Spenden, aber auch durch \u00dcbersch\u00fcsse aus den Warenverk\u00e4ufen des Weltladens k\u00f6nnen wir verschiedene Projekte unterst\u00fctzen.[\/vc_column_text][\/vc_column][\/vc_row][vc_row type=&#8220;vc_default&#8220; gap=&#8220;5&#8243; equal_height=&#8220;yes&#8220; bg_type=&#8220;bg_color&#8220; bg_color_value=&#8220;#f4f4f4&#8243;][vc_column width=&#8220;1\/3&#8243;][vc_single_image image=&#8220;111&#8243; img_size=&#8220;full&#8220; onclick=&#8220;custom_link&#8220; link=&#8220;https:\/\/fair-rhein.de\/geldern\/projekte\/turma-do-flau\/&#8220;][vc_column_text el_class=&#8220;silbentrennung&#8220;]Seit \u00fcber 25 Jahren unterst\u00fctzen wir das Projekt<strong> Turma do Flau<\/strong> in Recife, Brasilien. Mit vielf\u00e4ltigen Initiativen im Bereich Ern\u00e4hrung und Bildung wird versucht, den dortigen Stra\u00dfenkindern eine Zukunftsperspektive zu verschaffen.<br \/>\n<a href=\"https:\/\/fair-rhein.de\/geldern\/projekte\/turma-do-flau\/\">&#8230;weiterlesen<\/a>[\/vc_column_text][\/vc_column][vc_column width=&#8220;1\/3&#8243;][vc_single_image image=&#8220;115&#8243; img_size=&#8220;full&#8220; onclick=&#8220;custom_link&#8220; link=&#8220;https:\/\/fair-rhein.de\/geldern\/projekte\/hirse-projekt-kenia\/&#8220;][vc_column_text el_class=&#8220;silbentrennung&#8220;]Au\u00dferdem spenden wir f\u00fcr das <strong>Hirse-Projekt in Kenia<\/strong>, das in diesem Jahr von der Organisation Brot f\u00fcr die Welt beworben wird. Mit der traditionellen Hirsepflanze k\u00f6nnen die Ern\u00e4hrungsprobleme im Land gel\u00f6st werden.<br \/>\n<a href=\"https:\/\/fair-rhein.de\/geldern\/projekte\/hirse-projekt-kenia\/\">&#8230;weiterlesen<\/a>[\/vc_column_text][\/vc_column][vc_column width=&#8220;1\/3&#8243;][vc_single_image image=&#8220;201&#8243; img_size=&#8220;full&#8220; onclick=&#8220;custom_link&#8220; link=&#8220;https:\/\/fair-rhein.de\/geldern\/projekte\/kinderhilfe-afghanistan\/&#8220;][vc_column_text el_class=&#8220;silbentrennung&#8220;]Die <strong>Kinderhilfe in Afghanistan<\/strong> unterst\u00fctzen wir seit 2015. Hier geht es darum, M\u00e4dchen in Afghanistan den Schulbesuch zu erm\u00f6glichen und ihnen eine Chance auf Bildung zu erm\u00f6glichen.<br \/>\n<a href=\"https:\/\/fair-rhein.de\/geldern\/projekte\/kinderhilfe-afghanistan\/\">&#8230;weiterlesen<\/a>[\/vc_column_text][\/vc_column][\/vc_row]<\/p>\n<\/div>","protected":false},"excerpt":{"rendered":"<p>[vc_row][vc_column][vc_column_text] Projekte [\/vc_column_text][vc_column_text]Aufgrund von Spenden, aber auch durch \u00dcbersch\u00fcsse aus den Warenverk\u00e4ufen des Weltladens k\u00f6nnen wir verschiedene Projekte unterst\u00fctzen.[\/vc_column_text][\/vc_column][\/vc_row][vc_row type=&#8220;vc_default&#8220;&hellip;<\/p>\n","protected":false},"author":23,"featured_media":0,"parent":0,"menu_order":0,"comment_status":"closed","ping_status":"closed","template":"","meta":{"footnotes":""},"class_list":["post-72","page","type-page","status-publish","hentry","description-off"],"_links":{"self":[{"href":"https:\/\/fair-rhein.de\/geldern\/wp-json\/wp\/v2\/pages\/72","targetHints":{"allow":["GET"]}}],"collection":[{"href":"https:\/\/fair-rhein.de\/geldern\/wp-json\/wp\/v2\/pages"}],"about":[{"href":"https:\/\/fair-rhein.de\/geldern\/wp-json\/wp\/v2\/types\/page"}],"author":[{"embeddable":true,"href":"https:\/\/fair-rhein.de\/geldern\/wp-json\/wp\/v2\/users\/23"}],"replies":[{"embeddable":true,"href":"https:\/\/fair-rhein.de\/geldern\/wp-json\/wp\/v2\/comments?post=72"}],"version-history":[{"count":8,"href":"https:\/\/fair-rhein.de\/geldern\/wp-json\/wp\/v2\/pages\/72\/revisions"}],"predecessor-version":[{"id":202,"href":"https:\/\/fair-rhein.de\/geldern\/wp-json\/wp\/v2\/pages\/72\/revisions\/202"}],"wp:attachment":[{"href":"https:\/\/fair-rhein.de\/geldern\/wp-json\/wp\/v2\/media?parent=72"}],"curies":[{"name":"wp","href":"https:\/\/api.w.org\/{rel}","templated":true}]}}