{"id":74,"date":"2018-01-15T20:25:02","date_gmt":"2018-01-15T19:25:02","guid":{"rendered":"https:\/\/fair-rhein.de\/geldern\/?page_id=74"},"modified":"2018-01-23T18:30:32","modified_gmt":"2018-01-23T17:30:32","slug":"turma-do-flau","status":"publish","type":"page","link":"https:\/\/fair-rhein.de\/geldern\/projekte\/turma-do-flau\/","title":{"rendered":"Turma do Flau"},"content":{"rendered":"<div class=\"wpb-content-wrapper\"><p>[vc_row][vc_column][vc_column_text]<\/p>\n<h1>Turma do Flau<\/h1>\n<p>In dem Armenviertel Bras\u00edlia Teimosa in Recife \/ Brasilien arbeitet die brasilianische Ordensschwester Aurieta D. Xenofonte seit \u00fcber 30 Jahren mit Kindern und Jugendlichen im Alter von 2-20 Jahren. Daraus entstand das Kinderprojekt &#8211; &#8222;Turma do Flau&#8220;.[\/vc_column_text][\/vc_column][\/vc_row][vc_row][vc_column width=&#8220;1\/3&#8243;][vc_single_image image=&#8220;199&#8243; img_size=&#8220;full&#8220;][\/vc_column][vc_column width=&#8220;2\/3&#8243;][vc_column_text]Das vielseitige Engagement von Schwester Aurieta und ihrem Mitarbeiter-Team hat zum Ziel, dass die Kinder nicht auf der Stra\u00dfe der Gro\u00dfstadt Recife landen. Auf der Stra\u00dfe prostituieren sie sich, verfallen der Drogensucht, werden kriminell und bleiben von der Gesellschaft vergessen. Als Ordensschwester arbeitet Sr. Aurieta aus einer religi\u00f6ser Motivation. Sie will den Kindern und Jugendlichen Glauben vermitteln und sie in gemeinschaftlichen Aktivit\u00e4ten neuen Lebenssinn vermitteln. Das ist notwendig, weil sie im brasilianischen Alltag nicht geachtet werden und nicht als Menschen z\u00e4hlen. Ziel der Arbeit ist es, dass die Kinder ihre eigene W\u00fcrde erfahren, Gemeinschaft kennenlernen und so ihr Leben selbst in die Hand nehmen.[\/vc_column_text][\/vc_column][\/vc_row][vc_row][vc_column][vc_column_text]Das Projekt Turma do Flau legt gro\u00dfen Wert auf die schulische Begleitung der Kinder und Jugendlichen. Nur durch die intensive F\u00f6rderung der Bildungs- und Bewusstseinsarbeit im Projekt haben die Kinder eine Chance in der Zukunft. Au\u00dferdem gibt es im Projekt verschiedene Angebote an denen die Kinder mit Begeisterung teilnehmen, z.B. Tanz- und Musikunterricht, Theaterunterricht und vieles mehr. Dadurch erfahren die Kinder und Jugendlichen zum einen ihre F\u00e4higkeiten und Talente, und st\u00e4rken zum anderen ihr Selbstwertgef\u00fchl. Bei gro\u00dfen Festen in der Stadt werden h\u00e4ufig die Musik- und Theatergruppen eingeladen, um auf den gro\u00dfen B\u00fchnen regionale T\u00e4nze aufzuf\u00fchren und wobei sie ebenso mit Rollenspielen ihre Lebenswirklichkeit aufzeigen k\u00f6nnen. F\u00fcr die Kinder und Jugendlichen ist das jedes Mal wieder ein gro\u00dfes Erlebnis und eine Freude von der restlichen Gesellschaft wahrgenommen zu werden.<\/p>\n<p><a href=\"https:\/\/www.pater-beda.de\/projekte\/turma-do-flau\/\" target=\"_blank\" rel=\"noopener\">www.pater-beda.de\/projekte\/turma-do-flau\/<\/a>[\/vc_column_text][\/vc_column][\/vc_row]<\/p>\n<\/div>","protected":false},"excerpt":{"rendered":"<p>[vc_row][vc_column][vc_column_text] Turma do Flau In dem Armenviertel Bras\u00edlia Teimosa in Recife \/ Brasilien arbeitet die brasilianische Ordensschwester Aurieta D. Xenofonte&hellip;<\/p>\n","protected":false},"author":23,"featured_media":0,"parent":72,"menu_order":0,"comment_status":"closed","ping_status":"closed","template":"","meta":{"footnotes":""},"class_list":["post-74","page","type-page","status-publish","hentry","description-off"],"_links":{"self":[{"href":"https:\/\/fair-rhein.de\/geldern\/wp-json\/wp\/v2\/pages\/74","targetHints":{"allow":["GET"]}}],"collection":[{"href":"https:\/\/fair-rhein.de\/geldern\/wp-json\/wp\/v2\/pages"}],"about":[{"href":"https:\/\/fair-rhein.de\/geldern\/wp-json\/wp\/v2\/types\/page"}],"author":[{"embeddable":true,"href":"https:\/\/fair-rhein.de\/geldern\/wp-json\/wp\/v2\/users\/23"}],"replies":[{"embeddable":true,"href":"https:\/\/fair-rhein.de\/geldern\/wp-json\/wp\/v2\/comments?post=74"}],"version-history":[{"count":4,"href":"https:\/\/fair-rhein.de\/geldern\/wp-json\/wp\/v2\/pages\/74\/revisions"}],"predecessor-version":[{"id":200,"href":"https:\/\/fair-rhein.de\/geldern\/wp-json\/wp\/v2\/pages\/74\/revisions\/200"}],"up":[{"embeddable":true,"href":"https:\/\/fair-rhein.de\/geldern\/wp-json\/wp\/v2\/pages\/72"}],"wp:attachment":[{"href":"https:\/\/fair-rhein.de\/geldern\/wp-json\/wp\/v2\/media?parent=74"}],"curies":[{"name":"wp","href":"https:\/\/api.w.org\/{rel}","templated":true}]}}