{"id":76,"date":"2018-01-15T20:26:22","date_gmt":"2018-01-15T19:26:22","guid":{"rendered":"https:\/\/fair-rhein.de\/geldern\/?page_id=76"},"modified":"2018-01-26T13:59:17","modified_gmt":"2018-01-26T12:59:17","slug":"kinderhilfe-afghanistan","status":"publish","type":"page","link":"https:\/\/fair-rhein.de\/geldern\/projekte\/kinderhilfe-afghanistan\/","title":{"rendered":"Kinderhilfe Afghanistan"},"content":{"rendered":"<div class=\"wpb-content-wrapper\"><p>[vc_row][vc_column][vc_row_inner][vc_column_inner][vc_column_text]<\/p>\n<h1>Kinderhilfe Afghanistan<\/h1>\n<p>Seit 2015 unterst\u00fctzt der Eine Welt Verein Geldern die Kinderhilfe Afghanistan, die von Dr. Reinhard und Annette Er\u00f6s initiiert und gef\u00fchrt wird.[\/vc_column_text][\/vc_column_inner][\/vc_row_inner][\/vc_column][\/vc_row][vc_row][vc_column][vc_row_inner][vc_column_inner width=&#8220;1\/3&#8243;][vc_single_image image=&#8220;193&#8243; img_size=&#8220;300&#215;300&#8243;][\/vc_column_inner][vc_column_inner width=&#8220;2\/3&#8243;][vc_column_text]In Afghanistan sind noch immer 67 % der Bev\u00f6lkerung Analphabeten. Die Prozentzahl der M\u00e4dchen ohne Schulausbildung nimmt kontinuierlich zu. Hauptgrund ist der Kinderreichtum insbesondere in armen Familien. Weniger als 75 % der M\u00e4dchen haben heute die M\u00f6glichkeit, auch nur eine Grundschule zu besuchen.<\/p>\n<p>Dabei zeigen alle Untersuchungen, dass gerade in unterentwickelten L\u00e4ndern, deren Bev\u00f6lkerung sich rasant vermehrt, Schulbildung f\u00fcr M\u00e4dchen eine der effektivsten Ma\u00dfnahmen ist, die Demographie in den Griff zu bekommen. Nur mit gebildeten Frauen ist dar\u00fcber hinaus die f\u00fcr eine positive Entwicklung der Gesellschaft oft hinderliche Dominanz der M\u00e4nner in Politik, Wirtschaft und Gesellschaft zu durchbrechen.[\/vc_column_text][\/vc_column_inner][\/vc_row_inner][\/vc_column][\/vc_row][vc_row][vc_column][vc_row_inner][vc_column_inner][vc_column_text]Dr. Er\u00f6s und seine Familie haben mit ihren Projekten in den vergangenen 15 Jahren mehreren hunderttausend afghanischen M\u00e4dchen Zugang zu Bildung verschaffen k\u00f6nnen.<\/p>\n<p>Derzeit besuchen ca. 37.000 M\u00e4dchen die von Dr. Er\u00f6s gebauten drei\u00dfig Schulen in f\u00fcnf Ost-Provinzen Afghanistans und in Pakistan. An den Schulen unterrichten ca. 1.200 Lehrerinnen, seit Jahresbeginn sind in den beiden L\u00e4ndern zwei weitere Schulen im Bau. An zwei neuen Schulen wurden Ausbildungsklassen f\u00fcr Computertechnik und Schneiderinnen eingerichtet. Moderne Photovoltaik-Anlagen versorgen seit dem Sommer die christlich-moslemischen Gemeinschaftsschulen in Pakistan mit Strom.<\/p>\n<p><a href=\"http:\/\/www.kinderhilfe-afghanistan.de\" target=\"_blank\" rel=\"noopener\">www.kinderhilfe-afghanistan.de<\/a>[\/vc_column_text][\/vc_column_inner][\/vc_row_inner][\/vc_column][\/vc_row]<\/p>\n<\/div>","protected":false},"excerpt":{"rendered":"<p>[vc_row][vc_column][vc_row_inner][vc_column_inner][vc_column_text] Kinderhilfe Afghanistan Seit 2015 unterst\u00fctzt der Eine Welt Verein Geldern die Kinderhilfe Afghanistan, die von Dr. Reinhard und Annette&hellip;<\/p>\n","protected":false},"author":23,"featured_media":0,"parent":72,"menu_order":0,"comment_status":"closed","ping_status":"closed","template":"","meta":{"footnotes":""},"class_list":["post-76","page","type-page","status-publish","hentry","description-off"],"_links":{"self":[{"href":"https:\/\/fair-rhein.de\/geldern\/wp-json\/wp\/v2\/pages\/76","targetHints":{"allow":["GET"]}}],"collection":[{"href":"https:\/\/fair-rhein.de\/geldern\/wp-json\/wp\/v2\/pages"}],"about":[{"href":"https:\/\/fair-rhein.de\/geldern\/wp-json\/wp\/v2\/types\/page"}],"author":[{"embeddable":true,"href":"https:\/\/fair-rhein.de\/geldern\/wp-json\/wp\/v2\/users\/23"}],"replies":[{"embeddable":true,"href":"https:\/\/fair-rhein.de\/geldern\/wp-json\/wp\/v2\/comments?post=76"}],"version-history":[{"count":6,"href":"https:\/\/fair-rhein.de\/geldern\/wp-json\/wp\/v2\/pages\/76\/revisions"}],"predecessor-version":[{"id":229,"href":"https:\/\/fair-rhein.de\/geldern\/wp-json\/wp\/v2\/pages\/76\/revisions\/229"}],"up":[{"embeddable":true,"href":"https:\/\/fair-rhein.de\/geldern\/wp-json\/wp\/v2\/pages\/72"}],"wp:attachment":[{"href":"https:\/\/fair-rhein.de\/geldern\/wp-json\/wp\/v2\/media?parent=76"}],"curies":[{"name":"wp","href":"https:\/\/api.w.org\/{rel}","templated":true}]}}