{"id":78,"date":"2018-01-15T20:27:53","date_gmt":"2018-01-15T19:27:53","guid":{"rendered":"https:\/\/fair-rhein.de\/geldern\/?page_id=78"},"modified":"2018-01-23T18:25:43","modified_gmt":"2018-01-23T17:25:43","slug":"hirse-projekt-kenia","status":"publish","type":"page","link":"https:\/\/fair-rhein.de\/geldern\/projekte\/hirse-projekt-kenia\/","title":{"rendered":"Hirse-Projekt Kenia"},"content":{"rendered":"<div class=\"wpb-content-wrapper\"><p>[vc_row][vc_column][vc_column_text]<\/p>\n<h1>Hirse-Projekt Kenia<\/h1>\n<p>Zusammen mit der ev. Kirchengemeinde Geldern sammelt der Eine Welt Verein in diesem Jahr Spenden f\u00fcr ein Hirse -Projekt in Kenia, das von der Organisation Brot f\u00fcr die Welt initiiert wird.[\/vc_column_text][\/vc_column][\/vc_row][vc_row][vc_column width=&#8220;1\/3&#8243;][vc_single_image image=&#8220;196&#8243; img_size=&#8220;full&#8220;][\/vc_column][vc_column width=&#8220;2\/3&#8243;][vc_column_text]<strong>Alte Sorten sch\u00fctzen vor Hunger und Mangelern\u00e4hrung<\/strong><\/p>\n<p>Sorghum-Hirse und andere traditionelle Nahrungsp\ufb02anzen waren bei vielen Kleinbauernfamilien im Westen Kenias in Vergessenheit geraten. Dank der Unterst\u00fctzung von Brot f\u00fcr die Welt entdecken sie die alten Sorten nun wieder und freuen sich \u00fcber die positiven Auswirkungen auf ihre Gesundheit.<\/p>\n<p>Die Hirse f\u00fchrte lange Zeit ein Schattendasein in Kenia, wie viele andere traditionelle Feldfr\u00fcchte. Die kleinen Familienbetriebe zum Beispiel bauten h\u00e4ufig Mais an. F\u00fcr die B\u00e4uerinnen und Bauern waren die h\u00f6heren Einnahmen, die der Mais-Anbau versprach, einfach zu verlockend. Doch damit verarmte auch die Sortenvielfalt f\u00fcr den Eigenbedarf und mit ihr die Ern\u00e4hrung der Kleinbauern.[\/vc_column_text][\/vc_column][\/vc_row][vc_row][vc_column][vc_column_text]Eine Partnerorganisation verteilte in der Region Saatgut von Hirse und anderen alten Sorten, die nahrhaft sind. Da die Hilfe von Dauer sein sollte, gab es auch Kurse in nachhaltiger Landwirtschaft. So wuchsen mit der Zeit nicht nur die Ertr\u00e4ge der Bauernfamilien, sondern auch ihr Wissen \u00fcber die lebenswichtigen und gesunden Inhaltsstoffe der alten Sorten.<\/p>\n<p>Rose Siriveyi hat an den Kursen teilgenommen. Die 47-j\u00e4hrige Mutter und Gro\u00dfmutter berichtet, dass sie schon seit einigen Jahren wieder Hirsebrei zubereitet. \u201eEr liefert die Energie, die unsere Kinder und Enkel f\u00fcr die Schule brauchen, und ich f\u00fcr meine harte Arbeit&#8220;, sagt sie. Fr\u00fcher habe sie mit viel weniger Zutaten gekocht. Das hatte fatale Folgen. Vor allem die Kinder litten unter Mangelerscheinungen. \u201eEine meiner T\u00f6chter hatte sogar Blutarmut &#8211; heute sind wir alle gesund und leistungsf\u00e4hig.\u201c Bl\u00e4tter und St\u00e4ngel der alten Kulturpflanze haben eine wachsartige Beschichtung; das macht sie d\u00fcrreresistent. Ein Vorteil in Ostafrika, das immer wieder von Trockenheit und D\u00fcrren geplagt wird.<\/p>\n<p><a href=\"https:\/\/www.brot-fuer-die-welt.de\/projekte\/kenia-landwirtschaft\/\" target=\"_blank\" rel=\"noopener\">www.brot-fuer-die-welt.de\/projekte\/kenia-landwirtschaft\/<\/a>[\/vc_column_text][\/vc_column][\/vc_row]<\/p>\n<\/div>","protected":false},"excerpt":{"rendered":"<p>[vc_row][vc_column][vc_column_text] Hirse-Projekt Kenia Zusammen mit der ev. Kirchengemeinde Geldern sammelt der Eine Welt Verein in diesem Jahr Spenden f\u00fcr ein&hellip;<\/p>\n","protected":false},"author":23,"featured_media":0,"parent":72,"menu_order":0,"comment_status":"closed","ping_status":"closed","template":"","meta":{"footnotes":""},"class_list":["post-78","page","type-page","status-publish","hentry","description-off"],"_links":{"self":[{"href":"https:\/\/fair-rhein.de\/geldern\/wp-json\/wp\/v2\/pages\/78","targetHints":{"allow":["GET"]}}],"collection":[{"href":"https:\/\/fair-rhein.de\/geldern\/wp-json\/wp\/v2\/pages"}],"about":[{"href":"https:\/\/fair-rhein.de\/geldern\/wp-json\/wp\/v2\/types\/page"}],"author":[{"embeddable":true,"href":"https:\/\/fair-rhein.de\/geldern\/wp-json\/wp\/v2\/users\/23"}],"replies":[{"embeddable":true,"href":"https:\/\/fair-rhein.de\/geldern\/wp-json\/wp\/v2\/comments?post=78"}],"version-history":[{"count":4,"href":"https:\/\/fair-rhein.de\/geldern\/wp-json\/wp\/v2\/pages\/78\/revisions"}],"predecessor-version":[{"id":272,"href":"https:\/\/fair-rhein.de\/geldern\/wp-json\/wp\/v2\/pages\/78\/revisions\/272"}],"up":[{"embeddable":true,"href":"https:\/\/fair-rhein.de\/geldern\/wp-json\/wp\/v2\/pages\/72"}],"wp:attachment":[{"href":"https:\/\/fair-rhein.de\/geldern\/wp-json\/wp\/v2\/media?parent=78"}],"curies":[{"name":"wp","href":"https:\/\/api.w.org\/{rel}","templated":true}]}}