{"id":80,"date":"2018-01-15T20:34:54","date_gmt":"2018-01-15T19:34:54","guid":{"rendered":"https:\/\/fair-rhein.de\/geldern\/?page_id=80"},"modified":"2023-11-26T10:59:19","modified_gmt":"2023-11-26T09:59:19","slug":"verein","status":"publish","type":"page","link":"https:\/\/fair-rhein.de\/geldern\/verein\/","title":{"rendered":"Verein"},"content":{"rendered":"<div class=\"wpb-content-wrapper\"><p>[vc_row][vc_column][vc_column_text]<\/p>\n<h1>Verein<\/h1>\n<p>[\/vc_column_text][\/vc_column][\/vc_row][vc_row][vc_column width=&#8220;1\/3&#8243;][vc_single_image image=&#8220;1951&#8243; img_size=&#8220;300&#215;200&#8243;][vc_column_text]<\/p>\n<h6>Unser Vorstand (v.l.n.r.): Antonie Joseph, Heinz K\u00fclkens, Ludger Derrix (Vorsitzender), Joachim Domogala, Antje Freudenberg<\/h6>\n<p>[\/vc_column_text][\/vc_column][vc_column width=&#8220;2\/3&#8243;][vc_column_text]<\/p>\n<h2>Wer wir sind \u2026<\/h2>\n<p>Der 1989 gegr\u00fcndete Verein \u201eEine Welt\u201c &#8211; \u00f6kumenische Projektgruppe Geldern e.V. ist satzungsgem\u00e4\u00df selbstlos t\u00e4tig und verfolgt keine eigenwirtschaftlichen \u00a0Zwecke.<\/p>\n<p>Er ist vom Finanzamt als gemeinn\u00fctzig anerkannt (siehe \u00a75, Abs.1 Nr.9 KStG i.V. mit \u00a7\u00a751ff. AO).[\/vc_column_text][\/vc_column][\/vc_row][vc_row][vc_column][vc_empty_space][vc_column_text]<\/p>\n<h2>Unsere Ziele \u2026<\/h2>\n<p>Schwerpunkte der Vereinsarbeit sind bis heute:<\/p>\n<ul>\n<li>Das Betreiben eines <strong>Weltladens<\/strong> mit fair gehandelten Produkten.<\/li>\n<li>Die Unterst\u00fctzung von <strong>Projekten<\/strong>, die sich vorwiegend um die Versorgung und Ausbildung von Kindern und Jugendlichen bem\u00fchen.<\/li>\n<li>Die entwicklungspolitische <strong>Bildungsarbeit<\/strong> mit dem Ziel, die Bereitschaft zur Hilfeleistung und zur Zusammenarbeit zu wecken und Entwicklungsprojekte kirchlicher und anderer Institutionen zu f\u00f6rdern.<\/li>\n<\/ul>\n<p>[\/vc_column_text][vc_row_inner][vc_column_inner width=&#8220;1\/3&#8243;][\/vc_column_inner][vc_column_inner width=&#8220;1\/3&#8243;][\/vc_column_inner][vc_column_inner width=&#8220;1\/3&#8243;][\/vc_column_inner][\/vc_row_inner][vc_empty_space][\/vc_column][\/vc_row][vc_row][vc_column width=&#8220;1\/3&#8243;][vc_single_image image=&#8220;231&#8243; img_size=&#8220;300&#215;200&#8243;][\/vc_column][vc_column width=&#8220;2\/3&#8243;][vc_column_text]<\/p>\n<h2>Aktionen \u2026<\/h2>\n<p>Aus verschiedenen Anl\u00e4ssen\u00a0 werden Aktionen durchgef\u00fchrt und Kampagnen gestartet, bei denen der Verein Informationen gibt und bei \u00f6ffentlichen Veranstaltungen pr\u00e4sent ist. Insbesondere die Bildungsarbeit in Schulen mit Workshops und der Unterst\u00fctzung von unterrichtlichen Projekten ist ein wichtiges Bet\u00e4tigungsfeld.[\/vc_column_text][\/vc_column][\/vc_row][vc_row][vc_column][vc_empty_space][vc_column_text]<\/p>\n<h2>Jahresbericht \u2026<\/h2>\n<p>Einmal im Jahr gibt der Vorstand einen Jahresbericht mit einer Zusammenfassung der wichtigsten Ereignisse und Entwicklungen heraus (<a href=\"https:\/\/fair-rhein.de\/geldern\/wp-content\/uploads\/sites\/3\/2023\/11\/Vereinsinfo-2023.pdf\" target=\"_blank\" rel=\"noopener noreferrer\">Jahresbericht 2023 als PDF<\/a>).<\/p>\n<p>J\u00e4hrlich findet eine Mitgliederversammlung des Vereins statt. Die Beschl\u00fcsse werden als Protokoll im Laden ausgeh\u00e4ngt.[\/vc_column_text][vc_empty_space][vc_column_text]<\/p>\n<h2>Unterst\u00fctzen Sie uns \u2026<\/h2>\n<p>Wenn Sie unsere Arbeit unterst\u00fctzen m\u00f6chten, k\u00f6nnen Sie dies auf vielf\u00e4ltige Weise tun:<\/p>\n<ul>\n<li><strong>Werden Sie Kunde<\/strong> und kaufen Sie fair gehandelte Produkte im Weltladen.<\/li>\n<li><strong>\u00dcbernehmen Sie Ladendienste<\/strong> (z.B. 1-2 monatlich) und verkaufen Sie unsere Waren.<\/li>\n<li><strong>Werden Sie Mitglied<\/strong> im Eine Welt Verein<\/li>\n<li><strong>Unterst\u00fctzen Sie uns finanziell<\/strong>:<br \/>\nVereinskonto f\u00fcr Spenden<br \/>\nIBAN DE06 3206 1384 0104 2670 17<br \/>\nBIC GENODED1GDL<br \/>\nDurch pers\u00f6nliche Kontakte k\u00f6nnen wir sicherstellen, dass unsere Spenden auch dort ankommen, wo sie gebraucht werden.<\/li>\n<\/ul>\n<p>[\/vc_column_text][\/vc_column][\/vc_row]<\/p>\n<\/div>","protected":false},"excerpt":{"rendered":"<p>[vc_row][vc_column][vc_column_text] Verein [\/vc_column_text][\/vc_column][\/vc_row][vc_row][vc_column width=&#8220;1\/3&#8243;][vc_single_image image=&#8220;1951&#8243; img_size=&#8220;300&#215;200&#8243;][vc_column_text] Unser Vorstand (v.l.n.r.): Antonie Joseph, Heinz K\u00fclkens, Ludger Derrix (Vorsitzender), Joachim Domogala, Antje Freudenberg&hellip;<\/p>\n","protected":false},"author":23,"featured_media":0,"parent":0,"menu_order":0,"comment_status":"closed","ping_status":"closed","template":"","meta":{"footnotes":""},"class_list":["post-80","page","type-page","status-publish","hentry","description-off"],"_links":{"self":[{"href":"https:\/\/fair-rhein.de\/geldern\/wp-json\/wp\/v2\/pages\/80","targetHints":{"allow":["GET"]}}],"collection":[{"href":"https:\/\/fair-rhein.de\/geldern\/wp-json\/wp\/v2\/pages"}],"about":[{"href":"https:\/\/fair-rhein.de\/geldern\/wp-json\/wp\/v2\/types\/page"}],"author":[{"embeddable":true,"href":"https:\/\/fair-rhein.de\/geldern\/wp-json\/wp\/v2\/users\/23"}],"replies":[{"embeddable":true,"href":"https:\/\/fair-rhein.de\/geldern\/wp-json\/wp\/v2\/comments?post=80"}],"version-history":[{"count":20,"href":"https:\/\/fair-rhein.de\/geldern\/wp-json\/wp\/v2\/pages\/80\/revisions"}],"predecessor-version":[{"id":2774,"href":"https:\/\/fair-rhein.de\/geldern\/wp-json\/wp\/v2\/pages\/80\/revisions\/2774"}],"wp:attachment":[{"href":"https:\/\/fair-rhein.de\/geldern\/wp-json\/wp\/v2\/media?parent=80"}],"curies":[{"name":"wp","href":"https:\/\/api.w.org\/{rel}","templated":true}]}}