{"id":4,"date":"2017-12-08T11:54:23","date_gmt":"2017-12-08T10:54:23","guid":{"rendered":"https:\/\/fair-rhein.de\/hamminkeln\/?page_id=4"},"modified":"2026-04-02T13:40:28","modified_gmt":"2026-04-02T11:40:28","slug":"startseite","status":"publish","type":"page","link":"https:\/\/fair-rhein.de\/hamminkeln\/","title":{"rendered":"Startseite"},"content":{"rendered":"<div class=\"wpb-content-wrapper\"><p>[vc_row][vc_column][vc_column_text]<\/p>\n<h2>Willkommen beim Weltladen Hamminkeln !<\/h2>\n<p>[\/vc_column_text][\/vc_column][\/vc_row][vc_row][vc_column][vc_column_text]Unser Weltladen und der Faire Handel haben viel zu bieten &#8230; Besuchen Sie uns und gehen Sie auf Entdeckungsreise![\/vc_column_text][\/vc_column][\/vc_row][vc_row][vc_column][vc_separator][vc_column_text css=&#8220;&#8220;]<\/p>\n<h1 style=\"text-align: center\"><strong><span style=\"color: #ff0000\">Aktuell<\/span><\/strong><\/h1>\n<h3 style=\"text-align: center\">Neu in unserem Sortiment:<\/h3>\n<p style=\"text-align: center\">Passierte Tomaten ohne Gift und Mafia<\/p>\n<p>&nbsp;<\/p>\n<p style=\"text-align: center\"><img loading=\"lazy\" decoding=\"async\" class=\"size-medium wp-image-1413 aligncenter\" src=\"https:\/\/fair-rhein.de\/hamminkeln\/wp-content\/uploads\/sites\/10\/2026\/04\/IMG_20260401_103509-225x300.jpg\" alt=\"\" width=\"225\" height=\"300\" srcset=\"https:\/\/fair-rhein.de\/hamminkeln\/wp-content\/uploads\/sites\/10\/2026\/04\/IMG_20260401_103509-225x300.jpg 225w, https:\/\/fair-rhein.de\/hamminkeln\/wp-content\/uploads\/sites\/10\/2026\/04\/IMG_20260401_103509-768x1024.jpg 768w, https:\/\/fair-rhein.de\/hamminkeln\/wp-content\/uploads\/sites\/10\/2026\/04\/IMG_20260401_103509-1152x1536.jpg 1152w, https:\/\/fair-rhein.de\/hamminkeln\/wp-content\/uploads\/sites\/10\/2026\/04\/IMG_20260401_103509-1536x2048.jpg 1536w, https:\/\/fair-rhein.de\/hamminkeln\/wp-content\/uploads\/sites\/10\/2026\/04\/IMG_20260401_103509-scaled.jpg 1920w\" sizes=\"auto, (max-width: 225px) 100vw, 225px\" \/><\/p>\n<p style=\"text-align: left\">Passend zu unserer j\u00e4hrlichen Aktion &#8222;Orangen ohne Gift und Sklaverei&#8220; im Dezember bieten wir jetzt ein Tomatenprodukt an, dass in S\u00fcditalien ohne ausbeuterische und mafi\u00f6se Strukturen erzeugt wird. Unterst\u00fctzen Sie dieses Projekt durch Ihren Kauf und sorgen mit daf\u00fcr, dass die meist als Erntehelfer eingesetzten Fl\u00fcchtlinge ein menschenw\u00fcrdiges Leben f\u00fchren k\u00f6nnen.<\/p>\n<p>&nbsp;<\/p>\n<p style=\"text-align: center\"><span style=\"color: #000000\">Neue Unicef-Karten f\u00fcr Ihre Fr\u00fchlingsgr\u00fc\u00dfe <\/span><span style=\"color: #000000\">eingetroffen!<\/span><\/p>\n<p><img loading=\"lazy\" decoding=\"async\" class=\"size-full wp-image-1321 aligncenter\" src=\"https:\/\/fair-rhein.de\/hamminkeln\/wp-content\/uploads\/sites\/10\/2025\/03\/Screenshot-2025-03-19-at-11-22-50-UNICEF-Deutschland-Mit-uns-koennen-Sie-viel-bewegen.png\" alt=\"\" width=\"262\" height=\"117\" \/><\/p>\n<p style=\"text-align: center\">Wir freuen uns auf Ihren Besuch!<\/p>\n<p style=\"text-align: center\"><span style=\"color: #000000\">Weitere Infos unter &#8222;Aktuelles&#8220;&#8230;<\/span><\/p>\n<p>&nbsp;<\/p>\n<h2><\/h2>\n<p>[\/vc_column_text][vc_column_text]<\/p>\n<p style=\"text-align: center\"><strong>\u00a0<\/strong><\/p>\n<p>&nbsp;<\/p>\n<p>&nbsp;<\/p>\n<p>&nbsp;<\/p>\n<p>[\/vc_column_text][vc_separator][vc_empty_space][\/vc_column][\/vc_row][vc_row type=&#8220;vc_default&#8220; full_width=&#8220;stretch_row&#8220; gap=&#8220;5&#8243; equal_height=&#8220;yes&#8220; css_animation=&#8220;fadeIn&#8220; bg_type=&#8220;bg_color&#8220; bg_color_value=&#8220;#f4f4f4&#8243; el_class=&#8220;silbentrennung&#8220;][vc_column width=&#8220;1\/2&#8243;][vc_single_image image=&#8220;767&#8243; img_size=&#8220;full&#8220; onclick=&#8220;custom_link&#8220; lazy_loading=&#8220;true&#8220; link=&#8220;https:\/\/fair-rhein.de\/hamminkeln\/weltladen\/&#8220;][vc_column_text]<\/p>\n<h4><strong>Weltladen<\/strong><\/h4>\n<p>In unserem Weltladen finden Sie eine gro\u00dfe Auswahl an internationalen Spezialit\u00e4ten. <a href=\"https:\/\/fair-rhein.de\/hamminkeln\/weltladen\/\">+\u00a0w\u00e4hlen Sie aus<\/a>[\/vc_column_text][\/vc_column][vc_column width=&#8220;1\/2&#8243;][vc_single_image image=&#8220;649&#8243; img_size=&#8220;full&#8220; onclick=&#8220;custom_link&#8220; link=&#8220;https:\/\/fair-rhein.de\/hamminkeln\/aktuelles\/&#8220;][vc_column_text]<\/p>\n<h4><strong>Aktuelles\u00a0<\/strong><\/h4>\n<p>Hier finden Sie alle Neuigkeiten zu besonderen Aktionen und unsere kommenden Termine. <a href=\"https:\/\/fair-rhein.de\/hamminkeln\/aktuelles\/\">+\u00a0mehr erfahren<\/a>[\/vc_column_text][\/vc_column][\/vc_row][vc_row type=&#8220;vc_default&#8220; full_width=&#8220;stretch_row&#8220; gap=&#8220;5&#8243; equal_height=&#8220;yes&#8220; css_animation=&#8220;fadeIn&#8220; bg_type=&#8220;bg_color&#8220; bg_color_value=&#8220;#f4f4f4&#8243; el_class=&#8220;silbentrennung&#8220;][vc_column width=&#8220;1\/2&#8243;][vc_single_image image=&#8220;652&#8243; img_size=&#8220;full&#8220; onclick=&#8220;custom_link&#8220; link=&#8220;https:\/\/fair-rhein.de\/hamminkeln\/fairer-handel\/&#8220;][vc_column_text]<\/p>\n<h4><strong>Fairer Handel<\/strong><\/h4>\n<p>Fairer Handel leistet einen Beitrag zu sozial verantwortlicher, nachhaltiger Entwicklung und setzt auf Dialog, Transparenz und Respekt. <a href=\"https:\/\/fair-rhein.de\/hamminkeln\/fairer-handel\/\">+\u00a0weiterlesen<\/a>[\/vc_column_text][\/vc_column][vc_column width=&#8220;1\/2&#8243;][vc_single_image image=&#8220;803&#8243; img_size=&#8220;full&#8220; onclick=&#8220;custom_link&#8220; link=&#8220;https:\/\/fair-rhein.de\/hamminkeln\/verein\/&#8220;][vc_column_text]<\/p>\n<h4><strong>Verein<\/strong><\/h4>\n<p>Der Eine-Weltladen-Hamminkeln e. V. wurde 2004 gegr\u00fcndet. Inzwischen arbeiten wir in einem Team von 17 ehrenamtlichen Mitarbeiter*innen. <a href=\"https:\/\/fair-rhein.de\/hamminkeln\/verein\/\">+\u00a0weiterlesen<\/a>[\/vc_column_text][\/vc_column][\/vc_row][vc_row][vc_column][vc_empty_space][\/vc_column][\/vc_row]<\/p>\n<\/div>","protected":false},"excerpt":{"rendered":"<p>[vc_row][vc_column][vc_column_text] Willkommen beim ! [\/vc_column_text][\/vc_column][\/vc_row][vc_row][vc_column][vc_column_text]Unser Weltladen und der Faire Handel haben viel zu bieten &#8230; Besuchen Sie uns und gehen&hellip;<\/p>\n","protected":false},"author":23,"featured_media":0,"parent":0,"menu_order":0,"comment_status":"closed","ping_status":"closed","template":"","meta":{"footnotes":""},"class_list":["post-4","page","type-page","status-publish","hentry","description-off"],"yoast_head":"<!-- This site is optimized with the Yoast SEO plugin v23.4 - https:\/\/yoast.com\/wordpress\/plugins\/seo\/ -->\n<title>Weltladen Hamminkeln | Faire Produkte<\/title>\n<meta name=\"description\" content=\"Willkommen im Weltladen Hamminkeln ! Unser Weltladen und der Faire Handel haben viel zu bieten \u2026 Besuchen Sie uns und gehen Sie auf Entdeckungsreise!\" \/>\n<meta name=\"robots\" content=\"index, follow, max-snippet:-1, max-image-preview:large, max-video-preview:-1\" \/>\n<link rel=\"canonical\" href=\"https:\/\/fair-rhein.de\/hamminkeln\/\" \/>\n<meta property=\"og:locale\" content=\"de_DE\" \/>\n<meta property=\"og:type\" content=\"article\" \/>\n<meta property=\"og:title\" content=\"Weltladen Hamminkeln | Faire Produkte\" \/>\n<meta property=\"og:description\" content=\"Willkommen im Weltladen Hamminkeln ! Unser Weltladen und der Faire Handel haben viel zu bieten \u2026 Besuchen Sie uns und gehen Sie auf Entdeckungsreise!\" \/>\n<meta property=\"og:url\" content=\"https:\/\/fair-rhein.de\/hamminkeln\/\" \/>\n<meta property=\"og:site_name\" content=\"Weltladen Hamminkeln\" \/>\n<meta property=\"article:modified_time\" content=\"2026-04-02T11:40:28+00:00\" \/>\n<meta property=\"og:image\" content=\"https:\/\/fair-rhein.de\/hamminkeln\/wp-content\/uploads\/sites\/10\/2026\/04\/IMG_20260401_103509-225x300.jpg\" \/>\n<meta name=\"twitter:card\" content=\"summary_large_image\" \/>\n<meta name=\"twitter:label1\" content=\"Gesch\u00e4tzte Lesezeit\" \/>\n\t<meta name=\"twitter:data1\" content=\"2\u00a0Minuten\" \/>\n<script type=\"application\/ld+json\" class=\"yoast-schema-graph\">{\"@context\":\"https:\/\/schema.org\",\"@graph\":[{\"@type\":\"WebPage\",\"@id\":\"https:\/\/fair-rhein.de\/hamminkeln\/\",\"url\":\"https:\/\/fair-rhein.de\/hamminkeln\/\",\"name\":\"Weltladen Hamminkeln | Faire Produkte\",\"isPartOf\":{\"@id\":\"https:\/\/fair-rhein.de\/hamminkeln\/#website\"},\"primaryImageOfPage\":{\"@id\":\"https:\/\/fair-rhein.de\/hamminkeln\/#primaryimage\"},\"image\":{\"@id\":\"https:\/\/fair-rhein.de\/hamminkeln\/#primaryimage\"},\"thumbnailUrl\":\"https:\/\/fair-rhein.de\/hamminkeln\/wp-content\/uploads\/sites\/10\/2026\/04\/IMG_20260401_103509-225x300.jpg\",\"datePublished\":\"2017-12-08T10:54:23+00:00\",\"dateModified\":\"2026-04-02T11:40:28+00:00\",\"description\":\"Willkommen im Weltladen Hamminkeln ! Unser Weltladen und der Faire Handel haben viel zu bieten \u2026 Besuchen Sie uns und gehen Sie auf Entdeckungsreise!\",\"breadcrumb\":{\"@id\":\"https:\/\/fair-rhein.de\/hamminkeln\/#breadcrumb\"},\"inLanguage\":\"de\",\"potentialAction\":[{\"@type\":\"ReadAction\",\"target\":[\"https:\/\/fair-rhein.de\/hamminkeln\/\"]}]},{\"@type\":\"ImageObject\",\"inLanguage\":\"de\",\"@id\":\"https:\/\/fair-rhein.de\/hamminkeln\/#primaryimage\",\"url\":\"https:\/\/fair-rhein.de\/hamminkeln\/wp-content\/uploads\/sites\/10\/2026\/04\/IMG_20260401_103509-scaled.jpg\",\"contentUrl\":\"https:\/\/fair-rhein.de\/hamminkeln\/wp-content\/uploads\/sites\/10\/2026\/04\/IMG_20260401_103509-scaled.jpg\",\"width\":1920,\"height\":2560},{\"@type\":\"BreadcrumbList\",\"@id\":\"https:\/\/fair-rhein.de\/hamminkeln\/#breadcrumb\",\"itemListElement\":[{\"@type\":\"ListItem\",\"position\":1,\"name\":\"Startseite\",\"item\":\"https:\/\/fair-rhein.de\/hamminkeln\/\"},{\"@type\":\"ListItem\",\"position\":2,\"name\":\"Startseite\"}]},{\"@type\":\"WebSite\",\"@id\":\"https:\/\/fair-rhein.de\/hamminkeln\/#website\",\"url\":\"https:\/\/fair-rhein.de\/hamminkeln\/\",\"name\":\"Weltladen Hamminkeln\",\"description\":\"Fairer Handel in Hamminkeln\",\"publisher\":{\"@id\":\"https:\/\/fair-rhein.de\/hamminkeln\/#organization\"},\"potentialAction\":[{\"@type\":\"SearchAction\",\"target\":{\"@type\":\"EntryPoint\",\"urlTemplate\":\"https:\/\/fair-rhein.de\/hamminkeln\/?s={search_term_string}\"},\"query-input\":{\"@type\":\"PropertyValueSpecification\",\"valueRequired\":true,\"valueName\":\"search_term_string\"}}],\"inLanguage\":\"de\"},{\"@type\":\"Organization\",\"@id\":\"https:\/\/fair-rhein.de\/hamminkeln\/#organization\",\"name\":\"Weltladen Hamminkeln\",\"url\":\"https:\/\/fair-rhein.de\/hamminkeln\/\",\"logo\":{\"@type\":\"ImageObject\",\"inLanguage\":\"de\",\"@id\":\"https:\/\/fair-rhein.de\/hamminkeln\/#\/schema\/logo\/image\/\",\"url\":\"https:\/\/fair-rhein.de\/hamminkeln\/wp-content\/uploads\/sites\/10\/2020\/04\/hamminkeln-startseite-weltladen-hamminkeln.png\",\"contentUrl\":\"https:\/\/fair-rhein.de\/hamminkeln\/wp-content\/uploads\/sites\/10\/2020\/04\/hamminkeln-startseite-weltladen-hamminkeln.png\",\"width\":400,\"height\":200,\"caption\":\"Weltladen Hamminkeln\"},\"image\":{\"@id\":\"https:\/\/fair-rhein.de\/hamminkeln\/#\/schema\/logo\/image\/\"}}]}<\/script>\n<!-- \/ Yoast SEO plugin. -->","yoast_head_json":{"title":"Weltladen Hamminkeln | Faire Produkte","description":"Willkommen im Weltladen Hamminkeln ! Unser Weltladen und der Faire Handel haben viel zu bieten \u2026 Besuchen Sie uns und gehen Sie auf Entdeckungsreise!","robots":{"index":"index","follow":"follow","max-snippet":"max-snippet:-1","max-image-preview":"max-image-preview:large","max-video-preview":"max-video-preview:-1"},"canonical":"https:\/\/fair-rhein.de\/hamminkeln\/","og_locale":"de_DE","og_type":"article","og_title":"Weltladen Hamminkeln | Faire Produkte","og_description":"Willkommen im Weltladen Hamminkeln ! Unser Weltladen und der Faire Handel haben viel zu bieten \u2026 Besuchen Sie uns und gehen Sie auf Entdeckungsreise!","og_url":"https:\/\/fair-rhein.de\/hamminkeln\/","og_site_name":"Weltladen Hamminkeln","article_modified_time":"2026-04-02T11:40:28+00:00","og_image":[{"url":"https:\/\/fair-rhein.de\/hamminkeln\/wp-content\/uploads\/sites\/10\/2026\/04\/IMG_20260401_103509-225x300.jpg"}],"twitter_card":"summary_large_image","twitter_misc":{"Gesch\u00e4tzte Lesezeit":"2\u00a0Minuten"},"schema":{"@context":"https:\/\/schema.org","@graph":[{"@type":"WebPage","@id":"https:\/\/fair-rhein.de\/hamminkeln\/","url":"https:\/\/fair-rhein.de\/hamminkeln\/","name":"Weltladen Hamminkeln | Faire Produkte","isPartOf":{"@id":"https:\/\/fair-rhein.de\/hamminkeln\/#website"},"primaryImageOfPage":{"@id":"https:\/\/fair-rhein.de\/hamminkeln\/#primaryimage"},"image":{"@id":"https:\/\/fair-rhein.de\/hamminkeln\/#primaryimage"},"thumbnailUrl":"https:\/\/fair-rhein.de\/hamminkeln\/wp-content\/uploads\/sites\/10\/2026\/04\/IMG_20260401_103509-225x300.jpg","datePublished":"2017-12-08T10:54:23+00:00","dateModified":"2026-04-02T11:40:28+00:00","description":"Willkommen im Weltladen Hamminkeln ! Unser Weltladen und der Faire Handel haben viel zu bieten \u2026 Besuchen Sie uns und gehen Sie auf Entdeckungsreise!","breadcrumb":{"@id":"https:\/\/fair-rhein.de\/hamminkeln\/#breadcrumb"},"inLanguage":"de","potentialAction":[{"@type":"ReadAction","target":["https:\/\/fair-rhein.de\/hamminkeln\/"]}]},{"@type":"ImageObject","inLanguage":"de","@id":"https:\/\/fair-rhein.de\/hamminkeln\/#primaryimage","url":"https:\/\/fair-rhein.de\/hamminkeln\/wp-content\/uploads\/sites\/10\/2026\/04\/IMG_20260401_103509-scaled.jpg","contentUrl":"https:\/\/fair-rhein.de\/hamminkeln\/wp-content\/uploads\/sites\/10\/2026\/04\/IMG_20260401_103509-scaled.jpg","width":1920,"height":2560},{"@type":"BreadcrumbList","@id":"https:\/\/fair-rhein.de\/hamminkeln\/#breadcrumb","itemListElement":[{"@type":"ListItem","position":1,"name":"Startseite","item":"https:\/\/fair-rhein.de\/hamminkeln\/"},{"@type":"ListItem","position":2,"name":"Startseite"}]},{"@type":"WebSite","@id":"https:\/\/fair-rhein.de\/hamminkeln\/#website","url":"https:\/\/fair-rhein.de\/hamminkeln\/","name":"Weltladen Hamminkeln","description":"Fairer Handel in Hamminkeln","publisher":{"@id":"https:\/\/fair-rhein.de\/hamminkeln\/#organization"},"potentialAction":[{"@type":"SearchAction","target":{"@type":"EntryPoint","urlTemplate":"https:\/\/fair-rhein.de\/hamminkeln\/?s={search_term_string}"},"query-input":{"@type":"PropertyValueSpecification","valueRequired":true,"valueName":"search_term_string"}}],"inLanguage":"de"},{"@type":"Organization","@id":"https:\/\/fair-rhein.de\/hamminkeln\/#organization","name":"Weltladen Hamminkeln","url":"https:\/\/fair-rhein.de\/hamminkeln\/","logo":{"@type":"ImageObject","inLanguage":"de","@id":"https:\/\/fair-rhein.de\/hamminkeln\/#\/schema\/logo\/image\/","url":"https:\/\/fair-rhein.de\/hamminkeln\/wp-content\/uploads\/sites\/10\/2020\/04\/hamminkeln-startseite-weltladen-hamminkeln.png","contentUrl":"https:\/\/fair-rhein.de\/hamminkeln\/wp-content\/uploads\/sites\/10\/2020\/04\/hamminkeln-startseite-weltladen-hamminkeln.png","width":400,"height":200,"caption":"Weltladen Hamminkeln"},"image":{"@id":"https:\/\/fair-rhein.de\/hamminkeln\/#\/schema\/logo\/image\/"}}]}},"_links":{"self":[{"href":"https:\/\/fair-rhein.de\/hamminkeln\/wp-json\/wp\/v2\/pages\/4","targetHints":{"allow":["GET"]}}],"collection":[{"href":"https:\/\/fair-rhein.de\/hamminkeln\/wp-json\/wp\/v2\/pages"}],"about":[{"href":"https:\/\/fair-rhein.de\/hamminkeln\/wp-json\/wp\/v2\/types\/page"}],"author":[{"embeddable":true,"href":"https:\/\/fair-rhein.de\/hamminkeln\/wp-json\/wp\/v2\/users\/23"}],"replies":[{"embeddable":true,"href":"https:\/\/fair-rhein.de\/hamminkeln\/wp-json\/wp\/v2\/comments?post=4"}],"version-history":[{"count":203,"href":"https:\/\/fair-rhein.de\/hamminkeln\/wp-json\/wp\/v2\/pages\/4\/revisions"}],"predecessor-version":[{"id":1414,"href":"https:\/\/fair-rhein.de\/hamminkeln\/wp-json\/wp\/v2\/pages\/4\/revisions\/1414"}],"wp:attachment":[{"href":"https:\/\/fair-rhein.de\/hamminkeln\/wp-json\/wp\/v2\/media?parent=4"}],"curies":[{"name":"wp","href":"https:\/\/api.w.org\/{rel}","templated":true}]}}