{"id":80,"date":"2018-01-15T20:34:54","date_gmt":"2018-01-15T19:34:54","guid":{"rendered":"https:\/\/fair-rhein.de\/hamminkeln\/?page_id=80"},"modified":"2021-09-11T17:05:42","modified_gmt":"2021-09-11T15:05:42","slug":"verein","status":"publish","type":"page","link":"https:\/\/fair-rhein.de\/hamminkeln\/verein\/","title":{"rendered":"Verein"},"content":{"rendered":"<div class=\"wpb-content-wrapper\"><p>[vc_row][vc_column][vc_column_text]<\/p>\n<h1>Verein<\/h1>\n<p>[\/vc_column_text][\/vc_column][\/vc_row][vc_row][vc_column][vc_column_text]<\/p>\n<h2>Wer wir sind \u2026<\/h2>\n<p>Gegr\u00fcndet wurde der Eine-Weltladen-Hamminkeln e. V. von Monika Scholz mit einer kleinen Gruppe ehrenamtlich engagierter Mitstreiter*innen. Im Jahre 2004 er\u00f6ffneten sie das kleine Ladenlokal an der Molkereistr.\/Ecke Diersfordter Str. im Ortsteil Hamminkeln. Aber schon in den Jahren zuvor hatte sie mit den Pfadfindern fair gehandelte Produkte im katholischen Pfarrheim angeboten. Inzwischen arbeiten wir in einem Team von 13 ehrenamtlichen Mitarbeiter*innen, die haupts\u00e4chlich im Ladendienst t\u00e4tig sind.<\/p>\n<p>Im Vorstand arbeiten zurzeit: Angela Kirchkamp, 1. Vorsitzende; Petra M\u00f6llenbeck und Gerda van Haren als stellvertretende Vorsitzende; Volker M\u00f6llenbeck, Kassierer und Schriftf\u00fchrer[\/vc_column_text][\/vc_column][\/vc_row][vc_row][vc_column][vc_empty_space][vc_column_text]<\/p>\n<h2>Unsere Ziele \u2026<\/h2>\n<p>Schwerpunkte der Vereinsarbeit sind bis heute:<\/p>\n<ul>\n<li>Das Betreiben eines <strong>Weltladens<\/strong> mit fair gehandelten Produkten.<\/li>\n<li>Auftreten bei \u00f6ffentlichen Veranstaltungen mit einem Verkaufsstand und Info-Material.<\/li>\n<li>Die Unterst\u00fctzung von <strong>Projekten<\/strong>, z.B. in der &#8222;<strong>Fairen Woche<\/strong>&#8222;.<\/li>\n<li>Die entwicklungspolitische <strong>Bildungsarbeit<\/strong> mit dem Ziel, die Bereitschaft zur Hilfeleistung und zur Zusammenarbeit zu wecken und Entwicklungsprojekte kirchlicher und anderer Institutionen zu f\u00f6rdern.<\/li>\n<\/ul>\n<p>[\/vc_column_text][vc_empty_space][\/vc_column][\/vc_row][vc_row][vc_column][vc_column_text]<\/p>\n<h2>Unterst\u00fctzen Sie uns \u2026<\/h2>\n<p>Wenn Sie unsere Arbeit unterst\u00fctzen m\u00f6chten, k\u00f6nnen Sie dies auf vielf\u00e4ltige Weise tun:<\/p>\n<ul>\n<li><strong>Werden Sie Kunde<\/strong> und kaufen Sie fair gehandelte Produkte im Weltladen.<\/li>\n<li><strong>\u00dcbernehmen Sie Ladendienste<\/strong> (z.B. zweimal monatlich)<\/li>\n<li><strong>Unterst\u00fctzen<\/strong> Sie uns bei der <strong>\u00d6ffentlichkeitsarbeit, <\/strong>z.B. in der &#8222;Fairen Woche&#8220;, bei der Pressearbeit.\u00a0 Hier und da brauchen wir auch schon mal kr\u00e4ftige H\u00e4nde beim Standaufbau auf saisonalen M\u00e4rkten.<\/li>\n<\/ul>\n<p>[\/vc_column_text][vc_empty_space][\/vc_column][\/vc_row][vc_row type=&#8220;vc_default&#8220; bg_type=&#8220;bg_color&#8220; css=&#8220;.vc_custom_1585894006965{padding-top: 20px !important;padding-right: 20px !important;padding-bottom: 20px !important;padding-left: 20px !important;}&#8220; bg_color_value=&#8220;#f4e4be&#8220;][vc_column][vc_column_text]<\/p>\n<h3>Mitarbeit im Weltladen<\/h3>\n<p>Wir suchen Menschen, die Lust haben, sich ehrenamtlich f\u00fcr eine offene, transparente, \u00f6kologische und nachhaltige Form des Wirtschaftens zu engagieren. Ob im Verkauf, der Informations- oder Bildungsarbeit \u2013 die M\u00f6glichkeiten, in unserem Team mitzumachen sind vielf\u00e4ltig und lassen sich bestimmt auch in Ihren Alltag integrieren! Neben regelm\u00e4\u00dfigen Aufgaben gibt es bei uns auch immer wieder einzelne zeitlich befristete Projekte, f\u00fcr die wir Unterst\u00fctzer*innen suchen. Viele Aufgaben erfordern keine speziellen Vorkenntnisse, sondern nur Bereitschaft, Ihre F\u00e4higkeiten einzubringen und eventuell in neuen Bereichen dazuzulernen.<\/p>\n<p>Wir bieten \u2026<\/p>\n<ul>\n<li>ein offenes Team aus ehrenamtlich Engagierten mit vielf\u00e4ltigen M\u00f6glichkeiten, sich selbst einzubringen<\/li>\n<li>eine Gemeinschaft, die Sie herzlich aufnimmt, einarbeitet und bei Fragen zur Verf\u00fcgung steht<\/li>\n<li>Fortbildungsm\u00f6glichkeiten nach Ihren Interessen und Aufgaben (Einkauf, Verkauf, Dekoration, Aktionen, usw.).<\/li>\n<\/ul>\n<p><strong>Wir freuen uns auf Sie!<\/strong><\/p>\n<p>Ansprechpartnerin: Angela Kirchkamp, Tel.: 02852 \/ 56 63, <a href=\"mailto:info@weltladen-hamminkeln.de\">info@weltladen-hamminkeln.de<\/a>[\/vc_column_text][\/vc_column][\/vc_row]<\/p>\n<\/div>","protected":false},"excerpt":{"rendered":"<p>[vc_row][vc_column][vc_column_text] Verein [\/vc_column_text][\/vc_column][\/vc_row][vc_row][vc_column][vc_column_text] Wer wir sind \u2026 Gegr\u00fcndet wurde der Eine-Weltladen-Hamminkeln e. V. von Monika Scholz mit einer kleinen Gruppe&hellip;<\/p>\n","protected":false},"author":23,"featured_media":0,"parent":0,"menu_order":0,"comment_status":"closed","ping_status":"closed","template":"","meta":{"footnotes":""},"class_list":["post-80","page","type-page","status-publish","hentry","description-off"],"yoast_head":"<!-- This site is optimized with the Yoast SEO plugin v23.4 - https:\/\/yoast.com\/wordpress\/plugins\/seo\/ -->\n<title>Verein - Weltladen Hamminkeln<\/title>\n<meta name=\"description\" content=\"Der 1989 gegr\u00fcndete Verein \u201eEin Welt\u201c \u2013 \u00f6kumenische Projektgruppe Geldern e.V. ist satzungsgem\u00e4\u00df selbstlos t\u00e4tig und verfolgt keine eigenwirtschaftlichen Zwecke. Schwerpunkte unserer Vereinsarbeit sind das Betreiben eines Weltladens, die Unterst\u00fctzung von Projekten und die entwicklungspolitische Bildungsarbeit.\" \/>\n<meta name=\"robots\" content=\"index, follow, max-snippet:-1, max-image-preview:large, max-video-preview:-1\" \/>\n<link rel=\"canonical\" href=\"https:\/\/fair-rhein.de\/hamminkeln\/verein\/\" \/>\n<meta property=\"og:locale\" content=\"de_DE\" \/>\n<meta property=\"og:type\" content=\"article\" \/>\n<meta property=\"og:title\" content=\"Verein - Weltladen Hamminkeln\" \/>\n<meta property=\"og:description\" content=\"Der 1989 gegr\u00fcndete Verein \u201eEin Welt\u201c \u2013 \u00f6kumenische Projektgruppe Geldern e.V. ist satzungsgem\u00e4\u00df selbstlos t\u00e4tig und verfolgt keine eigenwirtschaftlichen Zwecke. Schwerpunkte unserer Vereinsarbeit sind das Betreiben eines Weltladens, die Unterst\u00fctzung von Projekten und die entwicklungspolitische Bildungsarbeit.\" \/>\n<meta property=\"og:url\" content=\"https:\/\/fair-rhein.de\/hamminkeln\/verein\/\" \/>\n<meta property=\"og:site_name\" content=\"Weltladen Hamminkeln\" \/>\n<meta property=\"article:modified_time\" content=\"2021-09-11T15:05:42+00:00\" \/>\n<meta name=\"twitter:card\" content=\"summary_large_image\" \/>\n<meta name=\"twitter:label1\" content=\"Gesch\u00e4tzte Lesezeit\" \/>\n\t<meta name=\"twitter:data1\" content=\"2\u00a0Minuten\" \/>\n<script type=\"application\/ld+json\" class=\"yoast-schema-graph\">{\"@context\":\"https:\/\/schema.org\",\"@graph\":[{\"@type\":\"WebPage\",\"@id\":\"https:\/\/fair-rhein.de\/hamminkeln\/verein\/\",\"url\":\"https:\/\/fair-rhein.de\/hamminkeln\/verein\/\",\"name\":\"Verein - Weltladen Hamminkeln\",\"isPartOf\":{\"@id\":\"https:\/\/fair-rhein.de\/hamminkeln\/#website\"},\"datePublished\":\"2018-01-15T19:34:54+00:00\",\"dateModified\":\"2021-09-11T15:05:42+00:00\",\"description\":\"Der 1989 gegr\u00fcndete Verein \u201eEin Welt\u201c \u2013 \u00f6kumenische Projektgruppe Geldern e.V. ist satzungsgem\u00e4\u00df selbstlos t\u00e4tig und verfolgt keine eigenwirtschaftlichen Zwecke. Schwerpunkte unserer Vereinsarbeit sind das Betreiben eines Weltladens, die Unterst\u00fctzung von Projekten und die entwicklungspolitische Bildungsarbeit.\",\"breadcrumb\":{\"@id\":\"https:\/\/fair-rhein.de\/hamminkeln\/verein\/#breadcrumb\"},\"inLanguage\":\"de\",\"potentialAction\":[{\"@type\":\"ReadAction\",\"target\":[\"https:\/\/fair-rhein.de\/hamminkeln\/verein\/\"]}]},{\"@type\":\"BreadcrumbList\",\"@id\":\"https:\/\/fair-rhein.de\/hamminkeln\/verein\/#breadcrumb\",\"itemListElement\":[{\"@type\":\"ListItem\",\"position\":1,\"name\":\"Startseite\",\"item\":\"https:\/\/fair-rhein.de\/hamminkeln\/\"},{\"@type\":\"ListItem\",\"position\":2,\"name\":\"Verein\"}]},{\"@type\":\"WebSite\",\"@id\":\"https:\/\/fair-rhein.de\/hamminkeln\/#website\",\"url\":\"https:\/\/fair-rhein.de\/hamminkeln\/\",\"name\":\"Weltladen Hamminkeln\",\"description\":\"Fairer Handel in Hamminkeln\",\"publisher\":{\"@id\":\"https:\/\/fair-rhein.de\/hamminkeln\/#organization\"},\"potentialAction\":[{\"@type\":\"SearchAction\",\"target\":{\"@type\":\"EntryPoint\",\"urlTemplate\":\"https:\/\/fair-rhein.de\/hamminkeln\/?s={search_term_string}\"},\"query-input\":{\"@type\":\"PropertyValueSpecification\",\"valueRequired\":true,\"valueName\":\"search_term_string\"}}],\"inLanguage\":\"de\"},{\"@type\":\"Organization\",\"@id\":\"https:\/\/fair-rhein.de\/hamminkeln\/#organization\",\"name\":\"Weltladen Hamminkeln\",\"url\":\"https:\/\/fair-rhein.de\/hamminkeln\/\",\"logo\":{\"@type\":\"ImageObject\",\"inLanguage\":\"de\",\"@id\":\"https:\/\/fair-rhein.de\/hamminkeln\/#\/schema\/logo\/image\/\",\"url\":\"https:\/\/fair-rhein.de\/hamminkeln\/wp-content\/uploads\/sites\/10\/2020\/04\/hamminkeln-startseite-weltladen-hamminkeln.png\",\"contentUrl\":\"https:\/\/fair-rhein.de\/hamminkeln\/wp-content\/uploads\/sites\/10\/2020\/04\/hamminkeln-startseite-weltladen-hamminkeln.png\",\"width\":400,\"height\":200,\"caption\":\"Weltladen Hamminkeln\"},\"image\":{\"@id\":\"https:\/\/fair-rhein.de\/hamminkeln\/#\/schema\/logo\/image\/\"}}]}<\/script>\n<!-- \/ Yoast SEO plugin. -->","yoast_head_json":{"title":"Verein - Weltladen Hamminkeln","description":"Der 1989 gegr\u00fcndete Verein \u201eEin Welt\u201c \u2013 \u00f6kumenische Projektgruppe Geldern e.V. ist satzungsgem\u00e4\u00df selbstlos t\u00e4tig und verfolgt keine eigenwirtschaftlichen Zwecke. Schwerpunkte unserer Vereinsarbeit sind das Betreiben eines Weltladens, die Unterst\u00fctzung von Projekten und die entwicklungspolitische Bildungsarbeit.","robots":{"index":"index","follow":"follow","max-snippet":"max-snippet:-1","max-image-preview":"max-image-preview:large","max-video-preview":"max-video-preview:-1"},"canonical":"https:\/\/fair-rhein.de\/hamminkeln\/verein\/","og_locale":"de_DE","og_type":"article","og_title":"Verein - Weltladen Hamminkeln","og_description":"Der 1989 gegr\u00fcndete Verein \u201eEin Welt\u201c \u2013 \u00f6kumenische Projektgruppe Geldern e.V. ist satzungsgem\u00e4\u00df selbstlos t\u00e4tig und verfolgt keine eigenwirtschaftlichen Zwecke. Schwerpunkte unserer Vereinsarbeit sind das Betreiben eines Weltladens, die Unterst\u00fctzung von Projekten und die entwicklungspolitische Bildungsarbeit.","og_url":"https:\/\/fair-rhein.de\/hamminkeln\/verein\/","og_site_name":"Weltladen Hamminkeln","article_modified_time":"2021-09-11T15:05:42+00:00","twitter_card":"summary_large_image","twitter_misc":{"Gesch\u00e4tzte Lesezeit":"2\u00a0Minuten"},"schema":{"@context":"https:\/\/schema.org","@graph":[{"@type":"WebPage","@id":"https:\/\/fair-rhein.de\/hamminkeln\/verein\/","url":"https:\/\/fair-rhein.de\/hamminkeln\/verein\/","name":"Verein - Weltladen Hamminkeln","isPartOf":{"@id":"https:\/\/fair-rhein.de\/hamminkeln\/#website"},"datePublished":"2018-01-15T19:34:54+00:00","dateModified":"2021-09-11T15:05:42+00:00","description":"Der 1989 gegr\u00fcndete Verein \u201eEin Welt\u201c \u2013 \u00f6kumenische Projektgruppe Geldern e.V. ist satzungsgem\u00e4\u00df selbstlos t\u00e4tig und verfolgt keine eigenwirtschaftlichen Zwecke. Schwerpunkte unserer Vereinsarbeit sind das Betreiben eines Weltladens, die Unterst\u00fctzung von Projekten und die entwicklungspolitische Bildungsarbeit.","breadcrumb":{"@id":"https:\/\/fair-rhein.de\/hamminkeln\/verein\/#breadcrumb"},"inLanguage":"de","potentialAction":[{"@type":"ReadAction","target":["https:\/\/fair-rhein.de\/hamminkeln\/verein\/"]}]},{"@type":"BreadcrumbList","@id":"https:\/\/fair-rhein.de\/hamminkeln\/verein\/#breadcrumb","itemListElement":[{"@type":"ListItem","position":1,"name":"Startseite","item":"https:\/\/fair-rhein.de\/hamminkeln\/"},{"@type":"ListItem","position":2,"name":"Verein"}]},{"@type":"WebSite","@id":"https:\/\/fair-rhein.de\/hamminkeln\/#website","url":"https:\/\/fair-rhein.de\/hamminkeln\/","name":"Weltladen Hamminkeln","description":"Fairer Handel in Hamminkeln","publisher":{"@id":"https:\/\/fair-rhein.de\/hamminkeln\/#organization"},"potentialAction":[{"@type":"SearchAction","target":{"@type":"EntryPoint","urlTemplate":"https:\/\/fair-rhein.de\/hamminkeln\/?s={search_term_string}"},"query-input":{"@type":"PropertyValueSpecification","valueRequired":true,"valueName":"search_term_string"}}],"inLanguage":"de"},{"@type":"Organization","@id":"https:\/\/fair-rhein.de\/hamminkeln\/#organization","name":"Weltladen Hamminkeln","url":"https:\/\/fair-rhein.de\/hamminkeln\/","logo":{"@type":"ImageObject","inLanguage":"de","@id":"https:\/\/fair-rhein.de\/hamminkeln\/#\/schema\/logo\/image\/","url":"https:\/\/fair-rhein.de\/hamminkeln\/wp-content\/uploads\/sites\/10\/2020\/04\/hamminkeln-startseite-weltladen-hamminkeln.png","contentUrl":"https:\/\/fair-rhein.de\/hamminkeln\/wp-content\/uploads\/sites\/10\/2020\/04\/hamminkeln-startseite-weltladen-hamminkeln.png","width":400,"height":200,"caption":"Weltladen Hamminkeln"},"image":{"@id":"https:\/\/fair-rhein.de\/hamminkeln\/#\/schema\/logo\/image\/"}}]}},"_links":{"self":[{"href":"https:\/\/fair-rhein.de\/hamminkeln\/wp-json\/wp\/v2\/pages\/80","targetHints":{"allow":["GET"]}}],"collection":[{"href":"https:\/\/fair-rhein.de\/hamminkeln\/wp-json\/wp\/v2\/pages"}],"about":[{"href":"https:\/\/fair-rhein.de\/hamminkeln\/wp-json\/wp\/v2\/types\/page"}],"author":[{"embeddable":true,"href":"https:\/\/fair-rhein.de\/hamminkeln\/wp-json\/wp\/v2\/users\/23"}],"replies":[{"embeddable":true,"href":"https:\/\/fair-rhein.de\/hamminkeln\/wp-json\/wp\/v2\/comments?post=80"}],"version-history":[{"count":19,"href":"https:\/\/fair-rhein.de\/hamminkeln\/wp-json\/wp\/v2\/pages\/80\/revisions"}],"predecessor-version":[{"id":950,"href":"https:\/\/fair-rhein.de\/hamminkeln\/wp-json\/wp\/v2\/pages\/80\/revisions\/950"}],"wp:attachment":[{"href":"https:\/\/fair-rhein.de\/hamminkeln\/wp-json\/wp\/v2\/media?parent=80"}],"curies":[{"name":"wp","href":"https:\/\/api.w.org\/{rel}","templated":true}]}}