{"id":56,"date":"2017-12-13T09:19:11","date_gmt":"2017-12-13T08:19:11","guid":{"rendered":"https:\/\/fair-rhein.de\/kalkar\/?page_id=56"},"modified":"2018-01-19T08:42:57","modified_gmt":"2018-01-19T07:42:57","slug":"impressum","status":"publish","type":"page","link":"https:\/\/fair-rhein.de\/kalkar\/impressum\/","title":{"rendered":"Impressum"},"content":{"rendered":"<div class=\"wpb-content-wrapper\"><p>[vc_row][vc_column][vc_column_text]<\/p>\n<h1>Impressum<\/h1>\n<h2>Angaben gem\u00e4\u00df \u00a7 5 TMG:<\/h2>\n<p>Weltladen Kalkar <br \/>\nEine-Welt-Gruppe Kalkar e.V.<br \/>\nMonrestra\u00dfe 10 <br \/>\n47546 Kalkar <\/p>\n<p>&nbsp;<\/p>\n<h2>Vertreten durch:<\/h2>\n<p>&nbsp;<\/p>\nVorstandsvorsitzende: Hildegard Minten (Anschrift wie oben)\n<p>&nbsp;<\/p>\n<h2>Kontakt:<\/h2>\nTel.: 0157. 73840386\ninfo@weltladen-kalkar.de\n<p>&nbsp;<\/p>\n<h2>Aufsichtsbeh\u00f6rde:<\/h2>\n<p>Registergericht: Finanzamt Kleve<\/p>\n<p>Registernummer: VR 1202<\/p>\n<p>Str.-Nr.: 116\/5745\/9908<\/p>\n<p>Umsatzsteuer-Identifikationsnummer gem\u00e4\u00df \u00a727 a Umsatzsteuergesetz:<br \/>\nDE 259 865 757 <\/p>\n<p>&nbsp;<\/p>\n<h1>Haftungsausschluss (Disclaimer)<\/h1>\n<p><strong>Haftung f\u00fcr Inhalte<\/strong><\/p>\n<p>Als Diensteanbieter sind wir gem\u00e4\u00df \u00a7 7 Abs.1 TMG f\u00fcr eigene Inhalte auf diesen Seiten nach den allgemeinen Gesetzen verantwortlich. Nach \u00a7\u00a7 8 bis 10 TMG sind wir als Diensteanbieter jedoch nicht verpflichtet, \u00fcbermittelte oder gespeicherte fremde Informationen zu \u00fcberwachen oder nach Umst\u00e4nden zu forschen, die auf eine rechtswidrige T\u00e4tigkeit hinweisen.<\/p>\n<p>Verpflichtungen zur Entfernung oder Sperrung der Nutzung von Informationen nach den allgemeinen Gesetzen bleiben hiervon unber\u00fchrt. Eine diesbez\u00fcgliche Haftung ist jedoch erst ab dem Zeitpunkt der Kenntnis einer konkreten Rechtsverletzung m\u00f6glich. Bei Bekanntwerden von entsprechenden Rechtsverletzungen werden wir diese Inhalte umgehend entfernen.<\/p>\n<p><strong>Haftung f\u00fcr Links<\/strong><\/p>\n<p>Unser Angebot enth\u00e4lt Links zu externen Webseiten Dritter, auf deren Inhalte wir keinen Einfluss haben. Deshalb k\u00f6nnen wir f\u00fcr diese fremden Inhalte auch keine Gew\u00e4hr \u00fcbernehmen. F\u00fcr die Inhalte der verlinkten Seiten ist stets der jeweilige Anbieter oder Betreiber der Seiten verantwortlich. Die verlinkten Seiten wurden zum Zeitpunkt der Verlinkung auf m\u00f6gliche Rechtsverst\u00f6\u00dfe \u00fcberpr\u00fcft. Rechtswidrige Inhalte waren zum Zeitpunkt der Verlinkung nicht erkennbar.<\/p>\n<p>Eine permanente inhaltliche Kontrolle der verlinkten Seiten ist jedoch ohne konkrete Anhaltspunkte einer Rechtsverletzung nicht zumutbar. Bei Bekanntwerden von Rechtsverletzungen werden wir derartige Links umgehend entfernen.<\/p>\n<p><strong>Urheberrecht<\/strong><\/p>\n<p>Die durch die Seitenbetreiber erstellten Inhalte und Werke auf diesen Seiten unterliegen dem deutschen Urheberrecht. Die Vervielf\u00e4ltigung, Bearbeitung, Verbreitung und jede Art der Verwertung au\u00dferhalb der Grenzen des Urheberrechtes bed\u00fcrfen der schriftlichen Zustimmung des jeweiligen Autors bzw. Erstellers. Downloads und Kopien dieser Seite sind nur f\u00fcr den privaten, nicht kommerziellen Gebrauch gestattet.<\/p>\n<p>Soweit die Inhalte auf dieser Seite nicht vom Betreiber erstellt wurden, werden die Urheberrechte Dritter beachtet. Insbesondere werden Inhalte Dritter als solche gekennzeichnet. Sollten Sie trotzdem auf eine Urheberrechtsverletzung aufmerksam werden, bitten wir um einen entsprechenden Hinweis. Bei Bekanntwerden von Rechtsverletzungen werden wir derartige Inhalte umgehend entfernen.<\/p>\n<p>&nbsp;<\/p>\n<h1>Datenschutzerkl\u00e4rung<\/h1>\n<p><strong>Datenschutzerkl\u00e4rung wegen der Verwendung von Piwik<\/strong><br \/>\nAuf unserer Internetseite wird der Webanalysedienst Piwik eingesetzt. Piwik ist eine Open-Source-Software, welche die Zugriffe der Webseitenbesucher auswertet. Die Analyse wird mittels Cookies, das sind Textdateien, erm\u00f6glicht. Die Cookies sammeln Informationen hinsichtlich Ihrer Nutzung unserer Internetseite. Diese werden auf auf einem deutschen Server gespeichert. Ihre IP-Adresse wird noch zuvor anonymisiert. Sie haben allerdings die M\u00f6glichkeit, zu verhindern, dass Cookies von Piwik auf Ihrem Computer gespeichert werden. Hierzu m\u00fcssen Sie die Einstellungen an Ihrem Internetbrowser entsprechend modifizieren. Dies kann dazu f\u00fchren, dass Sie unsere Internetseite nicht im kompletten Umfang verwenden k\u00f6nnen.[\/vc_column_text][\/vc_column][\/vc_row]<\/p>\n<\/div>","protected":false},"excerpt":{"rendered":"<p>[vc_row][vc_column][vc_column_text] Impressum Angaben gem\u00e4\u00df \u00a7 5 TMG: &nbsp; Vertreten durch: &nbsp; &nbsp; Kontakt: &nbsp; Aufsichtsbeh\u00f6rde: Registergericht: Registernummer: Str.-Nr.: Umsatzsteuer-Identifikationsnummer gem\u00e4\u00df&hellip;<\/p>\n","protected":false},"author":23,"featured_media":0,"parent":0,"menu_order":0,"comment_status":"closed","ping_status":"closed","template":"","meta":{"footnotes":""},"class_list":["post-56","page","type-page","status-publish","hentry","description-off"],"_links":{"self":[{"href":"https:\/\/fair-rhein.de\/kalkar\/wp-json\/wp\/v2\/pages\/56","targetHints":{"allow":["GET"]}}],"collection":[{"href":"https:\/\/fair-rhein.de\/kalkar\/wp-json\/wp\/v2\/pages"}],"about":[{"href":"https:\/\/fair-rhein.de\/kalkar\/wp-json\/wp\/v2\/types\/page"}],"author":[{"embeddable":true,"href":"https:\/\/fair-rhein.de\/kalkar\/wp-json\/wp\/v2\/users\/23"}],"replies":[{"embeddable":true,"href":"https:\/\/fair-rhein.de\/kalkar\/wp-json\/wp\/v2\/comments?post=56"}],"version-history":[{"count":6,"href":"https:\/\/fair-rhein.de\/kalkar\/wp-json\/wp\/v2\/pages\/56\/revisions"}],"predecessor-version":[{"id":182,"href":"https:\/\/fair-rhein.de\/kalkar\/wp-json\/wp\/v2\/pages\/56\/revisions\/182"}],"wp:attachment":[{"href":"https:\/\/fair-rhein.de\/kalkar\/wp-json\/wp\/v2\/media?parent=56"}],"curies":[{"name":"wp","href":"https:\/\/api.w.org\/{rel}","templated":true}]}}