{"id":80,"date":"2018-01-15T20:34:54","date_gmt":"2018-01-15T19:34:54","guid":{"rendered":"https:\/\/fair-rhein.de\/kalkar\/?page_id=80"},"modified":"2019-10-11T07:18:56","modified_gmt":"2019-10-11T05:18:56","slug":"verein","status":"publish","type":"page","link":"https:\/\/fair-rhein.de\/kalkar\/verein\/","title":{"rendered":"Verein"},"content":{"rendered":"<div class=\"wpb-content-wrapper\"><p>[vc_row][vc_column][vc_column_text]<\/p>\n<h1>Verein<\/h1>\n<p>[\/vc_column_text][vc_column_text]<\/p>\n<h2>Wer wir sind &#8230;<\/h2>\n<p>[\/vc_column_text][\/vc_column][\/vc_row][vc_row][vc_column width=&#8220;1\/2&#8243;][vc_single_image image=&#8220;262&#8243; img_size=&#8220;full&#8220;][\/vc_column][vc_column width=&#8220;1\/2&#8243;][vc_column_text]Seit 1992 besteht der Weltladen in Kalkar. Im Jahr 2006 hat sich unsere Eine-Welt-Gruppe gebildet. Wir sind ein eingetragener Verein und haben uns damit verpflichtet gemeinn\u00fctzig t\u00e4tig zu sein. Zu unserem Eine-Welt-Team geh\u00f6ren M\u00e4nner und Frauen, die sich ehrenamtlich engagieren. Wir unterhalten guten Kontakt zur katholischen und evangelischen Kirchengemeinde, zur\u00a0 Stadt Kalkar und dem \u00fcberregionalen Netzwerk des fairen Handels am Niederrhein. Regelm\u00e4\u00dfige Fortbildungen st\u00e4rken uns in unserem Tun und f\u00f6rdern den Austausch mit anderen Gruppen.[\/vc_column_text][\/vc_column][\/vc_row][vc_row][vc_column][vc_empty_space][vc_column_text]<\/p>\n<h2>Unsere Ziele \u2026<\/h2>\n<p>Schwerpunkte der Vereinsarbeit sind bis heute:<\/p>\n<ul>\n<li>Das Betreiben eines <strong>Weltladens<\/strong> mit fair gehandelten Produkten.<\/li>\n<li>Die entwicklungspolitische <strong>Bildungsarbeit<\/strong> mit dem Ziel, die Bereitschaft zur Hilfeleistung und zur Zusammenarbeit zu wecken und Entwicklungsprojekte kirchlicher und anderer Institutionen zu f\u00f6rdern.<\/li>\n<\/ul>\n<p>[\/vc_column_text][vc_empty_space][\/vc_column][\/vc_row][vc_row][vc_column][vc_empty_space][vc_column_text]<\/p>\n<h2>Unterst\u00fctzen Sie uns \u2026<\/h2>\n<p>Wenn Sie unsere Arbeit unterst\u00fctzen m\u00f6chten, k\u00f6nnen Sie dies auf vielf\u00e4ltige Weise tun:<\/p>\n<ul>\n<li><strong>Werden Sie Kunde<\/strong> und kaufen Sie fair gehandelte Produkte im Weltladen.<\/li>\n<li><strong>Werden Sie Mitglied<\/strong> im Verein.<\/li>\n<\/ul>\n<p><strong>Oder machen Sie mit im Weltladen:\u00a0<\/strong><\/p>\n<p>Wir suchen Menschen, die Lust haben, sich ehrenamtlich f\u00fcr eine offene, transparente, \u00f6kologische und nachhaltige Form des Wirtschaftens zu engagieren. Ob im Verkauf, der Informations- oder Bildungsarbeit &#8211; die M\u00f6glichkeiten, in unserem Team mitzumachen sind vielf\u00e4ltig und lassen sich bestimmt auch in Ihren Alltag integrieren! Neben regelm\u00e4\u00dfigen Aufgaben gibt es bei uns auch immer wieder einzelne zeitlich befristete Projekte, f\u00fcr die wir Unterst\u00fctzer\/innen suchen. Viele Aufgaben erfordern keine speziellen Vorkenntnisse, sondern nur Bereitschaft, Ihre F\u00e4higkeiten einzubringen und eventuell in neuen Bereichen dazuzulernen.<\/p>\n<p>Wir bieten &#8230;<\/p>\n<ul>\n<li>ein offenes Team aus Engagierten mit vielf\u00e4ltigen M\u00f6glichkeiten, sich selbst einzubringen.<\/li>\n<li>eine Gemeinschaft, die Dich herzlich aufnimmt, einarbeitet und bei Fragen zur Verf\u00fcgung steht<\/li>\n<li>Fortbildungsm\u00f6glichkeiten nach Ihren Interessen und Aufgaben. (Einkauf, Verkauf, Dekoration, \u00d6ffentlichkeitsarbeit, Aktionen, usw.)<\/li>\n<\/ul>\n<p><strong>Wir freuen uns auf Sie!<\/strong><\/p>\n<p>Ansprechpartnerin: Hildegard Minten, Tel.: 01577. 38 40 38 6, <a href=\"mailto:info@weltladen-kalkar.de\">info@weltladen-kalkar.de<\/a>[\/vc_column_text][\/vc_column][\/vc_row]<\/p>\n<\/div>","protected":false},"excerpt":{"rendered":"<p>[vc_row][vc_column][vc_column_text] Verein [\/vc_column_text][vc_column_text] Wer wir sind &#8230; [\/vc_column_text][\/vc_column][\/vc_row][vc_row][vc_column width=&#8220;1\/2&#8243;][vc_single_image image=&#8220;262&#8243; img_size=&#8220;full&#8220;][\/vc_column][vc_column width=&#8220;1\/2&#8243;][vc_column_text]Seit 1992 besteht der Weltladen in Kalkar. Im Jahr&hellip;<\/p>\n","protected":false},"author":23,"featured_media":0,"parent":0,"menu_order":0,"comment_status":"closed","ping_status":"closed","template":"","meta":{"footnotes":""},"class_list":["post-80","page","type-page","status-publish","hentry","description-off"],"_links":{"self":[{"href":"https:\/\/fair-rhein.de\/kalkar\/wp-json\/wp\/v2\/pages\/80","targetHints":{"allow":["GET"]}}],"collection":[{"href":"https:\/\/fair-rhein.de\/kalkar\/wp-json\/wp\/v2\/pages"}],"about":[{"href":"https:\/\/fair-rhein.de\/kalkar\/wp-json\/wp\/v2\/types\/page"}],"author":[{"embeddable":true,"href":"https:\/\/fair-rhein.de\/kalkar\/wp-json\/wp\/v2\/users\/23"}],"replies":[{"embeddable":true,"href":"https:\/\/fair-rhein.de\/kalkar\/wp-json\/wp\/v2\/comments?post=80"}],"version-history":[{"count":12,"href":"https:\/\/fair-rhein.de\/kalkar\/wp-json\/wp\/v2\/pages\/80\/revisions"}],"predecessor-version":[{"id":307,"href":"https:\/\/fair-rhein.de\/kalkar\/wp-json\/wp\/v2\/pages\/80\/revisions\/307"}],"wp:attachment":[{"href":"https:\/\/fair-rhein.de\/kalkar\/wp-json\/wp\/v2\/media?parent=80"}],"curies":[{"name":"wp","href":"https:\/\/api.w.org\/{rel}","templated":true}]}}