{"id":88,"date":"2018-01-15T20:37:09","date_gmt":"2018-01-15T19:37:09","guid":{"rendered":"https:\/\/fair-rhein.de\/kalkar\/?page_id=88"},"modified":"2021-02-09T15:07:32","modified_gmt":"2021-02-09T14:07:32","slug":"weltladen","status":"publish","type":"page","link":"https:\/\/fair-rhein.de\/kalkar\/weltladen\/","title":{"rendered":"Weltladen"},"content":{"rendered":"<div class=\"wpb-content-wrapper\"><p>[vc_row][vc_column][vc_column_text]<\/p>\n<h1>Der Weltladen Kalkar<\/h1>\n<p>[\/vc_column_text][vc_single_image image=&#8220;376&#8243; img_size=&#8220;full&#8220;][vc_empty_space height=&#8220;15px&#8220;][vc_column_text]<\/p>\n<h2>Grundgedanke<\/h2>\n<p>Viele Produkte unseres t\u00e4glichen Bedarfs kommen aus L\u00e4ndern des globalen S\u00fcdens: Der Kaffee oder Tee zum Fr\u00fchst\u00fcck, die Banane in der Mittagspause und der Orangensaft samt Schokoriegel am Nachmittag. Sie alle werden hier sehr billig angeboten und das hat seinen Preis: Viele Menschen in den Anbaul\u00e4ndern arbeiten unter unw\u00fcrdigen Bedingungen oder erhalten f\u00fcr ihre Produkte so niedrige Preise, dass nicht einmal die Herstellungskosten gedeckt sind. Die Existenz von unz\u00e4hligen Kleinbauern- und Arbeiterfamilien ist bedroht. F\u00fcr sie setzt sich der Faire Handel ein.<\/p>\n<p>Seit Jahrzehnten zeigt der Faire Handel, dass Ausbeutung und Ungerechtigkeit nicht unver\u00e4nderbar sind. Viele erfolgreiche Handelspartnerschaften belegen, dass man den ungleichen Bedingungen, die der konventionelle Welthandel schafft und ausnutzt, etwas entgegensetzen kann. Zum Beispiel bessere Preise und bessere Lebens- und Arbeitsbedingungen. Aber auch mehr Selbstbestimmung f\u00fcr die Produzenten\/innen. Fairer Handel sch\u00fctzt Kinderrechte, f\u00f6rdert die Gleichstellung der Geschlechter und hilft, Existenzen zu sichern &#8211; vor allem im S\u00fcden, aber auch im Norden. Machen Sie mit und setzen Sie als Konsument ein Zeichen![\/vc_column_text][vc_separator][vc_empty_space][vc_media_grid element_width=&#8220;2&#8243; grid_id=&#8220;vc_gid:1612879634444-9686db5c-048b-2&#8243; include=&#8220;352,354,353,355,357,298&#8243;][vc_empty_space height=&#8220;15px&#8220;][vc_column_text]<\/p>\n<h2>Unsere Produkte<\/h2>\n<p><strong>Unsere Produkte kommen aus den verschiedensten L\u00e4ndern dieser Welt &#8211; nat\u00fcrlich immer fair gehandelt<\/strong>. Kaffee aus den Anden, Tee aus Indien, Honig aus Mexiko, Schokolade und Weine aus S\u00fcdafrika und Chile, Reis aus Thailand sowie Indien. Aber auch Textilien, Korbwaren, Spielzeug, Musikinstrumente und Schmuck umfassen unser Angebot.<\/p>\n<p>Qualit\u00e4t setzt sich durch &#8211; viele Produkte stammen zus\u00e4tzlich auch aus \u00f6kologisch kontrolliertem Anbau. Regelm\u00e4\u00dfig wird diese Auswahl durch handgefertigte, einzigartige Kunstartikel erg\u00e4nzt. Schauen Sie doch einfach mal bei uns vorbei![\/vc_column_text][\/vc_column][\/vc_row][vc_row type=&#8220;vc_default&#8220; disable_element=&#8220;yes&#8220;][vc_column width=&#8220;1\/3&#8243;][vc_single_image image=&#8220;95&#8243; img_size=&#8220;full&#8220;][\/vc_column][vc_column width=&#8220;2\/3&#8243;][vc_column_text]<\/p>\n<h3>Lebensmittel<\/h3>\n<p>Mehr als 14 verschiedene Kaffeespezialit\u00e4ten, 22 Teesorten, Schokoladen, Gew\u00fcrze, Teigwaren, Wein, Honig, Marmelade und vieles mehr versprechen Ihnen Qualit\u00e4t und Genuss. Geschenkk\u00f6rbe k\u00f6nnen nach Wunsch zusammengestellt werden. <div><div class=\"spoiler-wrap\"><div class=\"spoiler-head no-icon  collapsed\" title=\"Expand\">+ mehr<\/div><div class=\"spoiler-body\" style=\"display: none;\">\n<p>Das reichhaltige Angebot unserer Foodprodukte besteht u.a. aus:<\/p>\n<ul>\n<li>viele verschiedene Sorten Kaffee, als Bohne oder gemahlen<\/li>\n<li>Brotaufstriche wie Marmeladen und Honig<\/li>\n<li>S\u00e4fte (z.B. Orangensaft und Multivitaminsaft)<\/li>\n<li>Schokoladen in vielen Variationen<\/li>\n<li>leckere Knabbereien, N\u00fcsse und Geb\u00e4ck<\/li>\n<li>Chutneys und Pestos<\/li>\n<li>Gew\u00fcrze, Kr\u00e4uter und Gew\u00fcrzm\u00fchlen<\/li>\n<li>S\u00fc\u00dfe Zuckerm\u00fchlen f\u00fcr Kaffee, Kuchen, Desserts<\/li>\n<li>Weine und Spirituosen <\/li><\/ul><\/div><noscript><div class=\"spoiler-body\">\n<p>Das reichhaltige Angebot unserer Foodprodukte besteht u.a. aus:<\/p>\n<ul>\n<li>viele verschiedene Sorten Kaffee, als Bohne oder gemahlen<\/li>\n<li>Brotaufstriche wie Marmeladen und Honig<\/li>\n<li>S\u00e4fte (z.B. Orangensaft und Multivitaminsaft)<\/li>\n<li>Schokoladen in vielen Variationen<\/li>\n<li>leckere Knabbereien, N\u00fcsse und Geb\u00e4ck<\/li>\n<li>Chutneys und Pestos<\/li>\n<li>Gew\u00fcrze, Kr\u00e4uter und Gew\u00fcrzm\u00fchlen<\/li>\n<li>S\u00fc\u00dfe Zuckerm\u00fchlen f\u00fcr Kaffee, Kuchen, Desserts<\/li>\n<li>Weine und Spirituosen <\/li><\/ul><\/div><\/noscript><\/div><\/div><\/li>\n<\/ul>\n<p>[\/vc_column_text][\/vc_column][\/vc_row][vc_row type=&#8220;vc_default&#8220; disable_element=&#8220;yes&#8220;][vc_column width=&#8220;1\/3&#8243;][vc_single_image image=&#8220;96&#8243; img_size=&#8220;full&#8220;][\/vc_column][vc_column width=&#8220;2\/3&#8243;][vc_column_text]<\/p>\n<h3>Kunsthandwerk<\/h3>\n<p>Lassen Sie sich verzaubern von unserem wechselnden Sortiment an Handwerkskunst aus Afrika, Asien und Lateinamerika. Liebevoll gestaltete Keramik, Lederwaren, Schmuck eignen sich auch als au\u00dferordentliches Geschenk f\u00fcr einen lieben Menschen. <div><div class=\"spoiler-wrap\"><div class=\"spoiler-head no-icon  collapsed\" title=\"Expand\">+ mehr<\/div><div class=\"spoiler-body\" style=\"display: none;\">\n<p>Das Angebot unserer Non-Food-Produkte besteht u.a. aus:<\/p>\n<ul>\n<li>Kerzen, Kerzenhalter<\/li>\n<li>Korbwaren<\/li>\n<li>Keramik<\/li>\n<li>Skulpturen aus Bronze oder Stein<\/li>\n<li>Specksteinengel, Freundeskreise<\/li>\n<li>M\u00f6rser<\/li>\n<li>Uhren<\/li>\n<li>Modeschmuck<\/li>\n<li>Silberschmuck<\/li>\n<li>Hochwertige Lederwaren<\/li>\n<li>Artikel aus Filz <\/li><\/ul><\/div><noscript><div class=\"spoiler-body\">\n<p>Das Angebot unserer Non-Food-Produkte besteht u.a. aus:<\/p>\n<ul>\n<li>Kerzen, Kerzenhalter<\/li>\n<li>Korbwaren<\/li>\n<li>Keramik<\/li>\n<li>Skulpturen aus Bronze oder Stein<\/li>\n<li>Specksteinengel, Freundeskreise<\/li>\n<li>M\u00f6rser<\/li>\n<li>Uhren<\/li>\n<li>Modeschmuck<\/li>\n<li>Silberschmuck<\/li>\n<li>Hochwertige Lederwaren<\/li>\n<li>Artikel aus Filz <\/li><\/ul><\/div><\/noscript><\/div><\/div><\/li>\n<\/ul>\n<p>[\/vc_column_text][\/vc_column][\/vc_row][vc_row type=&#8220;vc_default&#8220; disable_element=&#8220;yes&#8220;][vc_column width=&#8220;1\/3&#8243;][vc_single_image image=&#8220;97&#8243; img_size=&#8220;full&#8220;][\/vc_column][vc_column width=&#8220;2\/3&#8243;][vc_column_text]<\/p>\n<h3>Textilien<\/h3>\n<p>Aus L\u00e4ndern des globalen S\u00fcdens, z.B. Indien und Nepal, f\u00fchren wir Seiden- und Wollschals von hoher Qualit\u00e4t sowie gewebte Sets, Tischl\u00e4ufer, K\u00fcchenhandt\u00fccher und Stofftaschen.[\/vc_column_text][\/vc_column][\/vc_row][vc_row type=&#8220;vc_default&#8220; disable_element=&#8220;yes&#8220;][vc_column width=&#8220;1\/3&#8243;][vc_single_image image=&#8220;98&#8243; img_size=&#8220;full&#8220;][\/vc_column][vc_column width=&#8220;2\/3&#8243;][vc_column_text]<\/p>\n<h3>Gl\u00fcckwunsch- und Gru\u00dfkarten<\/h3>\n<p>F\u00fcr jeden Anlass bieten wir einfallsreiche, niveauvolle und sch\u00f6n designte Karten als kleine Kunstwerke.[\/vc_column_text][\/vc_column][\/vc_row][vc_row][vc_column][vc_separator][vc_column_text]<\/p>\n<h3>Angebot f\u00fcr Gro\u00dfverbraucher<\/h3>\n<p>F\u00fcr Institutionen wie Schulen, B\u00fcros, Einrichtungen, die regelm\u00e4\u00dfig gr\u00f6\u00dfere Produktmengen abnehmen, k\u00f6nnen wir auch Sonderpreise anbieten. Sprechen Sie uns an unter: <a href=\"mailto:info@weltladen-kalkar.de\">info@weltladen-kalkar.de<\/a><\/p>\n<p><strong>Wir freuen uns auf Ihren Besuch. Schauen Sie rein!<\/strong>[\/vc_column_text][\/vc_column][\/vc_row][vc_row][vc_column][vc_separator][vc_empty_space height=&#8220;10px&#8220;][\/vc_column][\/vc_row][vc_row type=&#8220;vc_default&#8220; bg_type=&#8220;bg_color&#8220; bg_color_value=&#8220;#f4e4be&#8220;][vc_column][vc_column_text]<\/p>\n<h3>Mitarbeit im Weltladen<\/h3>\n<p>F\u00fcr unseren Ladendienst, die vielen Aufgaben hinter den Kulissen und unsere Bildungsarbeit suchen wir auch immer <strong>ehrenamtliche Mitarbeiter\/innen<\/strong>, die stundenweise helfen. Nehmen Sie gerne Kontakt zu uns unter <a href=\"mailto:info@weltladen-kalkar.de\">info@weltladen-kalkar.de<\/a>\u00a0auf und informieren sich unverbindlich \u00fcber die Aufgaben im Weltladen.[\/vc_column_text][\/vc_column][\/vc_row]<\/p>\n<\/div>","protected":false},"excerpt":{"rendered":"<p>[vc_row][vc_column][vc_column_text] Der Weltladen Kalkar [\/vc_column_text][vc_single_image image=&#8220;376&#8243; img_size=&#8220;full&#8220;][vc_empty_space height=&#8220;15px&#8220;][vc_column_text] Grundgedanke Viele Produkte unseres t\u00e4glichen Bedarfs kommen aus L\u00e4ndern des globalen S\u00fcdens:&hellip;<\/p>\n","protected":false},"author":23,"featured_media":0,"parent":0,"menu_order":0,"comment_status":"closed","ping_status":"closed","template":"","meta":{"footnotes":""},"class_list":["post-88","page","type-page","status-publish","hentry","description-off"],"_links":{"self":[{"href":"https:\/\/fair-rhein.de\/kalkar\/wp-json\/wp\/v2\/pages\/88","targetHints":{"allow":["GET"]}}],"collection":[{"href":"https:\/\/fair-rhein.de\/kalkar\/wp-json\/wp\/v2\/pages"}],"about":[{"href":"https:\/\/fair-rhein.de\/kalkar\/wp-json\/wp\/v2\/types\/page"}],"author":[{"embeddable":true,"href":"https:\/\/fair-rhein.de\/kalkar\/wp-json\/wp\/v2\/users\/23"}],"replies":[{"embeddable":true,"href":"https:\/\/fair-rhein.de\/kalkar\/wp-json\/wp\/v2\/comments?post=88"}],"version-history":[{"count":22,"href":"https:\/\/fair-rhein.de\/kalkar\/wp-json\/wp\/v2\/pages\/88\/revisions"}],"predecessor-version":[{"id":378,"href":"https:\/\/fair-rhein.de\/kalkar\/wp-json\/wp\/v2\/pages\/88\/revisions\/378"}],"wp:attachment":[{"href":"https:\/\/fair-rhein.de\/kalkar\/wp-json\/wp\/v2\/media?parent=88"}],"curies":[{"name":"wp","href":"https:\/\/api.w.org\/{rel}","templated":true}]}}