{"id":4,"date":"2017-12-08T11:54:23","date_gmt":"2017-12-08T10:54:23","guid":{"rendered":"https:\/\/fair-rhein.de\/kevelaer\/?page_id=4"},"modified":"2024-07-04T12:48:36","modified_gmt":"2024-07-04T10:48:36","slug":"startseite","status":"publish","type":"page","link":"https:\/\/fair-rhein.de\/kevelaer\/","title":{"rendered":"Startseite"},"content":{"rendered":"<div class=\"wpb-content-wrapper\"><p>[vc_row][vc_column][vc_column_text]<\/p>\n<h2>Willkommen im Welt-Laden Kevelaer !<\/h2>\n<p>[\/vc_column_text][\/vc_column][\/vc_row][vc_row][vc_column][vc_empty_space height=&#8220;20px&#8220;][vc_column_text]<strong>Unser Welt-Laden und der Faire Handel\u00a0haben viel zu bieten &#8211; gehen Sie auf Entdeckungsreise!<\/strong>[\/vc_column_text][vc_empty_space][\/vc_column][\/vc_row][vc_row type=&#8220;vc_default&#8220; full_width=&#8220;stretch_row&#8220; gap=&#8220;5&#8243; equal_height=&#8220;yes&#8220; css_animation=&#8220;fadeIn&#8220; bg_type=&#8220;bg_color&#8220; bg_color_value=&#8220;#f4f4f4&#8243; el_class=&#8220;silbentrennung&#8220;][vc_column width=&#8220;1\/3&#8243;][vc_single_image image=&#8220;317&#8243; img_size=&#8220;full&#8220; onclick=&#8220;custom_link&#8220; css=&#8220;&#8220; lazy_loading=&#8220;true&#8220; link=&#8220;https:\/\/fair-rhein.de\/kevelaer\/weltladen\/&#8220;][vc_column_text]<\/p>\n<h4><strong>Weltladen<\/strong><\/h4>\n<p>Aromatischer Kaffee, pikante Gew\u00fcrze, sch\u00f6ne Geschenkartikel &#8211; hier finden Sie das Beste aus aller Welt.\u00a0<a href=\"https:\/\/fair-rhein.de\/kevelaer\/weltladen\/\">+ schauen Sie rein<\/a>[\/vc_column_text][\/vc_column][vc_column width=&#8220;1\/3&#8243;][vc_single_image image=&#8220;269&#8243; img_size=&#8220;300&#215;200&#8243; onclick=&#8220;custom_link&#8220; link=&#8220;https:\/\/fair-rhein.de\/kevelaer\/fairer-handel\/&#8220;][vc_column_text]<\/p>\n<h4><strong>Fairer Handel<\/strong><\/h4>\n<p>Fairer Handel leistet einen Beitrag zu sozial verantwortlicher, nachhaltiger Entwicklung und setzt auf Dialog, Transparenz und Respekt. <a href=\"https:\/\/fair-rhein.de\/kevelaer\/fairer-handel\/\">+ mehr<\/a>[\/vc_column_text][\/vc_column][vc_column width=&#8220;1\/3&#8243;][vc_single_image image=&#8220;294&#8243; img_size=&#8220;300&#215;200&#8243; onclick=&#8220;custom_link&#8220; link=&#8220;https:\/\/fair-rhein.de\/kevelaer\/verein\/&#8220;][vc_column_text]<\/p>\n<h4><strong>Verein<\/strong><\/h4>\n<p>Der Verein \u201eInitiative f\u00fcr Partnerschaft in der EINEN WELT e.V.\u201c besteht seit 1992 und unterst\u00fctzt verschiedene Projekte. <a href=\"https:\/\/fair-rhein.de\/kevelaer\/verein\/\">+ weiterlesen<\/a>[\/vc_column_text][\/vc_column][\/vc_row][vc_row type=&#8220;vc_default&#8220; full_width=&#8220;stretch_row&#8220; bg_type=&#8220;bg_color&#8220; bg_color_value=&#8220;#e77600&#8243;][vc_column][vc_column_text]<\/p>\n<p style=\"text-align: left;\"><span style=\"color: #ffffff;\">&#8222;Wenn die L\u00e4nder des \u00dcberflusses den Entwicklungsl\u00e4ndern gerechte Preise f\u00fcr ihre Produkte zahlen w\u00fcrden, k\u00f6nnten sie ihre Unterst\u00fctzung und ihre Hilfspl\u00e4ne f\u00fcr sich behalten.&#8220; \u00a0<em>Dom Helder Camara<\/em><\/span><\/p>\n<p>[\/vc_column_text][\/vc_column][\/vc_row]<\/p>\n<\/div>","protected":false},"excerpt":{"rendered":"<p>[vc_row][vc_column][vc_column_text] Willkommen im ! [\/vc_column_text][\/vc_column][\/vc_row][vc_row][vc_column][vc_empty_space height=&#8220;20px&#8220;][vc_column_text]Unser Welt-Laden und der Faire Handel\u00a0haben viel zu bieten &#8211; gehen Sie auf Entdeckungsreise![\/vc_column_text][vc_empty_space][\/vc_column][\/vc_row][vc_row type=&#8220;vc_default&#8220;&hellip;<\/p>\n","protected":false},"author":23,"featured_media":0,"parent":0,"menu_order":0,"comment_status":"closed","ping_status":"closed","template":"","meta":{"footnotes":""},"class_list":["post-4","page","type-page","status-publish","hentry","description-off"],"yoast_head":"<!-- This site is optimized with the Yoast SEO plugin v23.4 - https:\/\/yoast.com\/wordpress\/plugins\/seo\/ -->\n<title>Startseite - Weltladen Kevelaer<\/title>\n<meta name=\"robots\" content=\"index, follow, max-snippet:-1, max-image-preview:large, max-video-preview:-1\" \/>\n<link rel=\"canonical\" href=\"https:\/\/fair-rhein.de\/kevelaer\/\" \/>\n<meta property=\"og:locale\" content=\"de_DE\" \/>\n<meta property=\"og:type\" content=\"article\" \/>\n<meta property=\"og:title\" content=\"Startseite - Weltladen Kevelaer\" \/>\n<meta property=\"og:description\" content=\"[vc_row][vc_column][vc_column_text] Willkommen im ! [\/vc_column_text][\/vc_column][\/vc_row][vc_row][vc_column][vc_empty_space height=&#8220;20px&#8220;][vc_column_text]Unser Welt-Laden und der Faire Handel\u00a0haben viel zu bieten &#8211; gehen Sie auf Entdeckungsreise![\/vc_column_text][vc_empty_space][\/vc_column][\/vc_row][vc_row type=&#8220;vc_default&#8220;&hellip;\" \/>\n<meta property=\"og:url\" content=\"https:\/\/fair-rhein.de\/kevelaer\/\" \/>\n<meta property=\"og:site_name\" content=\"Weltladen Kevelaer\" \/>\n<meta property=\"article:modified_time\" content=\"2024-07-04T10:48:36+00:00\" \/>\n<meta name=\"twitter:card\" content=\"summary_large_image\" \/>\n<meta name=\"twitter:label1\" content=\"Gesch\u00e4tzte Lesezeit\" \/>\n\t<meta name=\"twitter:data1\" content=\"1\u00a0Minute\" \/>\n<script type=\"application\/ld+json\" class=\"yoast-schema-graph\">{\"@context\":\"https:\/\/schema.org\",\"@graph\":[{\"@type\":\"WebPage\",\"@id\":\"https:\/\/fair-rhein.de\/kevelaer\/\",\"url\":\"https:\/\/fair-rhein.de\/kevelaer\/\",\"name\":\"Startseite - Weltladen Kevelaer\",\"isPartOf\":{\"@id\":\"https:\/\/fair-rhein.de\/kevelaer\/#website\"},\"datePublished\":\"2017-12-08T10:54:23+00:00\",\"dateModified\":\"2024-07-04T10:48:36+00:00\",\"breadcrumb\":{\"@id\":\"https:\/\/fair-rhein.de\/kevelaer\/#breadcrumb\"},\"inLanguage\":\"de\",\"potentialAction\":[{\"@type\":\"ReadAction\",\"target\":[\"https:\/\/fair-rhein.de\/kevelaer\/\"]}]},{\"@type\":\"BreadcrumbList\",\"@id\":\"https:\/\/fair-rhein.de\/kevelaer\/#breadcrumb\",\"itemListElement\":[{\"@type\":\"ListItem\",\"position\":1,\"name\":\"Startseite\",\"item\":\"https:\/\/fair-rhein.de\/kevelaer\/\"},{\"@type\":\"ListItem\",\"position\":2,\"name\":\"Startseite\"}]},{\"@type\":\"WebSite\",\"@id\":\"https:\/\/fair-rhein.de\/kevelaer\/#website\",\"url\":\"https:\/\/fair-rhein.de\/kevelaer\/\",\"name\":\"Weltladen Kevelaer\",\"description\":\"Fairer Handel in Kevelaer\",\"potentialAction\":[{\"@type\":\"SearchAction\",\"target\":{\"@type\":\"EntryPoint\",\"urlTemplate\":\"https:\/\/fair-rhein.de\/kevelaer\/?s={search_term_string}\"},\"query-input\":{\"@type\":\"PropertyValueSpecification\",\"valueRequired\":true,\"valueName\":\"search_term_string\"}}],\"inLanguage\":\"de\"}]}<\/script>\n<!-- \/ Yoast SEO plugin. -->","yoast_head_json":{"title":"Startseite - Weltladen Kevelaer","robots":{"index":"index","follow":"follow","max-snippet":"max-snippet:-1","max-image-preview":"max-image-preview:large","max-video-preview":"max-video-preview:-1"},"canonical":"https:\/\/fair-rhein.de\/kevelaer\/","og_locale":"de_DE","og_type":"article","og_title":"Startseite - Weltladen Kevelaer","og_description":"[vc_row][vc_column][vc_column_text] Willkommen im ! [\/vc_column_text][\/vc_column][\/vc_row][vc_row][vc_column][vc_empty_space height=&#8220;20px&#8220;][vc_column_text]Unser Welt-Laden und der Faire Handel\u00a0haben viel zu bieten &#8211; gehen Sie auf Entdeckungsreise![\/vc_column_text][vc_empty_space][\/vc_column][\/vc_row][vc_row type=&#8220;vc_default&#8220;&hellip;","og_url":"https:\/\/fair-rhein.de\/kevelaer\/","og_site_name":"Weltladen Kevelaer","article_modified_time":"2024-07-04T10:48:36+00:00","twitter_card":"summary_large_image","twitter_misc":{"Gesch\u00e4tzte Lesezeit":"1\u00a0Minute"},"schema":{"@context":"https:\/\/schema.org","@graph":[{"@type":"WebPage","@id":"https:\/\/fair-rhein.de\/kevelaer\/","url":"https:\/\/fair-rhein.de\/kevelaer\/","name":"Startseite - Weltladen Kevelaer","isPartOf":{"@id":"https:\/\/fair-rhein.de\/kevelaer\/#website"},"datePublished":"2017-12-08T10:54:23+00:00","dateModified":"2024-07-04T10:48:36+00:00","breadcrumb":{"@id":"https:\/\/fair-rhein.de\/kevelaer\/#breadcrumb"},"inLanguage":"de","potentialAction":[{"@type":"ReadAction","target":["https:\/\/fair-rhein.de\/kevelaer\/"]}]},{"@type":"BreadcrumbList","@id":"https:\/\/fair-rhein.de\/kevelaer\/#breadcrumb","itemListElement":[{"@type":"ListItem","position":1,"name":"Startseite","item":"https:\/\/fair-rhein.de\/kevelaer\/"},{"@type":"ListItem","position":2,"name":"Startseite"}]},{"@type":"WebSite","@id":"https:\/\/fair-rhein.de\/kevelaer\/#website","url":"https:\/\/fair-rhein.de\/kevelaer\/","name":"Weltladen Kevelaer","description":"Fairer Handel in Kevelaer","potentialAction":[{"@type":"SearchAction","target":{"@type":"EntryPoint","urlTemplate":"https:\/\/fair-rhein.de\/kevelaer\/?s={search_term_string}"},"query-input":{"@type":"PropertyValueSpecification","valueRequired":true,"valueName":"search_term_string"}}],"inLanguage":"de"}]}},"_links":{"self":[{"href":"https:\/\/fair-rhein.de\/kevelaer\/wp-json\/wp\/v2\/pages\/4","targetHints":{"allow":["GET"]}}],"collection":[{"href":"https:\/\/fair-rhein.de\/kevelaer\/wp-json\/wp\/v2\/pages"}],"about":[{"href":"https:\/\/fair-rhein.de\/kevelaer\/wp-json\/wp\/v2\/types\/page"}],"author":[{"embeddable":true,"href":"https:\/\/fair-rhein.de\/kevelaer\/wp-json\/wp\/v2\/users\/23"}],"replies":[{"embeddable":true,"href":"https:\/\/fair-rhein.de\/kevelaer\/wp-json\/wp\/v2\/comments?post=4"}],"version-history":[{"count":27,"href":"https:\/\/fair-rhein.de\/kevelaer\/wp-json\/wp\/v2\/pages\/4\/revisions"}],"predecessor-version":[{"id":319,"href":"https:\/\/fair-rhein.de\/kevelaer\/wp-json\/wp\/v2\/pages\/4\/revisions\/319"}],"wp:attachment":[{"href":"https:\/\/fair-rhein.de\/kevelaer\/wp-json\/wp\/v2\/media?parent=4"}],"curies":[{"name":"wp","href":"https:\/\/api.w.org\/{rel}","templated":true}]}}