{"id":80,"date":"2018-01-15T20:34:54","date_gmt":"2018-01-15T19:34:54","guid":{"rendered":"https:\/\/fair-rhein.de\/kevelaer\/?page_id=80"},"modified":"2024-07-04T14:28:29","modified_gmt":"2024-07-04T12:28:29","slug":"verein","status":"publish","type":"page","link":"https:\/\/fair-rhein.de\/kevelaer\/verein\/","title":{"rendered":"Verein"},"content":{"rendered":"<div class=\"wpb-content-wrapper\"><p>[vc_row][vc_column][vc_column_text]<\/p>\n<h1>Verein<\/h1>\n<p>[\/vc_column_text][\/vc_column][\/vc_row][vc_row][vc_column][vc_column_text css=&#8220;&#8220;]<\/p>\n<h2>Wer wir sind \u2026<\/h2>\n<p>Gegr\u00fcndet wurde die IPEW (Initiative f\u00fcr Partnerschaft in der EINEN Welt e.V.) im Fr\u00fchjahr 1992. Es dauerte 20 Jahre, bis wir unser 1. Ladenlokal in der Marienstra\u00dfe er\u00f6ffnen konnten. Ab M\u00e4rz 2024 finden sie uns auf der Hauptstra\u00dfe 16. Alle Mitarbeiter arbeiten selbstverst\u00e4ndlich ehrenamtlich.[\/vc_column_text][\/vc_column][\/vc_row][vc_row][vc_column][vc_empty_space][vc_column_text]<\/p>\n<h2>Unsere Ziele \u2026<\/h2>\n<p>Schwerpunkte der Vereinsarbeit sind bis heute:<\/p>\n<ul>\n<li>Das Betreiben eines <strong>Weltladens<\/strong> mit fair gehandelten Produkten.<\/li>\n<li>Die Unterst\u00fctzung von <strong>Projekten<\/strong>.<\/li>\n<li>Die entwicklungspolitische <strong>Bildungsarbeit<\/strong> mit dem Ziel, die Bereitschaft zur Hilfeleistung und zur Zusammenarbeit zu wecken und Entwicklungsprojekte kirchlicher und anderer Institutionen zu f\u00f6rdern.<\/li>\n<\/ul>\n<p>[\/vc_column_text][\/vc_column][\/vc_row][vc_row][vc_column][vc_empty_space][vc_column_text]<\/p>\n<h2>Unsere Projekte &#8230;<\/h2>\n<p>Wir unterst\u00fctzen \u00fcber die Initiative Tenas das Attat-Hospital in \u00c4thiopien. Bei Oikocredit sind wir Mitglied und suchen uns bei Misereor und Brot f\u00fcr die Welt Projekte aus, die uns momentan wichtig erscheinen.[\/vc_column_text][vc_empty_space][vc_column_text]<\/p>\n<h2>Unterst\u00fctzen Sie uns \u2026<\/h2>\n<p>Wenn Sie unsere Arbeit unterst\u00fctzen m\u00f6chten, k\u00f6nnen Sie dies auf vielf\u00e4ltige Weise tun:<\/p>\n<ul>\n<li><strong>Werden Sie Kunde<\/strong> und kaufen Sie fair gehandelte Produkte im Weltladen.<\/li>\n<li><strong>\u00dcbernehmen Sie Ladendienste<\/strong> (z.B. 1-2 monatlich) und verkaufen Sie unsere Waren.<\/li>\n<li><strong>Werden Sie Mitglied<\/strong> im Verein.<\/li>\n<\/ul>\n<p>[\/vc_column_text][\/vc_column][\/vc_row]<\/p>\n<\/div>","protected":false},"excerpt":{"rendered":"<p>[vc_row][vc_column][vc_column_text] Verein [\/vc_column_text][\/vc_column][\/vc_row][vc_row][vc_column][vc_column_text css=&#8220;&#8220;] Wer wir sind \u2026 Gegr\u00fcndet wurde die IPEW (Initiative f\u00fcr Partnerschaft in der EINEN Welt e.V.)&hellip;<\/p>\n","protected":false},"author":23,"featured_media":0,"parent":0,"menu_order":0,"comment_status":"closed","ping_status":"closed","template":"","meta":{"footnotes":""},"class_list":["post-80","page","type-page","status-publish","hentry","description-off"],"yoast_head":"<!-- This site is optimized with the Yoast SEO plugin v23.4 - https:\/\/yoast.com\/wordpress\/plugins\/seo\/ -->\n<title>Verein - Weltladen Kevelaer<\/title>\n<meta name=\"robots\" content=\"index, follow, max-snippet:-1, max-image-preview:large, max-video-preview:-1\" \/>\n<link rel=\"canonical\" href=\"https:\/\/fair-rhein.de\/kevelaer\/verein\/\" \/>\n<meta property=\"og:locale\" content=\"de_DE\" \/>\n<meta property=\"og:type\" content=\"article\" \/>\n<meta property=\"og:title\" content=\"Verein - Weltladen Kevelaer\" \/>\n<meta property=\"og:description\" content=\"[vc_row][vc_column][vc_column_text] Verein [\/vc_column_text][\/vc_column][\/vc_row][vc_row][vc_column][vc_column_text css=&#8220;&#8220;] Wer wir sind \u2026 Gegr\u00fcndet wurde die IPEW (Initiative f\u00fcr Partnerschaft in der EINEN Welt e.V.)&hellip;\" \/>\n<meta property=\"og:url\" content=\"https:\/\/fair-rhein.de\/kevelaer\/verein\/\" \/>\n<meta property=\"og:site_name\" content=\"Weltladen Kevelaer\" \/>\n<meta property=\"article:modified_time\" content=\"2024-07-04T12:28:29+00:00\" \/>\n<meta name=\"twitter:card\" content=\"summary_large_image\" \/>\n<meta name=\"twitter:label1\" content=\"Gesch\u00e4tzte Lesezeit\" \/>\n\t<meta name=\"twitter:data1\" content=\"1\u00a0Minute\" \/>\n<script type=\"application\/ld+json\" class=\"yoast-schema-graph\">{\"@context\":\"https:\/\/schema.org\",\"@graph\":[{\"@type\":\"WebPage\",\"@id\":\"https:\/\/fair-rhein.de\/kevelaer\/verein\/\",\"url\":\"https:\/\/fair-rhein.de\/kevelaer\/verein\/\",\"name\":\"Verein - Weltladen Kevelaer\",\"isPartOf\":{\"@id\":\"https:\/\/fair-rhein.de\/kevelaer\/#website\"},\"datePublished\":\"2018-01-15T19:34:54+00:00\",\"dateModified\":\"2024-07-04T12:28:29+00:00\",\"breadcrumb\":{\"@id\":\"https:\/\/fair-rhein.de\/kevelaer\/verein\/#breadcrumb\"},\"inLanguage\":\"de\",\"potentialAction\":[{\"@type\":\"ReadAction\",\"target\":[\"https:\/\/fair-rhein.de\/kevelaer\/verein\/\"]}]},{\"@type\":\"BreadcrumbList\",\"@id\":\"https:\/\/fair-rhein.de\/kevelaer\/verein\/#breadcrumb\",\"itemListElement\":[{\"@type\":\"ListItem\",\"position\":1,\"name\":\"Startseite\",\"item\":\"https:\/\/fair-rhein.de\/kevelaer\/\"},{\"@type\":\"ListItem\",\"position\":2,\"name\":\"Verein\"}]},{\"@type\":\"WebSite\",\"@id\":\"https:\/\/fair-rhein.de\/kevelaer\/#website\",\"url\":\"https:\/\/fair-rhein.de\/kevelaer\/\",\"name\":\"Weltladen Kevelaer\",\"description\":\"Fairer Handel in Kevelaer\",\"potentialAction\":[{\"@type\":\"SearchAction\",\"target\":{\"@type\":\"EntryPoint\",\"urlTemplate\":\"https:\/\/fair-rhein.de\/kevelaer\/?s={search_term_string}\"},\"query-input\":{\"@type\":\"PropertyValueSpecification\",\"valueRequired\":true,\"valueName\":\"search_term_string\"}}],\"inLanguage\":\"de\"}]}<\/script>\n<!-- \/ Yoast SEO plugin. -->","yoast_head_json":{"title":"Verein - Weltladen Kevelaer","robots":{"index":"index","follow":"follow","max-snippet":"max-snippet:-1","max-image-preview":"max-image-preview:large","max-video-preview":"max-video-preview:-1"},"canonical":"https:\/\/fair-rhein.de\/kevelaer\/verein\/","og_locale":"de_DE","og_type":"article","og_title":"Verein - Weltladen Kevelaer","og_description":"[vc_row][vc_column][vc_column_text] Verein [\/vc_column_text][\/vc_column][\/vc_row][vc_row][vc_column][vc_column_text css=&#8220;&#8220;] Wer wir sind \u2026 Gegr\u00fcndet wurde die IPEW (Initiative f\u00fcr Partnerschaft in der EINEN Welt e.V.)&hellip;","og_url":"https:\/\/fair-rhein.de\/kevelaer\/verein\/","og_site_name":"Weltladen Kevelaer","article_modified_time":"2024-07-04T12:28:29+00:00","twitter_card":"summary_large_image","twitter_misc":{"Gesch\u00e4tzte Lesezeit":"1\u00a0Minute"},"schema":{"@context":"https:\/\/schema.org","@graph":[{"@type":"WebPage","@id":"https:\/\/fair-rhein.de\/kevelaer\/verein\/","url":"https:\/\/fair-rhein.de\/kevelaer\/verein\/","name":"Verein - Weltladen Kevelaer","isPartOf":{"@id":"https:\/\/fair-rhein.de\/kevelaer\/#website"},"datePublished":"2018-01-15T19:34:54+00:00","dateModified":"2024-07-04T12:28:29+00:00","breadcrumb":{"@id":"https:\/\/fair-rhein.de\/kevelaer\/verein\/#breadcrumb"},"inLanguage":"de","potentialAction":[{"@type":"ReadAction","target":["https:\/\/fair-rhein.de\/kevelaer\/verein\/"]}]},{"@type":"BreadcrumbList","@id":"https:\/\/fair-rhein.de\/kevelaer\/verein\/#breadcrumb","itemListElement":[{"@type":"ListItem","position":1,"name":"Startseite","item":"https:\/\/fair-rhein.de\/kevelaer\/"},{"@type":"ListItem","position":2,"name":"Verein"}]},{"@type":"WebSite","@id":"https:\/\/fair-rhein.de\/kevelaer\/#website","url":"https:\/\/fair-rhein.de\/kevelaer\/","name":"Weltladen Kevelaer","description":"Fairer Handel in Kevelaer","potentialAction":[{"@type":"SearchAction","target":{"@type":"EntryPoint","urlTemplate":"https:\/\/fair-rhein.de\/kevelaer\/?s={search_term_string}"},"query-input":{"@type":"PropertyValueSpecification","valueRequired":true,"valueName":"search_term_string"}}],"inLanguage":"de"}]}},"_links":{"self":[{"href":"https:\/\/fair-rhein.de\/kevelaer\/wp-json\/wp\/v2\/pages\/80","targetHints":{"allow":["GET"]}}],"collection":[{"href":"https:\/\/fair-rhein.de\/kevelaer\/wp-json\/wp\/v2\/pages"}],"about":[{"href":"https:\/\/fair-rhein.de\/kevelaer\/wp-json\/wp\/v2\/types\/page"}],"author":[{"embeddable":true,"href":"https:\/\/fair-rhein.de\/kevelaer\/wp-json\/wp\/v2\/users\/23"}],"replies":[{"embeddable":true,"href":"https:\/\/fair-rhein.de\/kevelaer\/wp-json\/wp\/v2\/comments?post=80"}],"version-history":[{"count":18,"href":"https:\/\/fair-rhein.de\/kevelaer\/wp-json\/wp\/v2\/pages\/80\/revisions"}],"predecessor-version":[{"id":321,"href":"https:\/\/fair-rhein.de\/kevelaer\/wp-json\/wp\/v2\/pages\/80\/revisions\/321"}],"wp:attachment":[{"href":"https:\/\/fair-rhein.de\/kevelaer\/wp-json\/wp\/v2\/media?parent=80"}],"curies":[{"name":"wp","href":"https:\/\/api.w.org\/{rel}","templated":true}]}}