{"id":88,"date":"2018-01-15T20:37:09","date_gmt":"2018-01-15T19:37:09","guid":{"rendered":"https:\/\/fair-rhein.de\/kevelaer\/?page_id=88"},"modified":"2024-07-04T12:49:04","modified_gmt":"2024-07-04T10:49:04","slug":"weltladen","status":"publish","type":"page","link":"https:\/\/fair-rhein.de\/kevelaer\/weltladen\/","title":{"rendered":"Weltladen"},"content":{"rendered":"<div class=\"wpb-content-wrapper\"><p>[vc_row][vc_column][vc_column_text]<\/p>\n<h1>Der Welt-Laden Kevelaer<\/h1>\n<p>[\/vc_column_text][vc_column_text]Ein Besuch im Weltladen ist wie eine Entdeckungsreise:\u00a0Aromatischer Kaffee, pikante Gew\u00fcrze, sch\u00f6ne Geschenkartikel &#8211; hier finden Sie das Beste aus aller Welt.\u00a0Doch dahinter steckt noch mehr: Die Produkte im Weltladen sind nicht nur von besonderer Qualit\u00e4t.\u00a0Sie sind zugleich ein kleines St\u00fcck Weltpolitik und Fortschritt, denn sie stammen aus fairem Handel.\u00a0Fairer Handel leistet einen Beitrag zu sozial verantwortlicher, nachhaltiger Entwicklung,\u00a0denn alle fair gehandelten Waren werden auch unter menschenw\u00fcrdigen Bedingungen hergestellt.[\/vc_column_text][vc_separator][\/vc_column][\/vc_row][vc_row][vc_column width=&#8220;1\/3&#8243;][vc_single_image image=&#8220;277&#8243; img_size=&#8220;full&#8220;][\/vc_column][vc_column width=&#8220;2\/3&#8243;][vc_column_text]<\/p>\n<h2>Lebensmittel<\/h2>\n<p>Sie finden bei uns mehr als 17 verschiedene Kaffeespezialit\u00e4ten, gemahlen und als Bohne, 27 Teesorten, 20 Sorten Schokolade, auch von der Firma Zotter; Pl\u00e4tzchen, N\u00fcsse, Bonbons, Gew\u00fcrze, 10 verschiedene Honigsorten, Kakao und Trinkschokolade und vieles mehr.[\/vc_column_text][\/vc_column][\/vc_row][vc_row][vc_column][vc_empty_space height=&#8220;20px&#8220;][\/vc_column][\/vc_row][vc_row][vc_column width=&#8220;1\/3&#8243;][vc_single_image image=&#8220;300&#8243; img_size=&#8220;full&#8220;][\/vc_column][vc_column width=&#8220;2\/3&#8243;][vc_column_text]<\/p>\n<h2>Kunsthandwerk<\/h2>\n<p>Wir bieten Ihnen ein wechselndes Sortiment an Handwerkskunst aus Asien, Lateinamerika und Afrika. <a href=\"#ak-kunsthandwerk\">+ mehr<\/a>[\/vc_column_text][vc_column_text el_class=&#8220;ek-kunsthandwerk&#8220;]<\/p>\n<ul>\n<li>\u00dcber die Aktion pro Humanit\u00e4t, die in Benin t\u00e4tig ist, beziehen wir Figuren wie Elefanten, Denker oder Marienstatuen aus gef\u00e4rbtem Eukalyptusholz.<\/li>\n<li>Wir haben eine gro\u00dfe Auswahl an Taschen und K\u00f6rben aus Steppengras ,Stoff und Leder.<\/li>\n<li>Aus Mexiko kommt der Silberschmuck. Wir f\u00fchren Schals und T\u00fccher aus Seide, Baumwolle und Wolle.<\/li>\n<li>Auch K\u00fcchen- und Sp\u00fclt\u00fccher geh\u00f6ren zu unserem Angebot. Wir sind dabei, ein Angebot pflegender Naturkosmetik aufzubauen.<\/li>\n<li>Duftende Seifen, z.T. aus Aleppo finden Sie schon jetzt, auch eine gro\u00dfe Auswahl an R\u00e4ucherst\u00e4bchen.<\/li>\n<li>Suchen Sie ein Geschenk oder ein Mitbringsel. Bei uns werden Sie sicher f\u00fcndig.<\/li>\n<\/ul>\n<p>[\/vc_column_text][\/vc_column][\/vc_row][vc_row][vc_column][vc_empty_space height=&#8220;20px&#8220;][\/vc_column][\/vc_row][vc_row type=&#8220;vc_default&#8220; bg_type=&#8220;bg_color&#8220; bg_color_value=&#8220;#f4e4be&#8220; css=&#8220;.vc_custom_1550047181035{background-color: #f4e4be !important;}&#8220;][vc_column width=&#8220;1\/3&#8243; css=&#8220;.vc_custom_1550047244932{padding-top: 20px !important;padding-right: 10px !important;padding-bottom: 10px !important;padding-left: 10px !important;}&#8220;][vc_single_image image=&#8220;317&#8243; img_size=&#8220;full&#8220; css=&#8220;&#8220;][\/vc_column][vc_column width=&#8220;2\/3&#8243;][vc_column_text]<\/p>\n<h2>Mitarbeit im Weltladen<\/h2>\n<p>F\u00fcr unseren Ladendienst suchen wir auch immer <strong>ehrenamtliche Mitarbeiter\/innen<\/strong>, die stundenweise helfen. Nehmen Sie gerne Kontakt zu uns auf und informieren Sie sich unverbindlich \u00fcber die Aufgaben im Weltladen.[\/vc_column_text][\/vc_column][\/vc_row]<\/p>\n<\/div>","protected":false},"excerpt":{"rendered":"<p>[vc_row][vc_column][vc_column_text] Der Welt-Laden Kevelaer [\/vc_column_text][vc_column_text]Ein Besuch im Weltladen ist wie eine Entdeckungsreise:\u00a0Aromatischer Kaffee, pikante Gew\u00fcrze, sch\u00f6ne Geschenkartikel &#8211; hier finden&hellip;<\/p>\n","protected":false},"author":23,"featured_media":0,"parent":0,"menu_order":0,"comment_status":"closed","ping_status":"closed","template":"","meta":{"footnotes":""},"class_list":["post-88","page","type-page","status-publish","hentry","description-off"],"yoast_head":"<!-- This site is optimized with the Yoast SEO plugin v23.4 - https:\/\/yoast.com\/wordpress\/plugins\/seo\/ -->\n<title>Weltladen - Weltladen Kevelaer<\/title>\n<meta name=\"robots\" content=\"index, follow, max-snippet:-1, max-image-preview:large, max-video-preview:-1\" \/>\n<link rel=\"canonical\" href=\"https:\/\/fair-rhein.de\/kevelaer\/weltladen\/\" \/>\n<meta property=\"og:locale\" content=\"de_DE\" \/>\n<meta property=\"og:type\" content=\"article\" \/>\n<meta property=\"og:title\" content=\"Weltladen - Weltladen Kevelaer\" \/>\n<meta property=\"og:description\" content=\"[vc_row][vc_column][vc_column_text] Der Welt-Laden Kevelaer [\/vc_column_text][vc_column_text]Ein Besuch im Weltladen ist wie eine Entdeckungsreise:\u00a0Aromatischer Kaffee, pikante Gew\u00fcrze, sch\u00f6ne Geschenkartikel &#8211; hier finden&hellip;\" \/>\n<meta property=\"og:url\" content=\"https:\/\/fair-rhein.de\/kevelaer\/weltladen\/\" \/>\n<meta property=\"og:site_name\" content=\"Weltladen Kevelaer\" \/>\n<meta property=\"article:modified_time\" content=\"2024-07-04T10:49:04+00:00\" \/>\n<meta name=\"twitter:card\" content=\"summary_large_image\" \/>\n<meta name=\"twitter:label1\" content=\"Gesch\u00e4tzte Lesezeit\" \/>\n\t<meta name=\"twitter:data1\" content=\"3\u00a0Minuten\" \/>\n<script type=\"application\/ld+json\" class=\"yoast-schema-graph\">{\"@context\":\"https:\/\/schema.org\",\"@graph\":[{\"@type\":\"WebPage\",\"@id\":\"https:\/\/fair-rhein.de\/kevelaer\/weltladen\/\",\"url\":\"https:\/\/fair-rhein.de\/kevelaer\/weltladen\/\",\"name\":\"Weltladen - Weltladen Kevelaer\",\"isPartOf\":{\"@id\":\"https:\/\/fair-rhein.de\/kevelaer\/#website\"},\"datePublished\":\"2018-01-15T19:37:09+00:00\",\"dateModified\":\"2024-07-04T10:49:04+00:00\",\"breadcrumb\":{\"@id\":\"https:\/\/fair-rhein.de\/kevelaer\/weltladen\/#breadcrumb\"},\"inLanguage\":\"de\",\"potentialAction\":[{\"@type\":\"ReadAction\",\"target\":[\"https:\/\/fair-rhein.de\/kevelaer\/weltladen\/\"]}]},{\"@type\":\"BreadcrumbList\",\"@id\":\"https:\/\/fair-rhein.de\/kevelaer\/weltladen\/#breadcrumb\",\"itemListElement\":[{\"@type\":\"ListItem\",\"position\":1,\"name\":\"Startseite\",\"item\":\"https:\/\/fair-rhein.de\/kevelaer\/\"},{\"@type\":\"ListItem\",\"position\":2,\"name\":\"Weltladen\"}]},{\"@type\":\"WebSite\",\"@id\":\"https:\/\/fair-rhein.de\/kevelaer\/#website\",\"url\":\"https:\/\/fair-rhein.de\/kevelaer\/\",\"name\":\"Weltladen Kevelaer\",\"description\":\"Fairer Handel in Kevelaer\",\"potentialAction\":[{\"@type\":\"SearchAction\",\"target\":{\"@type\":\"EntryPoint\",\"urlTemplate\":\"https:\/\/fair-rhein.de\/kevelaer\/?s={search_term_string}\"},\"query-input\":{\"@type\":\"PropertyValueSpecification\",\"valueRequired\":true,\"valueName\":\"search_term_string\"}}],\"inLanguage\":\"de\"}]}<\/script>\n<!-- \/ Yoast SEO plugin. -->","yoast_head_json":{"title":"Weltladen - Weltladen Kevelaer","robots":{"index":"index","follow":"follow","max-snippet":"max-snippet:-1","max-image-preview":"max-image-preview:large","max-video-preview":"max-video-preview:-1"},"canonical":"https:\/\/fair-rhein.de\/kevelaer\/weltladen\/","og_locale":"de_DE","og_type":"article","og_title":"Weltladen - Weltladen Kevelaer","og_description":"[vc_row][vc_column][vc_column_text] Der Welt-Laden Kevelaer [\/vc_column_text][vc_column_text]Ein Besuch im Weltladen ist wie eine Entdeckungsreise:\u00a0Aromatischer Kaffee, pikante Gew\u00fcrze, sch\u00f6ne Geschenkartikel &#8211; hier finden&hellip;","og_url":"https:\/\/fair-rhein.de\/kevelaer\/weltladen\/","og_site_name":"Weltladen Kevelaer","article_modified_time":"2024-07-04T10:49:04+00:00","twitter_card":"summary_large_image","twitter_misc":{"Gesch\u00e4tzte Lesezeit":"3\u00a0Minuten"},"schema":{"@context":"https:\/\/schema.org","@graph":[{"@type":"WebPage","@id":"https:\/\/fair-rhein.de\/kevelaer\/weltladen\/","url":"https:\/\/fair-rhein.de\/kevelaer\/weltladen\/","name":"Weltladen - Weltladen Kevelaer","isPartOf":{"@id":"https:\/\/fair-rhein.de\/kevelaer\/#website"},"datePublished":"2018-01-15T19:37:09+00:00","dateModified":"2024-07-04T10:49:04+00:00","breadcrumb":{"@id":"https:\/\/fair-rhein.de\/kevelaer\/weltladen\/#breadcrumb"},"inLanguage":"de","potentialAction":[{"@type":"ReadAction","target":["https:\/\/fair-rhein.de\/kevelaer\/weltladen\/"]}]},{"@type":"BreadcrumbList","@id":"https:\/\/fair-rhein.de\/kevelaer\/weltladen\/#breadcrumb","itemListElement":[{"@type":"ListItem","position":1,"name":"Startseite","item":"https:\/\/fair-rhein.de\/kevelaer\/"},{"@type":"ListItem","position":2,"name":"Weltladen"}]},{"@type":"WebSite","@id":"https:\/\/fair-rhein.de\/kevelaer\/#website","url":"https:\/\/fair-rhein.de\/kevelaer\/","name":"Weltladen Kevelaer","description":"Fairer Handel in Kevelaer","potentialAction":[{"@type":"SearchAction","target":{"@type":"EntryPoint","urlTemplate":"https:\/\/fair-rhein.de\/kevelaer\/?s={search_term_string}"},"query-input":{"@type":"PropertyValueSpecification","valueRequired":true,"valueName":"search_term_string"}}],"inLanguage":"de"}]}},"_links":{"self":[{"href":"https:\/\/fair-rhein.de\/kevelaer\/wp-json\/wp\/v2\/pages\/88","targetHints":{"allow":["GET"]}}],"collection":[{"href":"https:\/\/fair-rhein.de\/kevelaer\/wp-json\/wp\/v2\/pages"}],"about":[{"href":"https:\/\/fair-rhein.de\/kevelaer\/wp-json\/wp\/v2\/types\/page"}],"author":[{"embeddable":true,"href":"https:\/\/fair-rhein.de\/kevelaer\/wp-json\/wp\/v2\/users\/23"}],"replies":[{"embeddable":true,"href":"https:\/\/fair-rhein.de\/kevelaer\/wp-json\/wp\/v2\/comments?post=88"}],"version-history":[{"count":22,"href":"https:\/\/fair-rhein.de\/kevelaer\/wp-json\/wp\/v2\/pages\/88\/revisions"}],"predecessor-version":[{"id":320,"href":"https:\/\/fair-rhein.de\/kevelaer\/wp-json\/wp\/v2\/pages\/88\/revisions\/320"}],"wp:attachment":[{"href":"https:\/\/fair-rhein.de\/kevelaer\/wp-json\/wp\/v2\/media?parent=88"}],"curies":[{"name":"wp","href":"https:\/\/api.w.org\/{rel}","templated":true}]}}