{"id":4,"date":"2017-12-08T11:54:23","date_gmt":"2017-12-08T10:54:23","guid":{"rendered":"https:\/\/fair-rhein.de\/krefeld\/?page_id=4"},"modified":"2026-03-31T10:46:56","modified_gmt":"2026-03-31T08:46:56","slug":"startseite","status":"publish","type":"page","link":"https:\/\/fair-rhein.de\/krefeld\/","title":{"rendered":"Startseite"},"content":{"rendered":"<div class=\"wpb-content-wrapper\"><p>[vc_row][vc_column][vc_column_text]<\/p>\n<h2>Willkommen im Weltladen Krefeld !<\/h2>\n<p>[\/vc_column_text][\/vc_column][\/vc_row][vc_row][vc_column][vc_column_text]Wir freuen uns, dass Sie sich f\u00fcr uns, unsere Produkte und den Fairen Handel interessieren.<br \/>\nWir w\u00fcnschen Ihnen viel FAIRgn\u00fcgen beim Surfen auf unserer Website und freuen uns auf einen Besuch im Weltladen.[\/vc_column_text][vc_empty_space height=&#8220;20px&#8220;][\/vc_column][\/vc_row][vc_row type=&#8220;vc_default&#8220;][vc_column][vc_single_image image=&#8220;1066&#8243; img_size=&#8220;full&#8220; css=&#8220;&#8220;][vc_column_text css=&#8220;&#8220;]<\/p>\n<h3>5 Fair Firdays: Countdown zu 50 Jahren Weltladen Krefeld<\/h3>\n<p><strong>Am 27. Februar haben wir unseren Weltladen neu er\u00f6ffnet.<\/strong><\/p>\n<h4><strong>Bis zu unserem 50\u2011j\u00e4hrigen Jubil\u00e4um am 17. April feiern wir mit euch f\u00fcnf Fair Fridays!\u00a0<\/strong><\/h4>\n<p><strong><span style=\"color: #008080;\">06. M\u00e4rz | 10\u201318 Uhr:<\/span><\/strong> <strong>Wir feiern unsere Kundschaft<\/strong>: Jeder f\u00fcnfte Einkauf gewinnt eine kleine \u00dcberraschung.<br \/>\nAu\u00dferdem: Zwei Schokoladen probieren und mitentscheiden, welche bleiben soll!<\/p>\n<p><span style=\"color: #008080;\"><strong>13. M\u00e4rz | 10\u201314 Uhr<\/strong><\/span>: <strong>Curry r\u00f6sten im Weltladen<\/strong>: Frisch ger\u00f6stetes Curry, Kostprobe und Rezept zum Mitnehmen.<br \/>\nUnd: Eure Stimme z\u00e4hlt \u2013 mehr Uni oder mehr bunte Socken im Sortiment?<\/p>\n<p><span style=\"color: #008080;\"><strong>20. M\u00e4rz | 10\u201318 Uhr:<\/strong><\/span> <strong>Wir feiern unsere Kundschaft<\/strong>: Jeder f\u00fcnfte Einkauf gewinnt eine kleine \u00dcberraschung.<br \/>\nDazu: Entscheidet mit \u2013 mehr Praktisches oder mehr Dekoratives im Haushalts\u2011Sortiment?<\/p>\n<p><strong><span style=\"color: #008080;\">27. M\u00e4rz | 10\u201318 Uhr:<\/span><\/strong> <strong>Mitmachen und gewinne<\/strong>n: Gl\u00fccksrad mit kleinen Gewinnen.<br \/>\nUnd genau hinschauen lohnt sich: Macht mit beim Lupenquiz und nehmt an der Verlosung teil!<\/p>\n<p><span style=\"color: #008080;\"><strong>10. April | 10\u201318 Uhr:<\/strong><\/span> <strong>50 Jahre Weltladen Krefeld<\/strong>: Er\u00f6ffnung der Fotoausstellung \u201e50 Jahre Weltladen Krefeld\u201c.<br \/>\nAu\u00dferdem: Zieht euch euren fairen Moment \u2013 ein kleiner Impuls zum Mitnehmen.[\/vc_column_text][\/vc_column][\/vc_row][vc_row type=&#8220;vc_default&#8220;][vc_column][vc_empty_space][vc_separator css=&#8220;&#8220;][vc_empty_space][vc_single_image image=&#8220;1070&#8243; img_size=&#8220;full&#8220; add_caption=&#8220;yes&#8220; css=&#8220;&#8220;][vc_column_text css=&#8220;&#8220;]<\/p>\n<h3>Ein halbes Jahrhundert Fairer Handel in Krefeld!<\/h3>\n<h4><strong>Wir feiern 50 Jahre Weltladen Krefeld\u00a0<\/strong><\/h4>\n<p>Seit 1976 engagieren wir uns ehrenamtlich f\u00fcr mehr Gerechtigkeit im Welthandel. Dieses halbe Jahrhundert m\u00f6chten wir gemeinsam mit Ihnen feien!<\/p>\n<p><strong>Freuen Sie sich auf &#8230;<\/strong><\/p>\n<p>\u2764\ufe0e eine kleine Ausstellung zur Geschichte des Weltladens,<br \/>\n\u2764\ufe0e ein Quiz mit Verlosung und ein Gl\u00fccksrad<br \/>\n\u2764\ufe0e mit kleinen Gewinnen,<br \/>\n\u2764\ufe0e faire Snacks, Getr\u00e4nken und Kuchen!<\/p>\n<p><strong>Am Freitag, dem 17. April 2026, ab 11 Uhr!<br \/>\n<\/strong>Kommen Sie vorbei und feiern Sie mit![\/vc_column_text][\/vc_column][\/vc_row][vc_row][vc_column][vc_empty_space height=&#8220;20px&#8220;][\/vc_column][\/vc_row][vc_row type=&#8220;vc_default&#8220; css=&#8220;.vc_custom_1765546483372{padding-top: 20px !important;padding-right: 20px !important;padding-bottom: 20px !important;padding-left: 20px !important;background-color: #F4E4BEBA !important;}&#8220;][vc_column][vc_single_image image=&#8220;1046&#8243; img_size=&#8220;full&#8220; css=&#8220;&#8220;][vc_column_text css=&#8220;&#8220;]<\/p>\n<h3>Mach mit: Gemeinsam gestalten wir Krefeld fair<\/h3>\n<h2>Helfende H\u00e4nde und denkende K\u00f6pfe gesucht!<\/h2>\n<p><strong>Du magst es fair und hast ein paar Stunden im Monat Zeit? <\/strong><strong>Dann werde Teil unseres ehrenamtlichen Teams!<\/strong><\/p>\n<p>Deine M\u00f6glichkeiten mitzugestalten:<\/p>\n<ul>\n<li><strong>Im Verkauf:<\/strong> Beratung, Warenauszeichnung oder Regale auff\u00fcllen | ab\u202fca.\u202f4\u202fStd. alle\u202f2\u202fWochen<\/li>\n<li><strong>In der \u00d6ffentlichkeitsarbeit:<\/strong> Website, Instagram, Presse oder Newsletter | ab\u202fca.\u202f2\u202fStd. im\u202fMonat<\/li>\n<li><strong>Im Sortimentsteam:<\/strong> neue Produkte ausw\u00e4hlen und bestellen oder Aktionsregale planen | ab\u202fca.\u202f3\u202fStd. alle\u202f2\u202fWochen<\/li>\n<li><strong>Oder hinter den Kulissen:<\/strong> bei der Bildungsarbeit, politischen Kampagnen, der Team-Organisation, in der Buchhaltung, und Vieles mehr&#8230;<\/li>\n<\/ul>\n<p><strong>Du hast Fragen oder Lust reinzuschnuppern?<\/strong><\/p>\n<p>Dann melde dich bei\u202fChrista\u202fRedeker: info@weltladen-krefeld.de, Tel: 02151\/ 77 63 76<\/p>\n<p><strong>Wir freuen uns auf dich!\u00a0<\/strong><\/p>\n<p>[\/vc_column_text][\/vc_column][\/vc_row][vc_row][vc_column][vc_empty_space][\/vc_column][\/vc_row][vc_row type=&#8220;vc_default&#8220; full_width=&#8220;stretch_row&#8220; gap=&#8220;5&#8243; equal_height=&#8220;yes&#8220; css_animation=&#8220;fadeIn&#8220; bg_type=&#8220;bg_color&#8220; bg_color_value=&#8220;#FFFFFF&#8220; el_class=&#8220;silbentrennung&#8220;][vc_column width=&#8220;1\/3&#8243;][vc_single_image image=&#8220;653&#8243; img_size=&#8220;full&#8220; onclick=&#8220;custom_link&#8220; lazy_loading=&#8220;true&#8220; link=&#8220;https:\/\/fair-rhein.de\/krefeld\/weltladen\/&#8220;][vc_column_text css=&#8220;&#8220;]<\/p>\n<h4><strong>Weltladen<\/strong><\/h4>\n<p>Der Besuch in unserem Weltladen wird zu einer Entdeckungsreise. Tauchen Sie ein in die Welt fremder D\u00fcfte und Geschm\u00e4cker.<br \/>\n<a href=\"https:\/\/fair-rhein.de\/krefeld\/weltladen\/\">&#8230;weiterlesen<\/a>.[\/vc_column_text][\/vc_column][vc_column width=&#8220;1\/3&#8243;][vc_single_image image=&#8220;1045&#8243; img_size=&#8220;full&#8220; onclick=&#8220;custom_link&#8220; css=&#8220;&#8220; link=&#8220;https:\/\/fair-rhein.de\/krefeld\/verein\/&#8220;][vc_column_text css=&#8220;&#8220;]<\/p>\n<h4><strong>Verein<\/strong><\/h4>\n<p>Der Weltladen Krefeld und der dahinterstehende Verein besteht seit 1976. Er unterst\u00fctzt und f\u00f6rdert Entwicklungsprojekte und die Bewusstseinsbildung \u00fcber weltweite Zusammenh\u00e4nge.<br \/>\n<a href=\"https:\/\/fair-rhein.de\/krefeld\/verein\/\">&#8230;weiterlesen<\/a><\/p>\n<p>[\/vc_column_text][\/vc_column][vc_column width=&#8220;1\/3&#8243;][vc_single_image image=&#8220;652&#8243; img_size=&#8220;full&#8220; onclick=&#8220;custom_link&#8220; link=&#8220;https:\/\/fair-rhein.de\/krefeld\/fairer-handel\/&#8220;][vc_column_text css=&#8220;&#8220;]<\/p>\n<h4><strong>Fairer Handel<\/strong><\/h4>\n<p>Fairer Handel ist eine internationale Bewegung f\u00fcr mehr Gerechtigkeit im Welthandel. Er ist eine Handelspartnerschaft, die auf Dialog, Transparenz und Respekt beruht.<br \/>\n<a href=\"https:\/\/fair-rhein.de\/krefeld\/fairer-handel\/\">&#8230;weiterlesen<\/a><\/p>\n<p>[\/vc_column_text][\/vc_column][\/vc_row][vc_row][vc_column][vc_empty_space height=&#8220;52px&#8220;][\/vc_column][\/vc_row][vc_row type=&#8220;vc_default&#8220; full_width=&#8220;stretch_row&#8220;][vc_column][vc_separator css=&#8220;&#8220;][vc_column_text css=&#8220;&#8220;]<\/p>\n<p style=\"text-align: center;\"><strong>&#8222;Wenn die L\u00e4nder des \u00dcberflusses den Entwicklungsl\u00e4ndern gerechte Preise f\u00fcr ihre Produkte zahlen w\u00fcrden, k\u00f6nnten sie ihre Unterst\u00fctzung und ihre Hilfspl\u00e4ne f\u00fcr sich behalten.&#8220; \u00a0<\/strong><br \/>\n<em>Dom Helder Camara<\/em><\/p>\n<p>[\/vc_column_text][vc_separator css=&#8220;&#8220;][\/vc_column][\/vc_row]<\/p>\n<\/div>","protected":false},"excerpt":{"rendered":"<p>[vc_row][vc_column][vc_column_text] Willkommen im ! [\/vc_column_text][\/vc_column][\/vc_row][vc_row][vc_column][vc_column_text]Wir freuen uns, dass Sie sich f\u00fcr uns, unsere Produkte und den Fairen Handel interessieren. Wir&hellip;<\/p>\n","protected":false},"author":23,"featured_media":0,"parent":0,"menu_order":0,"comment_status":"closed","ping_status":"closed","template":"","meta":{"footnotes":""},"class_list":["post-4","page","type-page","status-publish","hentry","description-off"],"_links":{"self":[{"href":"https:\/\/fair-rhein.de\/krefeld\/wp-json\/wp\/v2\/pages\/4","targetHints":{"allow":["GET"]}}],"collection":[{"href":"https:\/\/fair-rhein.de\/krefeld\/wp-json\/wp\/v2\/pages"}],"about":[{"href":"https:\/\/fair-rhein.de\/krefeld\/wp-json\/wp\/v2\/types\/page"}],"author":[{"embeddable":true,"href":"https:\/\/fair-rhein.de\/krefeld\/wp-json\/wp\/v2\/users\/23"}],"replies":[{"embeddable":true,"href":"https:\/\/fair-rhein.de\/krefeld\/wp-json\/wp\/v2\/comments?post=4"}],"version-history":[{"count":49,"href":"https:\/\/fair-rhein.de\/krefeld\/wp-json\/wp\/v2\/pages\/4\/revisions"}],"predecessor-version":[{"id":1072,"href":"https:\/\/fair-rhein.de\/krefeld\/wp-json\/wp\/v2\/pages\/4\/revisions\/1072"}],"wp:attachment":[{"href":"https:\/\/fair-rhein.de\/krefeld\/wp-json\/wp\/v2\/media?parent=4"}],"curies":[{"name":"wp","href":"https:\/\/api.w.org\/{rel}","templated":true}]}}