{"id":88,"date":"2018-03-27T17:00:09","date_gmt":"2018-03-27T15:00:09","guid":{"rendered":"https:\/\/fair-rhein.de\/krefeld\/?page_id=88"},"modified":"2025-12-12T14:15:36","modified_gmt":"2025-12-12T13:15:36","slug":"weltladen","status":"publish","type":"page","link":"https:\/\/fair-rhein.de\/krefeld\/weltladen\/","title":{"rendered":"Weltladen"},"content":{"rendered":"<div class=\"wpb-content-wrapper\"><p>[vc_row][vc_column][vc_column_text]<\/p>\n<h2>Unsere Produkte<\/h2>\n<p><strong>Ein Besuch in unserem Weltladen ist wie eine Entdeckungsreise: ausgew\u00e4hlte Kaffees, hochwertige Accessoires und sch\u00f6ne Geschenkartikel \u2013 hier finden Sie das Beste aus aller Welt. <\/strong>Das Besondere: Durch bessere Preise, Selbstbestimmung und Weiterbildungen stehen die Produzenten im Vordergrund. Unsere fair gehandelten, qualitativ hochwertigen und gr\u00f6\u00dftenteils bio-zertifizierten Lebensmittel beziehen wir von Importorganisationen, die vom Weltladen-Dachverband anerkannt sind.[\/vc_column_text][\/vc_column][\/vc_row][vc_row][vc_column][vc_empty_space height=&#8220;20px&#8220;][\/vc_column][\/vc_row][vc_row][vc_column width=&#8220;1\/3&#8243;][vc_single_image image=&#8220;610&#8243; img_size=&#8220;full&#8220;][\/vc_column][vc_column width=&#8220;2\/3&#8243; css=&#8220;.vc_custom_1765545286030{padding-left: 20px !important;}&#8220;][vc_column_text]<\/p>\n<h3>Lebensmittel<\/h3>\n<p>Neben einer gro\u00dfen Auswahl an Kaffeespezialit\u00e4ten, Teesorten, Schokoladen und frischen Bananen finden Se bei uns auch allerlei Aufstriche, Knabbereien und Getr\u00e4nke. Auf Wunsch stellen wir Ihnen auch genussvolle Geschenkk\u00f6rbe zusammen. <a href=\"#ak-lebensmittel\">+ mehr<\/a>[\/vc_column_text][vc_column_text el_class=&#8220;ek-lebensmittel&#8220;]Bei uns finden Sie u.a.:<\/p>\n<ul>\n<li>viele verschiedene Sorten Kaffee, als Bohne oder gemahlen<\/li>\n<li>eine gro\u00dfe Auswahl an Tee<\/li>\n<li>frische Bananen<\/li>\n<li>Brotaufstriche wie Marmeladen und Honig<\/li>\n<li>Schokoladen und Pralinen in vielen Variationen, auch vegane Sorten<\/li>\n<li>leckere Knabbereien<\/li>\n<li>s\u00fc\u00dfes Geb\u00e4ck und Bonbons<\/li>\n<li>Gew\u00fcrze<\/li>\n<li>Chutneys und Pestos<\/li>\n<li>Wein und S\u00e4fte<\/li>\n<\/ul>\n<p>[\/vc_column_text][\/vc_column][\/vc_row][vc_row][vc_column][vc_empty_space height=&#8220;20px&#8220;][\/vc_column][\/vc_row][vc_row][vc_column width=&#8220;1\/3&#8243;][vc_single_image image=&#8220;611&#8243; img_size=&#8220;full&#8220;][\/vc_column][vc_column width=&#8220;2\/3&#8243; css=&#8220;.vc_custom_1765545302468{padding-left: 20px !important;}&#8220;][vc_column_text]<\/p>\n<h3>Kunsthandwerk<\/h3>\n<p>Lassen Sie sich verzaubern von unserem wechselnden Sortiment an Handwerkskunst aus aller Welt. Neben einer gro\u00dfen Auswahl an Haushaltswaren und Dekoartikeln finden Sie bei uns auch viele Geschenkideen. <a href=\"#ak-kunsthandwerk\">+ mehr<\/a>[\/vc_column_text][vc_column_text el_class=&#8220;ek-kunsthandwerk&#8220;]Was Sie bei uns erwarten k\u00f6nnen:<\/p>\n<ul>\n<li>Haushaltswaren wie Salatbesteck, Brettchen, Geschirrt\u00fccher und Kerzen<\/li>\n<li>Wellness-Artikel wie Seifen, Schw\u00e4mme, R\u00e4ucherst\u00e4bchen und Klangschalen<\/li>\n<li>Ausgew\u00e4hlte Wohndeko wie Wanduhren, Vasen und Schalen<\/li>\n<li>Accessoires wie K\u00f6rbe, Taschen, Silber- und Modeschmuck, sowie Portemonnaies und Schl\u00fcsselanh\u00e4nger<\/li>\n<li>Papierwaren wie Servietten, Postkarten und Geschenkpapier<\/li>\n<\/ul>\n<p>[\/vc_column_text][\/vc_column][\/vc_row][vc_row][vc_column][vc_empty_space height=&#8220;20px&#8220;][\/vc_column][\/vc_row][vc_row][vc_column width=&#8220;1\/3&#8243;][vc_single_image image=&#8220;613&#8243; img_size=&#8220;full&#8220;][\/vc_column][vc_column width=&#8220;2\/3&#8243; css=&#8220;.vc_custom_1765545309148{padding-left: 20px !important;}&#8220;][vc_column_text]<\/p>\n<h3>Textilien<\/h3>\n<p>Neben verschiedenen Schals, M\u00fctzen und Haushaltstextilien finden Sie bei uns auch eine kleine Auswahl an T-Shirts, Jacken, Hosen und Kleidern. Socken und Str\u00fcmpfe sind neu im Sortiment. Sollte die passende Gr\u00f6\u00dfe oder Farbe gerade nicht vorr\u00e4tig sein, bestellen wir gerne f\u00fcr Sie nach.[\/vc_column_text][\/vc_column][\/vc_row][vc_row][vc_column][vc_empty_space height=&#8220;20px&#8220;][\/vc_column][\/vc_row][vc_row][vc_column][vc_separator][vc_empty_space height=&#8220;20px&#8220;][vc_column_text]<\/p>\n<h2>Unsere Mitwirkung bei Ihrer Veranstaltung<\/h2>\n<p>Ob Ausstellungen oder Aktionstage, wenn es unsere Zeit erlaubt machen wir gerne bei Ihren Veranstaltungen mit!\u00a0Sprechen Sie uns einfach an.[\/vc_column_text][\/vc_column][\/vc_row][vc_row][vc_column][vc_empty_space height=&#8220;10px&#8220;][\/vc_column][\/vc_row][vc_row type=&#8220;vc_default&#8220; bg_type=&#8220;bg_color&#8220; bg_color_value=&#8220;#f4f4f4&#8243;][vc_column width=&#8220;1\/3&#8243;][vc_single_image image=&#8220;608&#8243; img_size=&#8220;full&#8220;][\/vc_column][vc_column width=&#8220;2\/3&#8243;][vc_column_text css=&#8220;.vc_custom_1765545253226{padding-top: 20px !important;padding-right: 20px !important;padding-bottom: 20px !important;padding-left: 20px !important;}&#8220;]<\/p>\n<h3>Weltladen als Lernort<\/h3>\n<p>Besuchen Sie unseren Weltladen und erfahren Sie mehr \u00fcber die entwicklungspolitischen Zusammenh\u00e4nge, \u00fcber die Herkunft der Waren und ihre Entstehungsbedingungen. Ob mit einer Schulklasse oder einer anderen Gruppe &#8211; machen Sie einen Termin mit uns aus und lernen Sie unsere Arbeit kennen. Wir freuen uns auf Sie!<\/p>\n<p>[\/vc_column_text][\/vc_column][\/vc_row][vc_row][vc_column][vc_empty_space height=&#8220;20px&#8220;][vc_column_text]<\/p>\n<h2>Ware auf Kommission<\/h2>\n<p>Sie planen eine Veranstaltung zum Fairen Handel und Ihnen fehlen die Produkte? Wir bieten\u00a0Gruppen, Vereinen und Kirchengemeinden die Abgabe von Waren auf Kommissionsbasis an. Kommen Sie vorbei uns lassen Sie sich von uns beraten.[\/vc_column_text][vc_empty_space height=&#8220;20px&#8220;][\/vc_column][\/vc_row][vc_row type=&#8220;vc_default&#8220; bg_type=&#8220;bg_color&#8220; bg_color_value=&#8220;#f4e4be&#8220; css=&#8220;.vc_custom_1765536509799{padding-top: 20px !important;padding-right: 20px !important;padding-bottom: 20px !important;padding-left: 20px !important;}&#8220;][vc_column][vc_column_text css=&#8220;&#8220;]<\/p>\n<h3>Mitarbeit im Weltladen<\/h3>\n<p>Wir suchen Menschen, die Lust haben, sich ehrenamtlich f\u00fcr eine offene, transparente, \u00f6kologische und nachhaltige Form des Wirtschaftens zu engagieren. Ob im Verkauf, der Informations- oder Bildungsarbeit \u2013 die M\u00f6glichkeiten, in unserem Team mitzumachen sind vielf\u00e4ltig und lassen sich bestimmt auch in Ihren Alltag integrieren! Neben regelm\u00e4\u00dfigen Aufgaben gibt es bei uns auch immer wieder einzelne zeitlich befristete Projekte, f\u00fcr die wir Unterst\u00fctzer\/innen suchen. Viele Aufgaben erfordern keine speziellen Vorkenntnisse, sondern nur Bereitschaft, Ihre F\u00e4higkeiten einzubringen und eventuell in neuen Bereichen dazuzulernen.<\/p>\n<p>Wir bieten \u2026<\/p>\n<ul>\n<li>ein offenes Team aus Engagierten mit vielf\u00e4ltigen M\u00f6glichkeiten, sich selbst einzubringen.<\/li>\n<li>eine Gemeinschaft, die Sie herzlich aufnimmt, einarbeitet und bei Fragen zur Verf\u00fcgung steht<\/li>\n<li>Fortbildungsm\u00f6glichkeiten nach Ihren Interessen und Aufgaben. (Einkauf, Verkauf, Dekoration, \u00d6ffentlichkeitsarbeit, Aktionen, usw.)<\/li>\n<\/ul>\n<p><strong>Wir freuen uns auf Sie!<\/strong><\/p>\n<p>Ansprechpartnerin: Christa Redeker, Tel: 02151 776376, <a href=\"mailto:info@weltladen-krefeld.de\">info@weltladen-krefeld.de<\/a><\/p>\n<p>[\/vc_column_text][\/vc_column][\/vc_row]<\/p>\n<\/div>","protected":false},"excerpt":{"rendered":"<p>[vc_row][vc_column][vc_column_text] Unsere Produkte Ein Besuch in unserem Weltladen ist wie eine Entdeckungsreise: ausgew\u00e4hlte Kaffees, hochwertige Accessoires und sch\u00f6ne Geschenkartikel \u2013&hellip;<\/p>\n","protected":false},"author":23,"featured_media":0,"parent":0,"menu_order":0,"comment_status":"closed","ping_status":"closed","template":"","meta":{"footnotes":""},"class_list":["post-88","page","type-page","status-publish","hentry","description-off"],"_links":{"self":[{"href":"https:\/\/fair-rhein.de\/krefeld\/wp-json\/wp\/v2\/pages\/88","targetHints":{"allow":["GET"]}}],"collection":[{"href":"https:\/\/fair-rhein.de\/krefeld\/wp-json\/wp\/v2\/pages"}],"about":[{"href":"https:\/\/fair-rhein.de\/krefeld\/wp-json\/wp\/v2\/types\/page"}],"author":[{"embeddable":true,"href":"https:\/\/fair-rhein.de\/krefeld\/wp-json\/wp\/v2\/users\/23"}],"replies":[{"embeddable":true,"href":"https:\/\/fair-rhein.de\/krefeld\/wp-json\/wp\/v2\/comments?post=88"}],"version-history":[{"count":43,"href":"https:\/\/fair-rhein.de\/krefeld\/wp-json\/wp\/v2\/pages\/88\/revisions"}],"predecessor-version":[{"id":662,"href":"https:\/\/fair-rhein.de\/krefeld\/wp-json\/wp\/v2\/pages\/88\/revisions\/662"}],"wp:attachment":[{"href":"https:\/\/fair-rhein.de\/krefeld\/wp-json\/wp\/v2\/media?parent=88"}],"curies":[{"name":"wp","href":"https:\/\/api.w.org\/{rel}","templated":true}]}}