{"id":4,"date":"2017-12-08T11:54:23","date_gmt":"2017-12-08T10:54:23","guid":{"rendered":"https:\/\/fair-rhein.de\/moers\/?page_id=4"},"modified":"2021-07-12T21:11:36","modified_gmt":"2021-07-12T19:11:36","slug":"startseite","status":"publish","type":"page","link":"https:\/\/fair-rhein.de\/moers\/","title":{"rendered":"Startseite"},"content":{"rendered":"<div class=\"wpb-content-wrapper\"><p>[vc_row][vc_column][vc_column_text]<\/p>\n<h2>Willkommen im Weltladen Moers !<\/h2>\n<p>[\/vc_column_text][\/vc_column][\/vc_row][vc_row][vc_column][vc_column_text]Wir freuen uns, dass Sie sich f\u00fcr uns, unsere Produkte und den Fairen Handel interessieren.<br \/>\nWir w\u00fcnschen Ihnen viel FAIRgn\u00fcgen beim Surfen auf unserer Website und freuen uns auf einen Besuch im Weltladen.[\/vc_column_text][vc_empty_space height=&#8220;20px&#8220;][\/vc_column][\/vc_row][vc_row type=&#8220;vc_default&#8220; full_width=&#8220;stretch_row&#8220; gap=&#8220;5&#8243; equal_height=&#8220;yes&#8220; css_animation=&#8220;fadeIn&#8220; bg_type=&#8220;bg_color&#8220; el_class=&#8220;silbentrennung&#8220;][vc_column width=&#8220;1\/2&#8243;][vc_single_image image=&#8220;1056&#8243; img_size=&#8220;full&#8220; onclick=&#8220;custom_link&#8220; lazy_loading=&#8220;true&#8220; link=&#8220;https:\/\/fair-rhein.de\/moers\/weltladen\/&#8220;][vc_column_text]<\/p>\n<h4><strong>Weltladen<\/strong><\/h4>\n<p>Der Besuch in unserem Weltladen wird zu einer Entdeckungsreise. Tauchen Sie ein in die Welt fremder D\u00fcfte und Geschm\u00e4cker. <a href=\"https:\/\/fair-rhein.de\/moers\/weltladen\/\">+ schauen Sie rein<\/a>.[\/vc_column_text][\/vc_column][vc_column width=&#8220;1\/2&#8243;][vc_single_image image=&#8220;649&#8243; img_size=&#8220;full&#8220; onclick=&#8220;custom_link&#8220; link=&#8220;https:\/\/fair-rhein.de\/moers\/aktuelles\/&#8220;][vc_column_text]<\/p>\n<h4><strong>Aktuelles\u00a0<\/strong><\/h4>\n<p>Hier finden Sie alle Neuigkeiten zu besonderen Aktionen und unsere kommenden Termine. <a href=\"https:\/\/fair-rhein.de\/moers\/aktuelles\/\">+ mehr erfahren<\/a>.[\/vc_column_text][\/vc_column][\/vc_row][vc_row type=&#8220;vc_default&#8220; full_width=&#8220;stretch_row&#8220; gap=&#8220;5&#8243; equal_height=&#8220;yes&#8220; css_animation=&#8220;fadeIn&#8220; bg_type=&#8220;bg_color&#8220; el_class=&#8220;silbentrennung&#8220;][vc_column width=&#8220;1\/2&#8243;][vc_single_image image=&#8220;652&#8243; img_size=&#8220;full&#8220; onclick=&#8220;custom_link&#8220; link=&#8220;https:\/\/fair-rhein.de\/moers\/fairer-handel\/&#8220;][vc_column_text]<\/p>\n<h4><strong>Fairer Handel<\/strong><\/h4>\n<p>Fairer Handel ist eine internationale Bewegung f\u00fcr mehr Gerechtigkeit im Welthandel. Er ist eine Handelspartnerschaft, die auf Dialog, Transparenz und Respekt beruht. <a href=\"https:\/\/fair-rhein.de\/moers\/fairer-handel\/\">+ weiterlesen<\/a>[\/vc_column_text][\/vc_column][vc_column width=&#8220;1\/2&#8243;][vc_single_image image=&#8220;870&#8243; img_size=&#8220;full&#8220; onclick=&#8220;custom_link&#8220; link=&#8220;https:\/\/fair-rhein.de\/moers\/ueber-uns\/&#8220;][vc_column_text]<\/p>\n<h4><strong>\u00dcber uns<\/strong><\/h4>\n<p>Der Arbeitskreis Weltladen Moers hat sich im Jahr 2020 gebildet. Er unterst\u00fctzt die Produzenten im Fairen Handel und f\u00f6rdert die Bewusstseinsbildung f\u00fcr Nachhaltigkeit und entwicklungspolitische Zusammenh\u00e4nge. <a href=\"https:\/\/fair-rhein.de\/moers\/ueber-uns\/\">+ weiterlesen<\/a>[\/vc_column_text][\/vc_column][\/vc_row][vc_row][vc_column][vc_empty_space height=&#8220;40px&#8220;][\/vc_column][\/vc_row][vc_row type=&#8220;vc_default&#8220; full_width=&#8220;stretch_row&#8220; bg_type=&#8220;bg_color&#8220; css=&#8220;.vc_custom_1622273091297{border-top-width: 2px !important;border-right-width: 0px !important;border-bottom-width: 2px !important;border-left-width: 0px !important;border-left-color: #e77600 !important;border-left-style: dotted !important;border-right-color: #e77600 !important;border-right-style: dotted !important;border-top-color: #e77600 !important;border-top-style: dotted !important;border-bottom-color: #e77600 !important;border-bottom-style: dotted !important;border-radius: 3px !important;}&#8220;][vc_column][vc_column_text]<\/p>\n<p style=\"text-align: center\">Wenn viele kleine Menschen an vielen kleinen Orten viele kleine Schritte tun,<br \/>\nkann sich das Gesicht der Welt ver\u00e4ndern (Spruch aus Afrika)<\/p>\n<p>[\/vc_column_text][\/vc_column][\/vc_row]<\/p>\n<\/div>","protected":false},"excerpt":{"rendered":"<p>[vc_row][vc_column][vc_column_text] Willkommen im ! [\/vc_column_text][\/vc_column][\/vc_row][vc_row][vc_column][vc_column_text]Wir freuen uns, dass Sie sich f\u00fcr uns, unsere Produkte und den Fairen Handel interessieren. Wir&hellip;<\/p>\n","protected":false},"author":23,"featured_media":0,"parent":0,"menu_order":0,"comment_status":"closed","ping_status":"closed","template":"","meta":{"footnotes":""},"class_list":["post-4","page","type-page","status-publish","hentry","description-off"],"_links":{"self":[{"href":"https:\/\/fair-rhein.de\/moers\/wp-json\/wp\/v2\/pages\/4","targetHints":{"allow":["GET"]}}],"collection":[{"href":"https:\/\/fair-rhein.de\/moers\/wp-json\/wp\/v2\/pages"}],"about":[{"href":"https:\/\/fair-rhein.de\/moers\/wp-json\/wp\/v2\/types\/page"}],"author":[{"embeddable":true,"href":"https:\/\/fair-rhein.de\/moers\/wp-json\/wp\/v2\/users\/23"}],"replies":[{"embeddable":true,"href":"https:\/\/fair-rhein.de\/moers\/wp-json\/wp\/v2\/comments?post=4"}],"version-history":[{"count":36,"href":"https:\/\/fair-rhein.de\/moers\/wp-json\/wp\/v2\/pages\/4\/revisions"}],"predecessor-version":[{"id":864,"href":"https:\/\/fair-rhein.de\/moers\/wp-json\/wp\/v2\/pages\/4\/revisions\/864"}],"wp:attachment":[{"href":"https:\/\/fair-rhein.de\/moers\/wp-json\/wp\/v2\/media?parent=4"}],"curies":[{"name":"wp","href":"https:\/\/api.w.org\/{rel}","templated":true}]}}