{"id":80,"date":"2018-01-15T20:34:54","date_gmt":"2018-01-15T19:34:54","guid":{"rendered":"https:\/\/fair-rhein.de\/moers\/?page_id=80"},"modified":"2024-04-01T12:08:35","modified_gmt":"2024-04-01T10:08:35","slug":"ueber-uns","status":"publish","type":"page","link":"https:\/\/fair-rhein.de\/moers\/ueber-uns\/","title":{"rendered":"\u00dcber uns"},"content":{"rendered":"<div class=\"wpb-content-wrapper\"><p>[vc_row][vc_column][vc_column_text]<\/p>\n<h2>Wer wir sind \u2026<\/h2>\n<p>Wir sind eine offene Gruppe Moerser B\u00fcrger und B\u00fcrgerinnen, die sich f\u00fcr entwicklungspolitische Themen engagiert. Das Engagement begann schon 1979 im Arbeitskreis eine Welt des CVJM in Moers, der in den R\u00e4umen der Kirchengemeinde Faire Produkte verkaufte. Viele von uns haben im Jahr 2020 im <a href=\"https:\/\/fair-rhein.de\/weltgarten\/ueber-den-weltgarten\/\">Weltgarten <\/a>auf der Landesgartenschau mit Bildungsarbeit und Kundenbetreuung Erfahrung gesammelt.\u00a0Das waren sch\u00f6ne Erlebnisse. Am Ende hie\u00df es, und was machen wir jetzt? So ist die Idee entstanden, in der Innenstadt von Moers einen Weltladen zu gr\u00fcnden.<\/p>\n<p>Wir stehen nicht allein, sondern haben mit dem Verein zur F\u00f6rderung des fairen Handel(n)s am Niederrhein, kurz fair|rhein, eine organisatorische Heimat gefunden. Die dort vorhandene \u00fcber 40 \u2013 j\u00e4hrige Erfahrung hilft uns sehr, unser Vorhaben zu realisieren. Der Weltladen Moers ist organisatorisch in den fair|rhein eingebunden, so dass wir uns bei vielen organisatorischen Einzelheiten, die im Hintergrund sein m\u00fcssen, auf bew\u00e4hrte Strukturen st\u00fctzen k\u00f6nnen.[\/vc_column_text][\/vc_column][\/vc_row][vc_row][vc_column][vc_empty_space][vc_column_text]<\/p>\n<h2>Was wir wollen \u2026<\/h2>\n<ul>\n<li><strong>Ma\u00dfnahmen f\u00f6rdern<\/strong>, die eine wesentliche Ver\u00e4nderung f\u00fcr die Lebenssituation der \u00e4rmeren Bev\u00f6lkerung in L\u00e4ndern des Globalen S\u00fcdens bewirken mit dem Ziel gr\u00f6\u00dferer Gerechtigkeit,<\/li>\n<li><strong>uns wehren<\/strong> gegen die Ausbeutung und Zerst\u00f6rung der Natur unserer Erde zu Gunsten weniger und zum Schaden der weit \u00fcberwiegenden Mehrheit der Menschen auf der Welt,<\/li>\n<li><strong>unser Verhalten<\/strong> im reichen Norden zu Gunsten benachteiligter L\u00e4nder nachhaltig verbessern,<\/li>\n<li><strong>also handeln<\/strong> im Sinne der 17 Ziele f\u00fcr eine nachhaltige Entwicklung der Vereinten Nationen, die in der Agenda 2030 formuliert wurden.<\/li>\n<\/ul>\n<p>[\/vc_column_text][vc_empty_space][\/vc_column][\/vc_row][vc_row][vc_column][vc_column_text]<\/p>\n<h2>Was wir tun &#8230;<\/h2>\n<ul>\n<li>Wir verkaufen in unserem Weltladen fair gehandelte Waren.<\/li>\n<li>Wir informieren durch Gespr\u00e4che im Laden, durch Bildungs- und Kulturveranstaltungen sowie Aktionen.<\/li>\n<li>Wir arbeiten mit im Netzwerk f\u00fcr den <a href=\"https:\/\/fair-rhein.de\/netzwerk\/warum-ein-netzwerk\/\">Fairen Handel am Niederrhein<\/a><\/li>\n<li>Wir engagieren uns in der Steuerungsgruppe <a href=\"https:\/\/www.fairtrade-towns.de\/fairtrade-towns\/stadt\/moers\">Fairtrade-Town Moers<\/a> und arbeiten gerne mit den Fairtrade Schulen der Region zusammen.<\/li>\n<li>Wir unterst\u00fctzen durch unsere Mitgliedschaft die Arbeit verschiedener entwicklungspolitischer Organisationen, so das <a href=\"https:\/\/eine-welt-netz-nrw.de\/index.php?id=933\">Eine Welt Netz NRW <\/a>, den <a href=\"https:\/\/www.weltladen.de\/\">Weltladen Dachverband<\/a> oder <a href=\"https:\/\/www.oikocredit.de\/\">Oikocredit.<\/a><\/li>\n<li>Wir f\u00f6rdern mit den \u00dcbersch\u00fcssen, die wir im Fairen Handel erwirtschaften, Projekte des Fairen Handels, aber auch lokale Organisationen, die sich entwicklungspolitisch engagieren, wie das <a href=\"https:\/\/www.mbigili.de\/\">Kinderdorf Mbigili<\/a> \u00a0in Tansania, den <a href=\"https:\/\/www.bildung-fuer-togo-nv.de\/\">Verein Bildung f\u00fcr Togo<\/a> ,\u00a0die Partnerschaft des Kirchenkreises Moers mit <a href=\"https:\/\/aegypten.ekir.de\/beni-suef\/\">El Bayad<\/a> in \u00c4gypten oder zusammen mit dem <a href=\"https:\/\/kirche-asberg.de\/eine-welt-laden.html\">Weltladen in Asberg<\/a> den Verein <a href=\"https:\/\/aldea-laura.de\/\">ZUKUNFT F\u00dcR KINDER \u2013 ALDEA LAURA E.V.<\/a> , der ein Schulprojekt im Hochland von Guatemala unterst\u00fctzt.<\/li>\n<\/ul>\n<p>[\/vc_column_text][vc_empty_space][\/vc_column][\/vc_row][vc_row][vc_column][vc_column_text]<\/p>\n<h2>Unterst\u00fctzen Sie uns \u2026<\/h2>\n<p>Wenn Sie unsere Arbeit unterst\u00fctzen m\u00f6chten, k\u00f6nnen Sie dies auf vielf\u00e4ltige Weise tun:<\/p>\n<ul>\n<li><strong>Werden Sie Kunde<\/strong>\u00a0und kaufen Sie fair gehandelte Produkte im Weltladen.<\/li>\n<li><strong>Werden Sie Mitglied<\/strong>\u00a0im Verein.<\/li>\n<\/ul>\n<p><strong>Oder machen Sie mit im Weltladen:\u00a0<\/strong><\/p>\n<p>Wir suchen Menschen, die Lust haben, sich ehrenamtlich f\u00fcr eine offene, transparente, \u00f6kologische und nachhaltige Form des Wirtschaftens zu engagieren. Ob im Verkauf, der Informations- oder Bildungsarbeit \u2013 die M\u00f6glichkeiten, in unserem Team mitzumachen sind vielf\u00e4ltig und lassen sich bestimmt auch in Ihren Alltag integrieren! Neben regelm\u00e4\u00dfigen Aufgaben gibt es bei uns auch immer wieder einzelne zeitlich befristete Projekte, f\u00fcr die wir Unterst\u00fctzer\/innen suchen. Viele Aufgaben erfordern keine speziellen Vorkenntnisse, sondern nur Bereitschaft, Ihre F\u00e4higkeiten einzubringen und eventuell in neuen Bereichen dazuzulernen.<\/p>\n<p>Wir bieten \u2026<\/p>\n<ul>\n<li>ein offenes Team aus Engagierten mit vielf\u00e4ltigen M\u00f6glichkeiten, sich selbst einzubringen.<\/li>\n<li>eine Gemeinschaft, die Sie herzlich aufnimmt, einarbeitet und bei Fragen zur Verf\u00fcgung steht<\/li>\n<li>Fortbildungsm\u00f6glichkeiten nach Ihren Interessen und Aufgaben. (Einkauf, Verkauf, Dekoration, \u00d6ffentlichkeitsarbeit, Aktionen, usw.)<\/li>\n<\/ul>\n<p><strong>Wir freuen uns auf Sie!<\/strong><\/p>\n<p>Ansprechpartnerin: Klara Menzel-Schmeer, Tel. 02066 416717, <a href=\"mailto:kontakt@weltladenmoers.de\">kontakt@weltladenmoers.de<\/a>[\/vc_column_text][vc_empty_space][\/vc_column][\/vc_row]<\/p>\n<\/div>","protected":false},"excerpt":{"rendered":"<p>[vc_row][vc_column][vc_column_text] Wer wir sind \u2026 Wir sind eine offene Gruppe Moerser B\u00fcrger und B\u00fcrgerinnen, die sich f\u00fcr entwicklungspolitische Themen engagiert.&hellip;<\/p>\n","protected":false},"author":23,"featured_media":0,"parent":0,"menu_order":0,"comment_status":"closed","ping_status":"closed","template":"","meta":{"footnotes":""},"class_list":["post-80","page","type-page","status-publish","hentry","description-off"],"_links":{"self":[{"href":"https:\/\/fair-rhein.de\/moers\/wp-json\/wp\/v2\/pages\/80","targetHints":{"allow":["GET"]}}],"collection":[{"href":"https:\/\/fair-rhein.de\/moers\/wp-json\/wp\/v2\/pages"}],"about":[{"href":"https:\/\/fair-rhein.de\/moers\/wp-json\/wp\/v2\/types\/page"}],"author":[{"embeddable":true,"href":"https:\/\/fair-rhein.de\/moers\/wp-json\/wp\/v2\/users\/23"}],"replies":[{"embeddable":true,"href":"https:\/\/fair-rhein.de\/moers\/wp-json\/wp\/v2\/comments?post=80"}],"version-history":[{"count":28,"href":"https:\/\/fair-rhein.de\/moers\/wp-json\/wp\/v2\/pages\/80\/revisions"}],"predecessor-version":[{"id":1525,"href":"https:\/\/fair-rhein.de\/moers\/wp-json\/wp\/v2\/pages\/80\/revisions\/1525"}],"wp:attachment":[{"href":"https:\/\/fair-rhein.de\/moers\/wp-json\/wp\/v2\/media?parent=80"}],"curies":[{"name":"wp","href":"https:\/\/api.w.org\/{rel}","templated":true}]}}