{"id":88,"date":"2018-03-27T17:00:09","date_gmt":"2018-03-27T15:00:09","guid":{"rendered":"https:\/\/fair-rhein.de\/moers\/?page_id=88"},"modified":"2023-10-08T17:34:34","modified_gmt":"2023-10-08T15:34:34","slug":"weltladen","status":"publish","type":"page","link":"https:\/\/fair-rhein.de\/moers\/weltladen\/","title":{"rendered":"Weltladen"},"content":{"rendered":"<div class=\"wpb-content-wrapper\"><p>[vc_row][vc_column][vc_column_text]<\/p>\n<h1>Der Weltladen Moers<\/h1>\n<p>[\/vc_column_text][vc_column_text]<\/p>\n<h2>Unsere Produkte<\/h2>\n<p><strong>Ein Besuch in unserem Weltladen ist wie eine Entdeckungsreise: ausgew\u00e4hlte Kaffees, nachhaltige Textilien, hochwertige Accessoires und sch\u00f6ne Geschenkartikel \u2013 hier finden Sie das Beste aus aller Welt.<\/strong> Das Besondere: Durch bessere Preise, Selbstbestimmung und Weiterbildungen stehen die Produzenten im Vordergrund. Unsere fair gehandelten, qualitativ hochwertigen und vielfach bio-zertifizierten Produkte beziehen wir von Importorganisationen, die vom Weltladen-Dachverband anerkannt sind. Damit stellen wir sicher, dass alle Produkte entsprechend den Grunds\u00e4tzen des fairen Handels produziert und gehandelt wurden. Auf Wunsch k\u00f6nnen wir die Herkunft jedes einzelnen Produktes aufzeigen.[\/vc_column_text][\/vc_column][\/vc_row][vc_row][vc_column width=&#8220;1\/3&#8243;][vc_single_image image=&#8220;862&#8243; img_size=&#8220;full&#8220;][\/vc_column][vc_column width=&#8220;2\/3&#8243;][vc_column_text]<\/p>\n<h3>Lebensmittel<\/h3>\n<p>Neben einer gro\u00dfen Auswahl an Kaffeespezialit\u00e4ten, Teesorten und Schokoladen finden Sie bei uns auch allerlei Aufstriche, Knabbereien und Getr\u00e4nke. Auf Wunsch stellen wir Ihnen auch genussvolle Geschenkk\u00f6rbe zusammen. <a href=\"#ak-lebensmittel\">+ mehr<\/a>[\/vc_column_text][vc_column_text el_class=&#8220;ek-lebensmittel&#8220;]Unser Angebot umfasst u.a.:<\/p>\n<ul>\n<li>viele verschiedene Sorten Kaffee, als Bohne oder gemahlen<\/li>\n<li>eine gro\u00dfe Auswahl an Tee<\/li>\n<li>Brotaufstriche wie Marmeladen, Nougatcreme und Honig<\/li>\n<li>Schokoladen und Pralinen in vielen Variationen, auch vegane Sorten<\/li>\n<li>leckere Knabbereien, s\u00fc\u00dfes Geb\u00e4ck und Bonbons<\/li>\n<li>Reis und H\u00fclsenfr\u00fcchte<\/li>\n<li>Gew\u00fcrze und Gew\u00fcrzmischungen aller Art<\/li>\n<li style=\"list-style-type: none\"><\/li>\n<li>Saucen, Chutneys und Pestos<\/li>\n<li>Wein und S\u00e4fte<\/li>\n<\/ul>\n<p>[\/vc_column_text][\/vc_column][\/vc_row][vc_row][vc_column][vc_empty_space height=&#8220;20px&#8220;][\/vc_column][\/vc_row][vc_row][vc_column width=&#8220;1\/3&#8243;][vc_single_image image=&#8220;1050&#8243; img_size=&#8220;full&#8220;][\/vc_column][vc_column width=&#8220;2\/3&#8243;][vc_column_text]<\/p>\n<h3>Kunsthandwerk<\/h3>\n<p>Lassen Sie sich verzaubern von unserem wechselnden Sortiment an Handwerkskunst aus aller Welt. Neben einer gro\u00dfen Auswahl an Lederwaren, K\u00f6rben, Haushaltswaren und Dekoartikeln finden Sie bei uns auch viele Geschenkideen. <a href=\"#ak-kunsthandwerk\">+ mehr<\/a>[\/vc_column_text][vc_column_text el_class=&#8220;ek-kunsthandwerk&#8220;]Was Sie bei uns erwarten k\u00f6nnen:<\/p>\n<ul>\n<li>Haushaltswaren aus Holz, Geschirrt\u00fccher, Sch\u00fcrzen und Kerzen<\/li>\n<li>Wellness-Artikel wie Seifen, Schw\u00e4mme und R\u00e4ucherst\u00e4bchen<\/li>\n<li>Ausgew\u00e4hlte Wohndeko wie Wanduhren, Vasen und Schalen<\/li>\n<li>Accessoires wie K\u00f6rbe, Taschen sowie Portemonnaies und Schl\u00fcsselanh\u00e4nger<\/li>\n<li>Papierwaren wie Papierbl\u00fcten, Postkarten und Geschenkpapier<\/li>\n<li>Sitzkissen und Untersetzer aus Filz<\/li>\n<li>Schmuck<\/li>\n<\/ul>\n<p>[\/vc_column_text][\/vc_column][\/vc_row][vc_row][vc_column][vc_empty_space height=&#8220;20px&#8220;][\/vc_column][\/vc_row][vc_row][vc_column width=&#8220;1\/3&#8243;][vc_single_image image=&#8220;863&#8243; img_size=&#8220;full&#8220;][\/vc_column][vc_column width=&#8220;2\/3&#8243;][vc_column_text]<\/p>\n<h3>Textilien<\/h3>\n<p>Neben verschiedenen Schals, M\u00fctzen und Haushaltstextilien finden Sie bei uns auch eine Auswahl an fairer Bekleidung wie T-Shirts, Jacken, Hosen und Kleider. Fairtrade &#8211; Mode ist nachhaltig, \u00f6kologisch und ein echtes Gegenkonzept gegen Fast Fashion. Sollte die passende Gr\u00f6\u00dfe oder Farbe gerade nicht vorr\u00e4tig sein, sprechen Sie uns an, wir beraten Sie gerne und bestellen gerne f\u00fcr Sie nach.[\/vc_column_text][\/vc_column][\/vc_row][vc_row][vc_column][vc_empty_space height=&#8220;20px&#8220;][\/vc_column][\/vc_row][vc_row][vc_column][vc_separator][vc_empty_space height=&#8220;20px&#8220;][vc_column_text]<\/p>\n<h2>Unsere Mitwirkung bei Ihrer Veranstaltung<\/h2>\n<p>Ob Schulprojekte, Ausstellungen oder Aktionstage, wenn es unsere Zeit erlaubt, machen wir gerne bei Ihren Veranstaltungen mit. Wir k\u00f6nnen auch gerne einen Vortrag aus dem weiten Themenbereich des Fairen Handels vereinbaren. Sprechen Sie uns einfach an.\u201c[\/vc_column_text][\/vc_column][\/vc_row][vc_row][vc_column][vc_empty_space height=&#8220;10px&#8220;][\/vc_column][\/vc_row][vc_row type=&#8220;vc_default&#8220; bg_type=&#8220;bg_color&#8220; bg_color_value=&#8220;#f4f4f4&#8243;][vc_column][vc_column_text]<\/p>\n<h2>Weltladen als Lernort<\/h2>\n<p>Besuchen Sie unseren Weltladen und erfahren Sie mehr \u00fcber die entwicklungspolitischen Zusammenh\u00e4nge, \u00fcber die Herkunft der Waren und ihre Entstehungsbedingungen. Ob mit einer Schulklasse oder einer anderen Gruppe &#8211; machen Sie einen Termin mit uns aus und lernen Sie unsere Arbeit kennen. Wir freuen uns auf Sie![\/vc_column_text][\/vc_column][\/vc_row][vc_row][vc_column][vc_empty_space height=&#8220;20px&#8220;][vc_column_text]<\/p>\n<h2>Ware auf Kommission<\/h2>\n<p>Sie planen eine Veranstaltung zum Fairen Handel und Ihnen fehlen die Produkte? Wir bieten Gruppen, Vereinen und Kirchengemeinden die Abgabe von Waren auf Kommissionsbasis an. Kommen Sie vorbei und lassen Sie sich von uns beraten.[\/vc_column_text][vc_empty_space height=&#8220;20px&#8220;][\/vc_column][\/vc_row][vc_row type=&#8220;vc_default&#8220; bg_type=&#8220;bg_color&#8220; bg_color_value=&#8220;#f4e4be&#8220;][vc_column][vc_column_text]<\/p>\n<h3>Mitarbeit im Weltladen<\/h3>\n<p>Wir suchen Menschen, die Lust haben, sich ehrenamtlich f\u00fcr eine offene, transparente, \u00f6kologische und nachhaltige Form des Wirtschaftens zu engagieren. Ob im Verkauf, der Informations- oder Bildungsarbeit \u2013 die M\u00f6glichkeiten, in unserem Team mitzumachen, sind vielf\u00e4ltig und lassen sich bestimmt auch in Ihren Alltag integrieren! Neben regelm\u00e4\u00dfigen Aufgaben gibt es bei uns auch immer wieder einzelne zeitlich befristete Projekte, f\u00fcr die wir Unterst\u00fctzer\/innen suchen. Viele Aufgaben erfordern keine speziellen Vorkenntnisse, sondern nur Bereitschaft, Ihre F\u00e4higkeiten einzubringen und eventuell in neuen Bereichen dazuzulernen.<\/p>\n<p>Wir bieten \u2026<\/p>\n<ul>\n<li>ein offenes Team aus Engagierten mit vielf\u00e4ltigen M\u00f6glichkeiten, sich selbst einzubringen.<\/li>\n<li>eine Gemeinschaft, die Sie herzlich aufnimmt, einarbeitet und bei Fragen zur Verf\u00fcgung steht<\/li>\n<li>Fortbildungsm\u00f6glichkeiten nach Ihren Interessen und Aufgaben. (Einkauf, Verkauf, Dekoration, \u00d6ffentlichkeitsarbeit, Aktionen, usw.)<\/li>\n<\/ul>\n<p><strong>Wir freuen uns auf Sie!<\/strong><\/p>\n<p>Ansprechpartnerin: Klara Menzel-Schmeer, Tel. 02066 416717, <a href=\"mailto:kontakt@weltladen-moers.de\">kontakt@weltladen-moers.de<\/a>[\/vc_column_text][\/vc_column][\/vc_row][vc_row][vc_column][vc_empty_space height=&#8220;20px&#8220;][vc_column_text]<\/p>\n<h2>Wir sind Mitglied im Weltladen-Dachverband<\/h2>\n<p>[\/vc_column_text][vc_row_inner][vc_column_inner width=&#8220;1\/4&#8243; css=&#8220;.vc_custom_1622273760883{padding-right: 5px !important;}&#8220;][vc_single_image image=&#8220;872&#8243; img_size=&#8220;full&#8220; onclick=&#8220;custom_link&#8220; img_link_target=&#8220;_blank&#8220; link=&#8220;https:\/\/www.weltladen.de\/&#8220;][\/vc_column_inner][vc_column_inner width=&#8220;3\/4&#8243;][vc_column_text]Der Weltladen-Dachverband ist das zentrale Netzwerk der Weltl\u00e4den und Aktionsgruppen f\u00fcr Fairen Handel auf Bundesebene. Er unterst\u00fctzt Weltl\u00e4den in allen Bereichen ihrer Arbeit, entwickelt Informations-, Kampagnen- und Schulungsmaterialien, bietet Fortbildungen an und organisiert mit den j\u00e4hrlichen Weltladen-Fachtagen das gr\u00f6\u00dfte Treffen f\u00fcr Weltl\u00e4den und ihre Partner. Mit seinen \u00dcberpr\u00fcfungs- und Monitoringinstrumenten leistet er dar\u00fcber hinaus einen wertvollen Beitrag zur Glaubw\u00fcrdigkeit der Weltl\u00e4den.[\/vc_column_text][\/vc_column_inner][\/vc_row_inner][\/vc_column][\/vc_row]<\/p>\n<\/div>","protected":false},"excerpt":{"rendered":"<p>[vc_row][vc_column][vc_column_text] Der Weltladen Moers [\/vc_column_text][vc_column_text] Unsere Produkte Ein Besuch in unserem Weltladen ist wie eine Entdeckungsreise: ausgew\u00e4hlte Kaffees, nachhaltige Textilien,&hellip;<\/p>\n","protected":false},"author":23,"featured_media":0,"parent":0,"menu_order":0,"comment_status":"closed","ping_status":"closed","template":"","meta":{"footnotes":""},"class_list":["post-88","page","type-page","status-publish","hentry","description-off"],"_links":{"self":[{"href":"https:\/\/fair-rhein.de\/moers\/wp-json\/wp\/v2\/pages\/88","targetHints":{"allow":["GET"]}}],"collection":[{"href":"https:\/\/fair-rhein.de\/moers\/wp-json\/wp\/v2\/pages"}],"about":[{"href":"https:\/\/fair-rhein.de\/moers\/wp-json\/wp\/v2\/types\/page"}],"author":[{"embeddable":true,"href":"https:\/\/fair-rhein.de\/moers\/wp-json\/wp\/v2\/users\/23"}],"replies":[{"embeddable":true,"href":"https:\/\/fair-rhein.de\/moers\/wp-json\/wp\/v2\/comments?post=88"}],"version-history":[{"count":53,"href":"https:\/\/fair-rhein.de\/moers\/wp-json\/wp\/v2\/pages\/88\/revisions"}],"predecessor-version":[{"id":1398,"href":"https:\/\/fair-rhein.de\/moers\/wp-json\/wp\/v2\/pages\/88\/revisions\/1398"}],"wp:attachment":[{"href":"https:\/\/fair-rhein.de\/moers\/wp-json\/wp\/v2\/media?parent=88"}],"curies":[{"name":"wp","href":"https:\/\/api.w.org\/{rel}","templated":true}]}}