{"id":1132,"date":"2021-08-11T15:41:54","date_gmt":"2021-08-11T13:41:54","guid":{"rendered":"https:\/\/fair-rhein.de\/osterath\/weltladen\/produkt-des-monats-2\/"},"modified":"2023-02-07T17:35:56","modified_gmt":"2023-02-07T16:35:56","slug":"sonnenglas","status":"publish","type":"page","link":"https:\/\/fair-rhein.de\/osterath\/weltladen\/sonnenglas\/","title":{"rendered":"Das Sonnenglas"},"content":{"rendered":"<div class=\"wpb-content-wrapper\"><p>[vc_row][vc_column width=&#8220;2\/3&#8243;][vc_column_text]<\/p>\n<h1 style=\"text-align: center\">Sonnenglas\u00ae<\/h1>\n<h3 style=\"text-align: center\">Wieder eingetroffen!<\/h3>\n<p>Das Prinzip dieser Solarlampe ist simpel und geradezu genial: Das SONNENGLAS\u00ae speichert w\u00e4hrend des Tages Energie, die es nachts in Form von Licht wieder abgibt. Diese Methode der Lichterzeugung ist nachhaltig, stellt einen einfachen Weg dar, umweltbewusst zu leben und macht einfach Spa\u00df.<\/p>\n<p>Das SONNENGLAS\u00ae ist mit LEDs ausgestattet, die \u00fcber ein Solar-Sonnenmodul im Deckel aufgeladen werden. Wenn Sie es in die Sonne stellen, wird der integrierte Akku aufgeladen und die LEDs spenden dann f\u00fcr viele Stunden weiches und helles Licht. Im Inneren gibt es einen USB-Anschluss, \u00fcber den man den Akku ca. alle zwei bis drei Monate einmal vollst\u00e4ndig laden sollte, um die Lebensdauer zu erh\u00f6hen.<\/p>\n<p>Das SONNENGLAS\u00ae ist ideal als Solar-Laterne, Gartenlampe, f\u00fcr den romantisch gedeckten Tisch, Grillpartys, Camping, zur Dekoration, zum Essen im Freien\u2026 einfach f\u00fcr alle Outdoor-Aktivit\u00e4ten, bei denen Sie nach Sonnenuntergang eine gem\u00fctliche, idyllische Abendstimmung erzeugen m\u00f6chten.<\/p>\n<p>Das SONNENGLAS\u00ae ist ein echtes Fair-Trade Produkt aus S\u00fcdafrika. Die SONNENGLAS\u00ae Produktion hat bisher \u00fcber 65 Vollzeit-Arbeitspl\u00e4tze f\u00fcr zuvor arbeitslose M\u00e4nner und Frauen aus Alexandra und Soweto geschaffen; sie stellen es zum Gro\u00dfteil in Handarbeit her. Das garantiert h\u00f6chste Qualit\u00e4t und lange Lebensdauer.[\/vc_column_text][\/vc_column][vc_column width=&#8220;1\/3&#8243;][vc_single_image image=&#8220;1085&#8243; img_size=&#8220;large&#8220; onclick=&#8220;link_image&#8220;][vc_single_image image=&#8220;1087&#8243; img_size=&#8220;large&#8220; onclick=&#8220;link_image&#8220;][vc_single_image image=&#8220;1088&#8243; img_size=&#8220;large&#8220; onclick=&#8220;link_image&#8220;][vc_column_text]<\/p>\n<p style=\"text-align: center\">gro\u00df (1.000 ml): 34,50 \u20ac<\/p>\n<p>[\/vc_column_text][\/vc_column][\/vc_row]<\/p>\n<\/div>","protected":false},"excerpt":{"rendered":"<p>[vc_row][vc_column width=&#8220;2\/3&#8243;][vc_column_text] Sonnenglas\u00ae Wieder eingetroffen! Das Prinzip dieser Solarlampe ist simpel und geradezu genial: Das SONNENGLAS\u00ae speichert w\u00e4hrend des Tages&hellip;<\/p>\n","protected":false},"author":26,"featured_media":0,"parent":88,"menu_order":0,"comment_status":"closed","ping_status":"closed","template":"","meta":{"footnotes":""},"class_list":["post-1132","page","type-page","status-publish","hentry","description-off"],"yoast_head":"<!-- This site is optimized with the Yoast SEO plugin v23.4 - https:\/\/yoast.com\/wordpress\/plugins\/seo\/ -->\n<title>Das Sonnenglas - Weltladen Osterath<\/title>\n<meta name=\"robots\" content=\"index, follow, max-snippet:-1, max-image-preview:large, max-video-preview:-1\" \/>\n<link rel=\"canonical\" href=\"https:\/\/fair-rhein.de\/osterath\/weltladen\/sonnenglas\/\" \/>\n<meta property=\"og:locale\" content=\"de_DE\" \/>\n<meta property=\"og:type\" content=\"article\" \/>\n<meta property=\"og:title\" content=\"Das Sonnenglas - Weltladen Osterath\" \/>\n<meta property=\"og:description\" content=\"[vc_row][vc_column width=&#8220;2\/3&#8243;][vc_column_text] Sonnenglas\u00ae Wieder eingetroffen! Das Prinzip dieser Solarlampe ist simpel und geradezu genial: Das SONNENGLAS\u00ae speichert w\u00e4hrend des Tages&hellip;\" \/>\n<meta property=\"og:url\" content=\"https:\/\/fair-rhein.de\/osterath\/weltladen\/sonnenglas\/\" \/>\n<meta property=\"og:site_name\" content=\"Weltladen Osterath\" \/>\n<meta property=\"article:publisher\" content=\"https:\/\/www.facebook.com\/WeltladenOsterath\/\" \/>\n<meta property=\"article:modified_time\" content=\"2023-02-07T16:35:56+00:00\" \/>\n<meta name=\"twitter:card\" content=\"summary_large_image\" \/>\n<meta name=\"twitter:label1\" content=\"Gesch\u00e4tzte Lesezeit\" \/>\n\t<meta name=\"twitter:data1\" content=\"2\u00a0Minuten\" \/>\n<script type=\"application\/ld+json\" class=\"yoast-schema-graph\">{\"@context\":\"https:\/\/schema.org\",\"@graph\":[{\"@type\":\"WebPage\",\"@id\":\"https:\/\/fair-rhein.de\/osterath\/weltladen\/sonnenglas\/\",\"url\":\"https:\/\/fair-rhein.de\/osterath\/weltladen\/sonnenglas\/\",\"name\":\"Das Sonnenglas - Weltladen Osterath\",\"isPartOf\":{\"@id\":\"https:\/\/fair-rhein.de\/osterath\/#website\"},\"datePublished\":\"2021-08-11T13:41:54+00:00\",\"dateModified\":\"2023-02-07T16:35:56+00:00\",\"breadcrumb\":{\"@id\":\"https:\/\/fair-rhein.de\/osterath\/weltladen\/sonnenglas\/#breadcrumb\"},\"inLanguage\":\"de\",\"potentialAction\":[{\"@type\":\"ReadAction\",\"target\":[\"https:\/\/fair-rhein.de\/osterath\/weltladen\/sonnenglas\/\"]}]},{\"@type\":\"BreadcrumbList\",\"@id\":\"https:\/\/fair-rhein.de\/osterath\/weltladen\/sonnenglas\/#breadcrumb\",\"itemListElement\":[{\"@type\":\"ListItem\",\"position\":1,\"name\":\"Startseite\",\"item\":\"https:\/\/fair-rhein.de\/osterath\/\"},{\"@type\":\"ListItem\",\"position\":2,\"name\":\"Weltladen\",\"item\":\"https:\/\/fair-rhein.de\/osterath\/weltladen\/\"},{\"@type\":\"ListItem\",\"position\":3,\"name\":\"Das Sonnenglas\"}]},{\"@type\":\"WebSite\",\"@id\":\"https:\/\/fair-rhein.de\/osterath\/#website\",\"url\":\"https:\/\/fair-rhein.de\/osterath\/\",\"name\":\"Weltladen Osterath\",\"description\":\"Fair gehandelte Waren aus aller Welt.\",\"potentialAction\":[{\"@type\":\"SearchAction\",\"target\":{\"@type\":\"EntryPoint\",\"urlTemplate\":\"https:\/\/fair-rhein.de\/osterath\/?s={search_term_string}\"},\"query-input\":{\"@type\":\"PropertyValueSpecification\",\"valueRequired\":true,\"valueName\":\"search_term_string\"}}],\"inLanguage\":\"de\"}]}<\/script>\n<!-- \/ Yoast SEO plugin. -->","yoast_head_json":{"title":"Das Sonnenglas - Weltladen Osterath","robots":{"index":"index","follow":"follow","max-snippet":"max-snippet:-1","max-image-preview":"max-image-preview:large","max-video-preview":"max-video-preview:-1"},"canonical":"https:\/\/fair-rhein.de\/osterath\/weltladen\/sonnenglas\/","og_locale":"de_DE","og_type":"article","og_title":"Das Sonnenglas - Weltladen Osterath","og_description":"[vc_row][vc_column width=&#8220;2\/3&#8243;][vc_column_text] Sonnenglas\u00ae Wieder eingetroffen! Das Prinzip dieser Solarlampe ist simpel und geradezu genial: Das SONNENGLAS\u00ae speichert w\u00e4hrend des Tages&hellip;","og_url":"https:\/\/fair-rhein.de\/osterath\/weltladen\/sonnenglas\/","og_site_name":"Weltladen Osterath","article_publisher":"https:\/\/www.facebook.com\/WeltladenOsterath\/","article_modified_time":"2023-02-07T16:35:56+00:00","twitter_card":"summary_large_image","twitter_misc":{"Gesch\u00e4tzte Lesezeit":"2\u00a0Minuten"},"schema":{"@context":"https:\/\/schema.org","@graph":[{"@type":"WebPage","@id":"https:\/\/fair-rhein.de\/osterath\/weltladen\/sonnenglas\/","url":"https:\/\/fair-rhein.de\/osterath\/weltladen\/sonnenglas\/","name":"Das Sonnenglas - Weltladen Osterath","isPartOf":{"@id":"https:\/\/fair-rhein.de\/osterath\/#website"},"datePublished":"2021-08-11T13:41:54+00:00","dateModified":"2023-02-07T16:35:56+00:00","breadcrumb":{"@id":"https:\/\/fair-rhein.de\/osterath\/weltladen\/sonnenglas\/#breadcrumb"},"inLanguage":"de","potentialAction":[{"@type":"ReadAction","target":["https:\/\/fair-rhein.de\/osterath\/weltladen\/sonnenglas\/"]}]},{"@type":"BreadcrumbList","@id":"https:\/\/fair-rhein.de\/osterath\/weltladen\/sonnenglas\/#breadcrumb","itemListElement":[{"@type":"ListItem","position":1,"name":"Startseite","item":"https:\/\/fair-rhein.de\/osterath\/"},{"@type":"ListItem","position":2,"name":"Weltladen","item":"https:\/\/fair-rhein.de\/osterath\/weltladen\/"},{"@type":"ListItem","position":3,"name":"Das Sonnenglas"}]},{"@type":"WebSite","@id":"https:\/\/fair-rhein.de\/osterath\/#website","url":"https:\/\/fair-rhein.de\/osterath\/","name":"Weltladen Osterath","description":"Fair gehandelte Waren aus aller Welt.","potentialAction":[{"@type":"SearchAction","target":{"@type":"EntryPoint","urlTemplate":"https:\/\/fair-rhein.de\/osterath\/?s={search_term_string}"},"query-input":{"@type":"PropertyValueSpecification","valueRequired":true,"valueName":"search_term_string"}}],"inLanguage":"de"}]}},"_links":{"self":[{"href":"https:\/\/fair-rhein.de\/osterath\/wp-json\/wp\/v2\/pages\/1132","targetHints":{"allow":["GET"]}}],"collection":[{"href":"https:\/\/fair-rhein.de\/osterath\/wp-json\/wp\/v2\/pages"}],"about":[{"href":"https:\/\/fair-rhein.de\/osterath\/wp-json\/wp\/v2\/types\/page"}],"author":[{"embeddable":true,"href":"https:\/\/fair-rhein.de\/osterath\/wp-json\/wp\/v2\/users\/26"}],"replies":[{"embeddable":true,"href":"https:\/\/fair-rhein.de\/osterath\/wp-json\/wp\/v2\/comments?post=1132"}],"version-history":[{"count":11,"href":"https:\/\/fair-rhein.de\/osterath\/wp-json\/wp\/v2\/pages\/1132\/revisions"}],"predecessor-version":[{"id":1224,"href":"https:\/\/fair-rhein.de\/osterath\/wp-json\/wp\/v2\/pages\/1132\/revisions\/1224"}],"up":[{"embeddable":true,"href":"https:\/\/fair-rhein.de\/osterath\/wp-json\/wp\/v2\/pages\/88"}],"wp:attachment":[{"href":"https:\/\/fair-rhein.de\/osterath\/wp-json\/wp\/v2\/media?parent=1132"}],"curies":[{"name":"wp","href":"https:\/\/api.w.org\/{rel}","templated":true}]}}