{"id":1152,"date":"2021-09-20T11:24:59","date_gmt":"2021-09-20T09:24:59","guid":{"rendered":"https:\/\/fair-rhein.de\/osterath\/weltladen\/produkt-des-monats-2\/"},"modified":"2023-11-17T16:40:39","modified_gmt":"2023-11-17T15:40:39","slug":"kokosnussschalen","status":"publish","type":"page","link":"https:\/\/fair-rhein.de\/osterath\/weltladen\/kokosnussschalen\/","title":{"rendered":"Kokosnussschalen"},"content":{"rendered":"<div class=\"wpb-content-wrapper\"><p>[vc_row][vc_column][vc_column_text]<\/p>\n<h3><strong>Kokosnussschalen<img loading=\"lazy\" decoding=\"async\" class=\"size-full wp-image-1280 alignright\" src=\"https:\/\/fair-rhein.de\/osterath\/wp-content\/uploads\/sites\/4\/2023\/11\/Kokosschalen-2.jpg\" alt=\"\" width=\"592\" height=\"800\" srcset=\"https:\/\/fair-rhein.de\/osterath\/wp-content\/uploads\/sites\/4\/2023\/11\/Kokosschalen-2.jpg 592w, https:\/\/fair-rhein.de\/osterath\/wp-content\/uploads\/sites\/4\/2023\/11\/Kokosschalen-2-222x300.jpg 222w\" sizes=\"auto, (max-width: 592px) 100vw, 592px\" \/><\/strong><\/h3>\n<div class=\"\" dir=\"auto\">\n<div id=\":ra1:\" class=\"x1iorvi4 x1pi30zi x1l90r2v x1swvt13\" data-ad-comet-preview=\"message\" data-ad-preview=\"message\">\n<div class=\"x78zum5 xdt5ytf xz62fqu x16ldp7u\">\n<div class=\"xu06os2 x1ok221b\">\n<div class=\"xdj266r x11i5rnm xat24cr x1mh8g0r x1vvkbs x126k92a\">\n<div dir=\"auto\">Wir haben wieder neue, bildsch\u00f6ne Kokosnussschalen f\u00fcr euch. Ein ideales Geschenk auch in der Weihnachtszeit.<\/div>\n<\/div>\n<div class=\"x11i5rnm xat24cr x1mh8g0r x1vvkbs xtlvy1s x126k92a\">\n<div dir=\"auto\"><\/div>\n<\/div>\n<div class=\"x11i5rnm xat24cr x1mh8g0r x1vvkbs xtlvy1s x126k92a\">\n<div dir=\"auto\">Bei der Produktion von Kokosnuss\u00f6l sind die Kokosnussschalen ein Beiprodukt, welches normalerweise offen verbrannt wird. Dies ist leider ein umweltverschmutzendes Unterfangen, da es unn\u00f6tigerweise viel CO2 und Methan ausst\u00f6\u00dft. Anstelle dessen, k\u00f6nnen die Kokosnussschalen auch in ein n\u00fctzliches Produkt verwandelt werden.<\/div>\n<\/div>\n<div class=\"x11i5rnm xat24cr x1mh8g0r x1vvkbs xtlvy1s x126k92a\">\n<div dir=\"auto\">Kokosnussschalen sind ideal f\u00fcr Upcycling, da sie in starke, nat\u00fcrliche Bowl Schalen transformiert werden k\u00f6nnen. Das Material ist in gro\u00dfen Mengen verf\u00fcgbar und kompostierbar.<\/div>\n<\/div>\n<\/div>\n<\/div>\n<\/div>\n<\/div>\n<h4>Die Schalen kosten 12,90 \u20ac<\/h4>\n<p>[\/vc_column_text][\/vc_column][\/vc_row]<\/p>\n<\/div>","protected":false},"excerpt":{"rendered":"<p>[vc_row][vc_column][vc_column_text] Kokosnussschalen Wir haben wieder neue, bildsch\u00f6ne Kokosnussschalen f\u00fcr euch. Ein ideales Geschenk auch in der Weihnachtszeit. Bei der Produktion&hellip;<\/p>\n","protected":false},"author":26,"featured_media":0,"parent":88,"menu_order":0,"comment_status":"closed","ping_status":"closed","template":"","meta":{"footnotes":""},"class_list":["post-1152","page","type-page","status-publish","hentry","description-off"],"yoast_head":"<!-- This site is optimized with the Yoast SEO plugin v23.4 - https:\/\/yoast.com\/wordpress\/plugins\/seo\/ -->\n<title>Kokosnussschalen - Weltladen Osterath<\/title>\n<meta name=\"robots\" content=\"index, follow, max-snippet:-1, max-image-preview:large, max-video-preview:-1\" \/>\n<link rel=\"canonical\" href=\"https:\/\/fair-rhein.de\/osterath\/weltladen\/kokosnussschalen\/\" \/>\n<meta property=\"og:locale\" content=\"de_DE\" \/>\n<meta property=\"og:type\" content=\"article\" \/>\n<meta property=\"og:title\" content=\"Kokosnussschalen - Weltladen Osterath\" \/>\n<meta property=\"og:description\" content=\"[vc_row][vc_column][vc_column_text] Kokosnussschalen Wir haben wieder neue, bildsch\u00f6ne Kokosnussschalen f\u00fcr euch. Ein ideales Geschenk auch in der Weihnachtszeit. Bei der Produktion&hellip;\" \/>\n<meta property=\"og:url\" content=\"https:\/\/fair-rhein.de\/osterath\/weltladen\/kokosnussschalen\/\" \/>\n<meta property=\"og:site_name\" content=\"Weltladen Osterath\" \/>\n<meta property=\"article:publisher\" content=\"https:\/\/www.facebook.com\/WeltladenOsterath\/\" \/>\n<meta property=\"article:modified_time\" content=\"2023-11-17T15:40:39+00:00\" \/>\n<meta property=\"og:image\" content=\"https:\/\/fair-rhein.de\/osterath\/wp-content\/uploads\/sites\/4\/2023\/11\/Kokosschalen-2.jpg\" \/>\n<meta name=\"twitter:card\" content=\"summary_large_image\" \/>\n<meta name=\"twitter:label1\" content=\"Gesch\u00e4tzte Lesezeit\" \/>\n\t<meta name=\"twitter:data1\" content=\"1\u00a0Minute\" \/>\n<script type=\"application\/ld+json\" class=\"yoast-schema-graph\">{\"@context\":\"https:\/\/schema.org\",\"@graph\":[{\"@type\":\"WebPage\",\"@id\":\"https:\/\/fair-rhein.de\/osterath\/weltladen\/kokosnussschalen\/\",\"url\":\"https:\/\/fair-rhein.de\/osterath\/weltladen\/kokosnussschalen\/\",\"name\":\"Kokosnussschalen - Weltladen Osterath\",\"isPartOf\":{\"@id\":\"https:\/\/fair-rhein.de\/osterath\/#website\"},\"primaryImageOfPage\":{\"@id\":\"https:\/\/fair-rhein.de\/osterath\/weltladen\/kokosnussschalen\/#primaryimage\"},\"image\":{\"@id\":\"https:\/\/fair-rhein.de\/osterath\/weltladen\/kokosnussschalen\/#primaryimage\"},\"thumbnailUrl\":\"https:\/\/fair-rhein.de\/osterath\/wp-content\/uploads\/sites\/4\/2023\/11\/Kokosschalen-2.jpg\",\"datePublished\":\"2021-09-20T09:24:59+00:00\",\"dateModified\":\"2023-11-17T15:40:39+00:00\",\"breadcrumb\":{\"@id\":\"https:\/\/fair-rhein.de\/osterath\/weltladen\/kokosnussschalen\/#breadcrumb\"},\"inLanguage\":\"de\",\"potentialAction\":[{\"@type\":\"ReadAction\",\"target\":[\"https:\/\/fair-rhein.de\/osterath\/weltladen\/kokosnussschalen\/\"]}]},{\"@type\":\"ImageObject\",\"inLanguage\":\"de\",\"@id\":\"https:\/\/fair-rhein.de\/osterath\/weltladen\/kokosnussschalen\/#primaryimage\",\"url\":\"https:\/\/fair-rhein.de\/osterath\/wp-content\/uploads\/sites\/4\/2023\/11\/Kokosschalen-2.jpg\",\"contentUrl\":\"https:\/\/fair-rhein.de\/osterath\/wp-content\/uploads\/sites\/4\/2023\/11\/Kokosschalen-2.jpg\",\"width\":592,\"height\":800},{\"@type\":\"BreadcrumbList\",\"@id\":\"https:\/\/fair-rhein.de\/osterath\/weltladen\/kokosnussschalen\/#breadcrumb\",\"itemListElement\":[{\"@type\":\"ListItem\",\"position\":1,\"name\":\"Startseite\",\"item\":\"https:\/\/fair-rhein.de\/osterath\/\"},{\"@type\":\"ListItem\",\"position\":2,\"name\":\"Weltladen\",\"item\":\"https:\/\/fair-rhein.de\/osterath\/weltladen\/\"},{\"@type\":\"ListItem\",\"position\":3,\"name\":\"Kokosnussschalen\"}]},{\"@type\":\"WebSite\",\"@id\":\"https:\/\/fair-rhein.de\/osterath\/#website\",\"url\":\"https:\/\/fair-rhein.de\/osterath\/\",\"name\":\"Weltladen Osterath\",\"description\":\"Fair gehandelte Waren aus aller Welt.\",\"potentialAction\":[{\"@type\":\"SearchAction\",\"target\":{\"@type\":\"EntryPoint\",\"urlTemplate\":\"https:\/\/fair-rhein.de\/osterath\/?s={search_term_string}\"},\"query-input\":{\"@type\":\"PropertyValueSpecification\",\"valueRequired\":true,\"valueName\":\"search_term_string\"}}],\"inLanguage\":\"de\"}]}<\/script>\n<!-- \/ Yoast SEO plugin. -->","yoast_head_json":{"title":"Kokosnussschalen - Weltladen Osterath","robots":{"index":"index","follow":"follow","max-snippet":"max-snippet:-1","max-image-preview":"max-image-preview:large","max-video-preview":"max-video-preview:-1"},"canonical":"https:\/\/fair-rhein.de\/osterath\/weltladen\/kokosnussschalen\/","og_locale":"de_DE","og_type":"article","og_title":"Kokosnussschalen - Weltladen Osterath","og_description":"[vc_row][vc_column][vc_column_text] Kokosnussschalen Wir haben wieder neue, bildsch\u00f6ne Kokosnussschalen f\u00fcr euch. Ein ideales Geschenk auch in der Weihnachtszeit. Bei der Produktion&hellip;","og_url":"https:\/\/fair-rhein.de\/osterath\/weltladen\/kokosnussschalen\/","og_site_name":"Weltladen Osterath","article_publisher":"https:\/\/www.facebook.com\/WeltladenOsterath\/","article_modified_time":"2023-11-17T15:40:39+00:00","og_image":[{"url":"https:\/\/fair-rhein.de\/osterath\/wp-content\/uploads\/sites\/4\/2023\/11\/Kokosschalen-2.jpg"}],"twitter_card":"summary_large_image","twitter_misc":{"Gesch\u00e4tzte Lesezeit":"1\u00a0Minute"},"schema":{"@context":"https:\/\/schema.org","@graph":[{"@type":"WebPage","@id":"https:\/\/fair-rhein.de\/osterath\/weltladen\/kokosnussschalen\/","url":"https:\/\/fair-rhein.de\/osterath\/weltladen\/kokosnussschalen\/","name":"Kokosnussschalen - Weltladen Osterath","isPartOf":{"@id":"https:\/\/fair-rhein.de\/osterath\/#website"},"primaryImageOfPage":{"@id":"https:\/\/fair-rhein.de\/osterath\/weltladen\/kokosnussschalen\/#primaryimage"},"image":{"@id":"https:\/\/fair-rhein.de\/osterath\/weltladen\/kokosnussschalen\/#primaryimage"},"thumbnailUrl":"https:\/\/fair-rhein.de\/osterath\/wp-content\/uploads\/sites\/4\/2023\/11\/Kokosschalen-2.jpg","datePublished":"2021-09-20T09:24:59+00:00","dateModified":"2023-11-17T15:40:39+00:00","breadcrumb":{"@id":"https:\/\/fair-rhein.de\/osterath\/weltladen\/kokosnussschalen\/#breadcrumb"},"inLanguage":"de","potentialAction":[{"@type":"ReadAction","target":["https:\/\/fair-rhein.de\/osterath\/weltladen\/kokosnussschalen\/"]}]},{"@type":"ImageObject","inLanguage":"de","@id":"https:\/\/fair-rhein.de\/osterath\/weltladen\/kokosnussschalen\/#primaryimage","url":"https:\/\/fair-rhein.de\/osterath\/wp-content\/uploads\/sites\/4\/2023\/11\/Kokosschalen-2.jpg","contentUrl":"https:\/\/fair-rhein.de\/osterath\/wp-content\/uploads\/sites\/4\/2023\/11\/Kokosschalen-2.jpg","width":592,"height":800},{"@type":"BreadcrumbList","@id":"https:\/\/fair-rhein.de\/osterath\/weltladen\/kokosnussschalen\/#breadcrumb","itemListElement":[{"@type":"ListItem","position":1,"name":"Startseite","item":"https:\/\/fair-rhein.de\/osterath\/"},{"@type":"ListItem","position":2,"name":"Weltladen","item":"https:\/\/fair-rhein.de\/osterath\/weltladen\/"},{"@type":"ListItem","position":3,"name":"Kokosnussschalen"}]},{"@type":"WebSite","@id":"https:\/\/fair-rhein.de\/osterath\/#website","url":"https:\/\/fair-rhein.de\/osterath\/","name":"Weltladen Osterath","description":"Fair gehandelte Waren aus aller Welt.","potentialAction":[{"@type":"SearchAction","target":{"@type":"EntryPoint","urlTemplate":"https:\/\/fair-rhein.de\/osterath\/?s={search_term_string}"},"query-input":{"@type":"PropertyValueSpecification","valueRequired":true,"valueName":"search_term_string"}}],"inLanguage":"de"}]}},"_links":{"self":[{"href":"https:\/\/fair-rhein.de\/osterath\/wp-json\/wp\/v2\/pages\/1152","targetHints":{"allow":["GET"]}}],"collection":[{"href":"https:\/\/fair-rhein.de\/osterath\/wp-json\/wp\/v2\/pages"}],"about":[{"href":"https:\/\/fair-rhein.de\/osterath\/wp-json\/wp\/v2\/types\/page"}],"author":[{"embeddable":true,"href":"https:\/\/fair-rhein.de\/osterath\/wp-json\/wp\/v2\/users\/26"}],"replies":[{"embeddable":true,"href":"https:\/\/fair-rhein.de\/osterath\/wp-json\/wp\/v2\/comments?post=1152"}],"version-history":[{"count":5,"href":"https:\/\/fair-rhein.de\/osterath\/wp-json\/wp\/v2\/pages\/1152\/revisions"}],"predecessor-version":[{"id":1284,"href":"https:\/\/fair-rhein.de\/osterath\/wp-json\/wp\/v2\/pages\/1152\/revisions\/1284"}],"up":[{"embeddable":true,"href":"https:\/\/fair-rhein.de\/osterath\/wp-json\/wp\/v2\/pages\/88"}],"wp:attachment":[{"href":"https:\/\/fair-rhein.de\/osterath\/wp-json\/wp\/v2\/media?parent=1152"}],"curies":[{"name":"wp","href":"https:\/\/api.w.org\/{rel}","templated":true}]}}