{"id":175,"date":"2018-01-17T10:12:01","date_gmt":"2018-01-17T09:12:01","guid":{"rendered":"https:\/\/fair-rhein.de\/osterath\/?page_id=175"},"modified":"2018-02-07T10:19:17","modified_gmt":"2018-02-07T09:19:17","slug":"spenden","status":"publish","type":"page","link":"https:\/\/fair-rhein.de\/osterath\/spenden\/","title":{"rendered":"Spenden"},"content":{"rendered":"\n<div class=\"wpcf7 no-js\" id=\"wpcf7-f174-o1\" lang=\"de-DE\" dir=\"ltr\">\n<div class=\"screen-reader-response\"><p role=\"status\" aria-live=\"polite\" aria-atomic=\"true\"><\/p> <ul><\/ul><\/div>\n<form action=\"\/osterath\/wp-json\/wp\/v2\/pages\/175#wpcf7-f174-o1\" method=\"post\" class=\"wpcf7-form init\" aria-label=\"Kontaktformular\" novalidate=\"novalidate\" data-status=\"init\">\n<div style=\"display: none;\">\n<input type=\"hidden\" name=\"_wpcf7\" value=\"174\" \/>\n<input type=\"hidden\" name=\"_wpcf7_version\" value=\"5.9.8\" \/>\n<input type=\"hidden\" name=\"_wpcf7_locale\" value=\"de_DE\" \/>\n<input type=\"hidden\" name=\"_wpcf7_unit_tag\" value=\"wpcf7-f174-o1\" \/>\n<input type=\"hidden\" name=\"_wpcf7_container_post\" value=\"0\" \/>\n<input type=\"hidden\" name=\"_wpcf7_posted_data_hash\" value=\"\" \/>\n<input type=\"hidden\" name=\"_wpcf7dtx_version\" value=\"5.0.3\" \/>\n<\/div>\n<h4>Spendenbetrag\n<\/h4>\n<p><label> Spendenbeitrag in Euro*<br \/>\n<span class=\"wpcf7-form-control-wrap spendenbeitrag\" data-name=\"spendenbeitrag\"><input type=\"text\" name=\"spendenbeitrag\" class=\"wpcf7-form-control wpcf7-text wpcf7dtx wpcf7dtx-text\" aria-invalid=\"false\"><\/span><\/label>\n<\/p>\n<p><label> Zahlungsrhythmus*<br \/>\n<span class=\"wpcf7-form-control-wrap\" data-name=\"zahlungsrythmus\"><select class=\"wpcf7-form-control wpcf7-select\" aria-invalid=\"false\" name=\"zahlungsrythmus\"><option value=\"\">&#8211; Bitte ausw\u00e4hlen &#8211;<\/option><option value=\"Monatlich\">Monatlich<\/option><option value=\"Viertelj\u00e4hrlich\">Viertelj\u00e4hrlich<\/option><option value=\"Halbj\u00e4hrlich\">Halbj\u00e4hrlich<\/option><option value=\"J\u00e4hrlich\">J\u00e4hrlich<\/option><option value=\"Einmalig\">Einmalig<\/option><\/select><\/span><br \/>\n<\/label>\n<\/p>\n<p><label> Verwendungszweck*<br \/>\n<span class=\"wpcf7-form-control-wrap\" data-name=\"Verwendungszweck\"><input size=\"40\" maxlength=\"400\" class=\"wpcf7-form-control wpcf7-text wpcf7-validates-as-required\" aria-required=\"true\" aria-invalid=\"false\" value=\"\" type=\"text\" name=\"Verwendungszweck\" \/><\/span><br \/>\n<\/label>\n<\/p>\n<h4>Ihre Bankverbindung\n<\/h4>\n<p>Die Lastschrift kann jederzeit mit sofortiger Wirkung widerrufen werden.\n<\/p>\n<p><label> KontoinhaberIn*<br \/>\n<span class=\"wpcf7-form-control-wrap\" data-name=\"kontoinhaber\"><input size=\"40\" maxlength=\"400\" class=\"wpcf7-form-control wpcf7-text wpcf7-validates-as-required\" aria-required=\"true\" aria-invalid=\"false\" value=\"\" type=\"text\" name=\"kontoinhaber\" \/><\/span> <\/label>\n<\/p>\n<p><label> IBAN*<br \/>\n<span class=\"wpcf7-form-control-wrap\" data-name=\"iban\"><input size=\"40\" maxlength=\"400\" class=\"wpcf7-form-control wpcf7-text wpcf7-validates-as-required\" aria-required=\"true\" aria-invalid=\"false\" value=\"\" type=\"text\" name=\"iban\" \/><\/span> <\/label>\n<\/p>\n<p><label> BIC (nicht ben\u00f6tigt bei deutschem Konto)<br \/>\n<span class=\"wpcf7-form-control-wrap\" data-name=\"bic\"><input size=\"40\" maxlength=\"400\" class=\"wpcf7-form-control wpcf7-text\" aria-invalid=\"false\" value=\"\" type=\"text\" name=\"bic\" \/><\/span> <\/label>\n<\/p>\n<h4>Ihre Adressdaten\n<\/h4>\n<p><label> Vor- und Nachname*<br \/>\n<span class=\"wpcf7-form-control-wrap\" data-name=\"spender-name\"><input size=\"40\" maxlength=\"400\" class=\"wpcf7-form-control wpcf7-text wpcf7-validates-as-required\" aria-required=\"true\" aria-invalid=\"false\" value=\"\" type=\"text\" name=\"spender-name\" \/><\/span> <\/label>\n<\/p>\n<p><label> Stra\u00dfe und Hausnummer*<br \/>\n<span class=\"wpcf7-form-control-wrap\" data-name=\"strasse\"><input size=\"40\" maxlength=\"400\" class=\"wpcf7-form-control wpcf7-text wpcf7-validates-as-required\" aria-required=\"true\" aria-invalid=\"false\" value=\"\" type=\"text\" name=\"strasse\" \/><\/span> <\/label>\n<\/p>\n<p><label> PLZ und Ort*<br \/>\n<span class=\"wpcf7-form-control-wrap\" data-name=\"ort\"><input size=\"40\" maxlength=\"400\" class=\"wpcf7-form-control wpcf7-text wpcf7-validates-as-required\" aria-required=\"true\" aria-invalid=\"false\" value=\"\" type=\"text\" name=\"ort\" \/><\/span> <\/label>\n<\/p>\n<p><label> Land*<br \/>\n<span class=\"wpcf7-form-control-wrap\" data-name=\"land\"><input size=\"40\" maxlength=\"400\" class=\"wpcf7-form-control wpcf7-text\" aria-invalid=\"false\" placeholder=\"Deutschland\" value=\"\" type=\"text\" name=\"land\" \/><\/span><\/label>\n<\/p>\n<p><label> E-Mail-Adresse*<br \/>\n<span class=\"wpcf7-form-control-wrap\" data-name=\"email-adresse\"><input size=\"40\" maxlength=\"400\" class=\"wpcf7-form-control wpcf7-email wpcf7-validates-as-required wpcf7-text wpcf7-validates-as-email\" aria-required=\"true\" aria-invalid=\"false\" value=\"\" type=\"email\" name=\"email-adresse\" \/><\/span> <\/label>\n<\/p>\n<p><label> Telefonnummer<br \/>\n<span class=\"wpcf7-form-control-wrap\" data-name=\"telefon\"><input size=\"40\" maxlength=\"400\" class=\"wpcf7-form-control wpcf7-tel wpcf7-text wpcf7-validates-as-tel\" aria-invalid=\"false\" value=\"\" type=\"tel\" name=\"telefon\" \/><\/span> <\/label>\n<\/p>\n<p><label> Ihre Nachricht (optional)<br \/>\n<span class=\"wpcf7-form-control-wrap\" data-name=\"your-message\"><textarea cols=\"40\" rows=\"10\" maxlength=\"2000\" class=\"wpcf7-form-control wpcf7-textarea\" aria-invalid=\"false\" name=\"your-message\"><\/textarea><\/span> <\/label>\n<\/p>\n<p><span class=\"wpcf7-form-control-wrap\" data-name=\"acceptance-395\"><span class=\"wpcf7-form-control wpcf7-acceptance\"><span class=\"wpcf7-list-item\"><label><input type=\"checkbox\" name=\"acceptance-395\" value=\"1\" aria-invalid=\"false\" \/><span class=\"wpcf7-list-item-label\">Ich erkl\u00e4re mich damit einverstanden, dass meine Daten ausschlie\u00dflich zum Zwecke der Spendenabwicklung gespeichert werden. Ich kann diese Einwilligung jederzeit widerrufen. Mehr Infos <a href=\"\/datenschutz\">Datenschutz<\/a><\/span><\/label><\/span><\/span><\/span>\n<\/p>\n<p><input class=\"wpcf7-form-control wpcf7-submit has-spinner\" type=\"submit\" value=\"Senden\" \/>\n<\/p><div class=\"wpcf7-response-output\" aria-hidden=\"true\"><\/div>\n<\/form>\n<\/div>\n\n","protected":false},"excerpt":{"rendered":"<p>Spendenbetrag Spendenbeitrag in Euro* Zahlungsrhythmus* &#8211; Bitte ausw\u00e4hlen &#8211;MonatlichViertelj\u00e4hrlichHalbj\u00e4hrlichJ\u00e4hrlichEinmalig Verwendungszweck* Ihre Bankverbindung Die Lastschrift kann jederzeit mit sofortiger Wirkung widerrufen&hellip;<\/p>\n","protected":false},"author":23,"featured_media":0,"parent":0,"menu_order":9,"comment_status":"closed","ping_status":"closed","template":"","meta":{"footnotes":""},"class_list":["post-175","page","type-page","status-publish","hentry","description-off"],"yoast_head":"<!-- This site is optimized with the Yoast SEO plugin v23.4 - https:\/\/yoast.com\/wordpress\/plugins\/seo\/ -->\n<title>Spenden - Weltladen Osterath<\/title>\n<meta name=\"description\" content=\"Wenn Sie unsere Projekte in Kenia, Afghanistan und Brasilien unterst\u00fctzen m\u00f6chten, k\u00f6nnen Sie hier das Spendenformular verwenden.\" \/>\n<meta name=\"robots\" content=\"index, follow, max-snippet:-1, max-image-preview:large, max-video-preview:-1\" \/>\n<link rel=\"canonical\" href=\"https:\/\/fair-rhein.de\/osterath\/spenden\/\" \/>\n<meta property=\"og:locale\" content=\"de_DE\" \/>\n<meta property=\"og:type\" content=\"article\" \/>\n<meta property=\"og:title\" content=\"Spenden - Weltladen Osterath\" \/>\n<meta property=\"og:description\" content=\"Wenn Sie unsere Projekte in Kenia, Afghanistan und Brasilien unterst\u00fctzen m\u00f6chten, k\u00f6nnen Sie hier das Spendenformular verwenden.\" \/>\n<meta property=\"og:url\" content=\"https:\/\/fair-rhein.de\/osterath\/spenden\/\" \/>\n<meta property=\"og:site_name\" content=\"Weltladen Osterath\" \/>\n<meta property=\"article:publisher\" content=\"https:\/\/www.facebook.com\/WeltladenOsterath\/\" \/>\n<meta property=\"article:modified_time\" content=\"2018-02-07T09:19:17+00:00\" \/>\n<meta name=\"twitter:card\" content=\"summary_large_image\" \/>\n<script type=\"application\/ld+json\" class=\"yoast-schema-graph\">{\"@context\":\"https:\/\/schema.org\",\"@graph\":[{\"@type\":\"WebPage\",\"@id\":\"https:\/\/fair-rhein.de\/osterath\/spenden\/\",\"url\":\"https:\/\/fair-rhein.de\/osterath\/spenden\/\",\"name\":\"Spenden - Weltladen Osterath\",\"isPartOf\":{\"@id\":\"https:\/\/fair-rhein.de\/osterath\/#website\"},\"datePublished\":\"2018-01-17T09:12:01+00:00\",\"dateModified\":\"2018-02-07T09:19:17+00:00\",\"description\":\"Wenn Sie unsere Projekte in Kenia, Afghanistan und Brasilien unterst\u00fctzen m\u00f6chten, k\u00f6nnen Sie hier das Spendenformular verwenden.\",\"breadcrumb\":{\"@id\":\"https:\/\/fair-rhein.de\/osterath\/spenden\/#breadcrumb\"},\"inLanguage\":\"de\",\"potentialAction\":[{\"@type\":\"ReadAction\",\"target\":[\"https:\/\/fair-rhein.de\/osterath\/spenden\/\"]}]},{\"@type\":\"BreadcrumbList\",\"@id\":\"https:\/\/fair-rhein.de\/osterath\/spenden\/#breadcrumb\",\"itemListElement\":[{\"@type\":\"ListItem\",\"position\":1,\"name\":\"Startseite\",\"item\":\"https:\/\/fair-rhein.de\/osterath\/\"},{\"@type\":\"ListItem\",\"position\":2,\"name\":\"Spenden\"}]},{\"@type\":\"WebSite\",\"@id\":\"https:\/\/fair-rhein.de\/osterath\/#website\",\"url\":\"https:\/\/fair-rhein.de\/osterath\/\",\"name\":\"Weltladen Osterath\",\"description\":\"Fair gehandelte Waren aus aller Welt.\",\"potentialAction\":[{\"@type\":\"SearchAction\",\"target\":{\"@type\":\"EntryPoint\",\"urlTemplate\":\"https:\/\/fair-rhein.de\/osterath\/?s={search_term_string}\"},\"query-input\":{\"@type\":\"PropertyValueSpecification\",\"valueRequired\":true,\"valueName\":\"search_term_string\"}}],\"inLanguage\":\"de\"}]}<\/script>\n<!-- \/ Yoast SEO plugin. -->","yoast_head_json":{"title":"Spenden - Weltladen Osterath","description":"Wenn Sie unsere Projekte in Kenia, Afghanistan und Brasilien unterst\u00fctzen m\u00f6chten, k\u00f6nnen Sie hier das Spendenformular verwenden.","robots":{"index":"index","follow":"follow","max-snippet":"max-snippet:-1","max-image-preview":"max-image-preview:large","max-video-preview":"max-video-preview:-1"},"canonical":"https:\/\/fair-rhein.de\/osterath\/spenden\/","og_locale":"de_DE","og_type":"article","og_title":"Spenden - Weltladen Osterath","og_description":"Wenn Sie unsere Projekte in Kenia, Afghanistan und Brasilien unterst\u00fctzen m\u00f6chten, k\u00f6nnen Sie hier das Spendenformular verwenden.","og_url":"https:\/\/fair-rhein.de\/osterath\/spenden\/","og_site_name":"Weltladen Osterath","article_publisher":"https:\/\/www.facebook.com\/WeltladenOsterath\/","article_modified_time":"2018-02-07T09:19:17+00:00","twitter_card":"summary_large_image","schema":{"@context":"https:\/\/schema.org","@graph":[{"@type":"WebPage","@id":"https:\/\/fair-rhein.de\/osterath\/spenden\/","url":"https:\/\/fair-rhein.de\/osterath\/spenden\/","name":"Spenden - Weltladen Osterath","isPartOf":{"@id":"https:\/\/fair-rhein.de\/osterath\/#website"},"datePublished":"2018-01-17T09:12:01+00:00","dateModified":"2018-02-07T09:19:17+00:00","description":"Wenn Sie unsere Projekte in Kenia, Afghanistan und Brasilien unterst\u00fctzen m\u00f6chten, k\u00f6nnen Sie hier das Spendenformular verwenden.","breadcrumb":{"@id":"https:\/\/fair-rhein.de\/osterath\/spenden\/#breadcrumb"},"inLanguage":"de","potentialAction":[{"@type":"ReadAction","target":["https:\/\/fair-rhein.de\/osterath\/spenden\/"]}]},{"@type":"BreadcrumbList","@id":"https:\/\/fair-rhein.de\/osterath\/spenden\/#breadcrumb","itemListElement":[{"@type":"ListItem","position":1,"name":"Startseite","item":"https:\/\/fair-rhein.de\/osterath\/"},{"@type":"ListItem","position":2,"name":"Spenden"}]},{"@type":"WebSite","@id":"https:\/\/fair-rhein.de\/osterath\/#website","url":"https:\/\/fair-rhein.de\/osterath\/","name":"Weltladen Osterath","description":"Fair gehandelte Waren aus aller Welt.","potentialAction":[{"@type":"SearchAction","target":{"@type":"EntryPoint","urlTemplate":"https:\/\/fair-rhein.de\/osterath\/?s={search_term_string}"},"query-input":{"@type":"PropertyValueSpecification","valueRequired":true,"valueName":"search_term_string"}}],"inLanguage":"de"}]}},"_links":{"self":[{"href":"https:\/\/fair-rhein.de\/osterath\/wp-json\/wp\/v2\/pages\/175","targetHints":{"allow":["GET"]}}],"collection":[{"href":"https:\/\/fair-rhein.de\/osterath\/wp-json\/wp\/v2\/pages"}],"about":[{"href":"https:\/\/fair-rhein.de\/osterath\/wp-json\/wp\/v2\/types\/page"}],"author":[{"embeddable":true,"href":"https:\/\/fair-rhein.de\/osterath\/wp-json\/wp\/v2\/users\/23"}],"replies":[{"embeddable":true,"href":"https:\/\/fair-rhein.de\/osterath\/wp-json\/wp\/v2\/comments?post=175"}],"version-history":[{"count":1,"href":"https:\/\/fair-rhein.de\/osterath\/wp-json\/wp\/v2\/pages\/175\/revisions"}],"predecessor-version":[{"id":176,"href":"https:\/\/fair-rhein.de\/osterath\/wp-json\/wp\/v2\/pages\/175\/revisions\/176"}],"wp:attachment":[{"href":"https:\/\/fair-rhein.de\/osterath\/wp-json\/wp\/v2\/media?parent=175"}],"curies":[{"name":"wp","href":"https:\/\/api.w.org\/{rel}","templated":true}]}}