{"id":728,"date":"2019-01-01T00:00:15","date_gmt":"2018-12-31T23:00:01","guid":{"rendered":"https:\/\/fair-rhein.de\/osterath\/?page_id=728"},"modified":"2023-10-30T16:22:50","modified_gmt":"2023-10-30T15:22:50","slug":"mitarbeit-im-weltladen","status":"publish","type":"page","link":"https:\/\/fair-rhein.de\/osterath\/weltladen\/mitarbeit-im-weltladen\/","title":{"rendered":"Mitarbeit im Weltladen"},"content":{"rendered":"<h3><strong><u>FAIRst\u00e4rkung gesucht<img loading=\"lazy\" decoding=\"async\" class=\" wp-image-1259 alignright\" src=\"https:\/\/fair-rhein.de\/osterath\/wp-content\/uploads\/sites\/4\/2023\/10\/Team-2023.jpg\" alt=\"\" width=\"534\" height=\"400\" srcset=\"https:\/\/fair-rhein.de\/osterath\/wp-content\/uploads\/sites\/4\/2023\/10\/Team-2023.jpg 1024w, https:\/\/fair-rhein.de\/osterath\/wp-content\/uploads\/sites\/4\/2023\/10\/Team-2023-300x225.jpg 300w, https:\/\/fair-rhein.de\/osterath\/wp-content\/uploads\/sites\/4\/2023\/10\/Team-2023-768x576.jpg 768w\" sizes=\"auto, (max-width: 534px) 100vw, 534px\" \/><\/u><\/strong><\/h3>\n<p><strong>Du<\/strong><strong> \u00a0 <\/strong>m\u00f6chtest aktiv daran teilhaben, den fairen Handel mehr zu verbreiten und wei\u00dft, dass Handel ein wichtiges Instrument zur Armutsbek\u00e4mpfung und f\u00fcr nachhaltige Entwicklung in den Herstellungsl\u00e4ndern ist?<\/p>\n<p><strong>Wir<\/strong> sind das Fachgesch\u00e4ft f\u00fcr den fairen Handel. Im Gegensatz zu den gro\u00dfen Supermarktketten f\u00fchren wir ausschlie\u00dflich fair gehandelte Produkte, bei denen auch die gesamten Bestandteile fair produziert worden sind.<\/p>\n<h4><strong>M\u00f6chtest Du uns als ehrenamtlicher FAIR-k\u00e4ufer im Ladendienst unterst\u00fctzen?<\/strong><\/h4>\n<p><strong>Wir suchen Dich! <\/strong>Du bist kommunikativ und gern unter Menschen mit verschiedensten pers\u00f6nlichen Hintergr\u00fcnden? Du hast Lust auf selbst\u00e4ndige Arbeit? Deine Aufgaben bei uns im Ladendienst sind<\/p>\n<p><strong>&gt;&gt; Kundenberatung\u00a0\u00a0\u00a0\u00a0\u00a0\u00a0\u00a0\u00a0\u00a0\u00a0\u00a0\u00a0 &gt;&gt; Verkauf\u00a0\u00a0\u00a0\u00a0\u00a0\u00a0\u00a0\u00a0\u00a0\u00a0\u00a0\u00a0\u00a0\u00a0\u00a0\u00a0\u00a0\u00a0 &gt;&gt; Kassenwesen<\/strong><\/p>\n<p>Bei Interesse kannst Du Dich auch in verschiedenen Projekten wie auch in der Bildungsarbeit einbringen oder uns auf M\u00e4rkten unterst\u00fctzen. \u00a0Der Einsatz im Ladendienst umfasst drei Stunden. Bei H\u00e4ufigkeit und Zeiten Deines Einsatzes richten wir uns gern nach Deinen W\u00fcnsche<\/p>\n<p><strong>Unser Weltladen hat ge\u00f6ffnet:\u00a0\u00a0\u00a0 Dienstag bis Freitag: 10 \u2013 13 und 15 \u2013 18 Uhr, Samstag 10 \u2013 13 Uhr<\/strong><\/p>\n<p>Jeder, der sich f\u00fcr unser gemeinsames Ziel einsetzen m\u00f6chte, ist uns willkommen. Auch junge Eltern sind herzlich eingeladen, mitzuwirken. Wir bieten Dir selbstgew\u00e4hlte Zeiten und Aufgaben, sowie alle Optionen Deiner Kreativit\u00e4t freien Spielraum zu lassen. Au\u00dferdem gew\u00e4hrleisten wir Dir eine gute Einarbeitung und Fortbildungen zum Fairen Handel. Wir sind ein ehrenamtliches Team, dass Dich bei allen Aufgaben unterst\u00fctzt. W\u00e4hrend der Zeit Deines Einsatzes bist Du unfall- und haftpflichtversichert.<\/p>\n<h4><strong>Wenn Du Interesse hast, melde Dich gern bei uns!<\/strong><\/h4>\n<p><a href=\"mailto:info@weltladen-osterath.de\"><strong>info@weltladen-osterath.de<\/strong><\/a><strong>\u00a0\u00a0\u00a0\u00a0\u00a0\u00a0 <\/strong><a href=\"http:\/\/www.weltladen-osterath.de\"><strong>www.weltladen-osterath.de<\/strong><\/a><\/p>\n<p>oder direkt im Laden. <!-- telefonisch bei Claudia Foerster unter 0162 \/ 94 19 011. --><\/p>\n","protected":false},"excerpt":{"rendered":"<p>FAIRst\u00e4rkung gesucht Du \u00a0 m\u00f6chtest aktiv daran teilhaben, den fairen Handel mehr zu verbreiten und wei\u00dft, dass Handel ein wichtiges&hellip;<\/p>\n","protected":false},"author":26,"featured_media":0,"parent":88,"menu_order":3,"comment_status":"closed","ping_status":"closed","template":"","meta":{"footnotes":""},"class_list":["post-728","page","type-page","status-publish","hentry","description-off"],"yoast_head":"<!-- This site is optimized with the Yoast SEO plugin v23.4 - https:\/\/yoast.com\/wordpress\/plugins\/seo\/ -->\n<title>Mitarbeit im Weltladen - Weltladen Osterath<\/title>\n<meta name=\"robots\" content=\"index, follow, max-snippet:-1, max-image-preview:large, max-video-preview:-1\" \/>\n<link rel=\"canonical\" href=\"https:\/\/fair-rhein.de\/osterath\/weltladen\/mitarbeit-im-weltladen\/\" \/>\n<meta property=\"og:locale\" content=\"de_DE\" \/>\n<meta property=\"og:type\" content=\"article\" \/>\n<meta property=\"og:title\" content=\"Mitarbeit im Weltladen - Weltladen Osterath\" \/>\n<meta property=\"og:description\" content=\"FAIRst\u00e4rkung gesucht Du \u00a0 m\u00f6chtest aktiv daran teilhaben, den fairen Handel mehr zu verbreiten und wei\u00dft, dass Handel ein wichtiges&hellip;\" \/>\n<meta property=\"og:url\" content=\"https:\/\/fair-rhein.de\/osterath\/weltladen\/mitarbeit-im-weltladen\/\" \/>\n<meta property=\"og:site_name\" content=\"Weltladen Osterath\" \/>\n<meta property=\"article:publisher\" content=\"https:\/\/www.facebook.com\/WeltladenOsterath\/\" \/>\n<meta property=\"article:modified_time\" content=\"2023-10-30T15:22:50+00:00\" \/>\n<meta property=\"og:image\" content=\"https:\/\/fair-rhein.de\/osterath\/wp-content\/uploads\/sites\/4\/2023\/10\/Team-2023.jpg\" \/>\n<meta name=\"twitter:card\" content=\"summary_large_image\" \/>\n<meta name=\"twitter:label1\" content=\"Gesch\u00e4tzte Lesezeit\" \/>\n\t<meta name=\"twitter:data1\" content=\"2\u00a0Minuten\" \/>\n<script type=\"application\/ld+json\" class=\"yoast-schema-graph\">{\"@context\":\"https:\/\/schema.org\",\"@graph\":[{\"@type\":\"WebPage\",\"@id\":\"https:\/\/fair-rhein.de\/osterath\/weltladen\/mitarbeit-im-weltladen\/\",\"url\":\"https:\/\/fair-rhein.de\/osterath\/weltladen\/mitarbeit-im-weltladen\/\",\"name\":\"Mitarbeit im Weltladen - Weltladen Osterath\",\"isPartOf\":{\"@id\":\"https:\/\/fair-rhein.de\/osterath\/#website\"},\"primaryImageOfPage\":{\"@id\":\"https:\/\/fair-rhein.de\/osterath\/weltladen\/mitarbeit-im-weltladen\/#primaryimage\"},\"image\":{\"@id\":\"https:\/\/fair-rhein.de\/osterath\/weltladen\/mitarbeit-im-weltladen\/#primaryimage\"},\"thumbnailUrl\":\"https:\/\/fair-rhein.de\/osterath\/wp-content\/uploads\/sites\/4\/2023\/10\/Team-2023.jpg\",\"datePublished\":\"2018-12-31T23:00:01+00:00\",\"dateModified\":\"2023-10-30T15:22:50+00:00\",\"breadcrumb\":{\"@id\":\"https:\/\/fair-rhein.de\/osterath\/weltladen\/mitarbeit-im-weltladen\/#breadcrumb\"},\"inLanguage\":\"de\",\"potentialAction\":[{\"@type\":\"ReadAction\",\"target\":[\"https:\/\/fair-rhein.de\/osterath\/weltladen\/mitarbeit-im-weltladen\/\"]}]},{\"@type\":\"ImageObject\",\"inLanguage\":\"de\",\"@id\":\"https:\/\/fair-rhein.de\/osterath\/weltladen\/mitarbeit-im-weltladen\/#primaryimage\",\"url\":\"https:\/\/fair-rhein.de\/osterath\/wp-content\/uploads\/sites\/4\/2023\/10\/Team-2023.jpg\",\"contentUrl\":\"https:\/\/fair-rhein.de\/osterath\/wp-content\/uploads\/sites\/4\/2023\/10\/Team-2023.jpg\",\"width\":1024,\"height\":768},{\"@type\":\"BreadcrumbList\",\"@id\":\"https:\/\/fair-rhein.de\/osterath\/weltladen\/mitarbeit-im-weltladen\/#breadcrumb\",\"itemListElement\":[{\"@type\":\"ListItem\",\"position\":1,\"name\":\"Startseite\",\"item\":\"https:\/\/fair-rhein.de\/osterath\/\"},{\"@type\":\"ListItem\",\"position\":2,\"name\":\"Weltladen\",\"item\":\"https:\/\/fair-rhein.de\/osterath\/weltladen\/\"},{\"@type\":\"ListItem\",\"position\":3,\"name\":\"Mitarbeit im Weltladen\"}]},{\"@type\":\"WebSite\",\"@id\":\"https:\/\/fair-rhein.de\/osterath\/#website\",\"url\":\"https:\/\/fair-rhein.de\/osterath\/\",\"name\":\"Weltladen Osterath\",\"description\":\"Fair gehandelte Waren aus aller Welt.\",\"potentialAction\":[{\"@type\":\"SearchAction\",\"target\":{\"@type\":\"EntryPoint\",\"urlTemplate\":\"https:\/\/fair-rhein.de\/osterath\/?s={search_term_string}\"},\"query-input\":{\"@type\":\"PropertyValueSpecification\",\"valueRequired\":true,\"valueName\":\"search_term_string\"}}],\"inLanguage\":\"de\"}]}<\/script>\n<!-- \/ Yoast SEO plugin. -->","yoast_head_json":{"title":"Mitarbeit im Weltladen - Weltladen Osterath","robots":{"index":"index","follow":"follow","max-snippet":"max-snippet:-1","max-image-preview":"max-image-preview:large","max-video-preview":"max-video-preview:-1"},"canonical":"https:\/\/fair-rhein.de\/osterath\/weltladen\/mitarbeit-im-weltladen\/","og_locale":"de_DE","og_type":"article","og_title":"Mitarbeit im Weltladen - Weltladen Osterath","og_description":"FAIRst\u00e4rkung gesucht Du \u00a0 m\u00f6chtest aktiv daran teilhaben, den fairen Handel mehr zu verbreiten und wei\u00dft, dass Handel ein wichtiges&hellip;","og_url":"https:\/\/fair-rhein.de\/osterath\/weltladen\/mitarbeit-im-weltladen\/","og_site_name":"Weltladen Osterath","article_publisher":"https:\/\/www.facebook.com\/WeltladenOsterath\/","article_modified_time":"2023-10-30T15:22:50+00:00","og_image":[{"url":"https:\/\/fair-rhein.de\/osterath\/wp-content\/uploads\/sites\/4\/2023\/10\/Team-2023.jpg"}],"twitter_card":"summary_large_image","twitter_misc":{"Gesch\u00e4tzte Lesezeit":"2\u00a0Minuten"},"schema":{"@context":"https:\/\/schema.org","@graph":[{"@type":"WebPage","@id":"https:\/\/fair-rhein.de\/osterath\/weltladen\/mitarbeit-im-weltladen\/","url":"https:\/\/fair-rhein.de\/osterath\/weltladen\/mitarbeit-im-weltladen\/","name":"Mitarbeit im Weltladen - Weltladen Osterath","isPartOf":{"@id":"https:\/\/fair-rhein.de\/osterath\/#website"},"primaryImageOfPage":{"@id":"https:\/\/fair-rhein.de\/osterath\/weltladen\/mitarbeit-im-weltladen\/#primaryimage"},"image":{"@id":"https:\/\/fair-rhein.de\/osterath\/weltladen\/mitarbeit-im-weltladen\/#primaryimage"},"thumbnailUrl":"https:\/\/fair-rhein.de\/osterath\/wp-content\/uploads\/sites\/4\/2023\/10\/Team-2023.jpg","datePublished":"2018-12-31T23:00:01+00:00","dateModified":"2023-10-30T15:22:50+00:00","breadcrumb":{"@id":"https:\/\/fair-rhein.de\/osterath\/weltladen\/mitarbeit-im-weltladen\/#breadcrumb"},"inLanguage":"de","potentialAction":[{"@type":"ReadAction","target":["https:\/\/fair-rhein.de\/osterath\/weltladen\/mitarbeit-im-weltladen\/"]}]},{"@type":"ImageObject","inLanguage":"de","@id":"https:\/\/fair-rhein.de\/osterath\/weltladen\/mitarbeit-im-weltladen\/#primaryimage","url":"https:\/\/fair-rhein.de\/osterath\/wp-content\/uploads\/sites\/4\/2023\/10\/Team-2023.jpg","contentUrl":"https:\/\/fair-rhein.de\/osterath\/wp-content\/uploads\/sites\/4\/2023\/10\/Team-2023.jpg","width":1024,"height":768},{"@type":"BreadcrumbList","@id":"https:\/\/fair-rhein.de\/osterath\/weltladen\/mitarbeit-im-weltladen\/#breadcrumb","itemListElement":[{"@type":"ListItem","position":1,"name":"Startseite","item":"https:\/\/fair-rhein.de\/osterath\/"},{"@type":"ListItem","position":2,"name":"Weltladen","item":"https:\/\/fair-rhein.de\/osterath\/weltladen\/"},{"@type":"ListItem","position":3,"name":"Mitarbeit im Weltladen"}]},{"@type":"WebSite","@id":"https:\/\/fair-rhein.de\/osterath\/#website","url":"https:\/\/fair-rhein.de\/osterath\/","name":"Weltladen Osterath","description":"Fair gehandelte Waren aus aller Welt.","potentialAction":[{"@type":"SearchAction","target":{"@type":"EntryPoint","urlTemplate":"https:\/\/fair-rhein.de\/osterath\/?s={search_term_string}"},"query-input":{"@type":"PropertyValueSpecification","valueRequired":true,"valueName":"search_term_string"}}],"inLanguage":"de"}]}},"_links":{"self":[{"href":"https:\/\/fair-rhein.de\/osterath\/wp-json\/wp\/v2\/pages\/728","targetHints":{"allow":["GET"]}}],"collection":[{"href":"https:\/\/fair-rhein.de\/osterath\/wp-json\/wp\/v2\/pages"}],"about":[{"href":"https:\/\/fair-rhein.de\/osterath\/wp-json\/wp\/v2\/types\/page"}],"author":[{"embeddable":true,"href":"https:\/\/fair-rhein.de\/osterath\/wp-json\/wp\/v2\/users\/26"}],"replies":[{"embeddable":true,"href":"https:\/\/fair-rhein.de\/osterath\/wp-json\/wp\/v2\/comments?post=728"}],"version-history":[{"count":12,"href":"https:\/\/fair-rhein.de\/osterath\/wp-json\/wp\/v2\/pages\/728\/revisions"}],"predecessor-version":[{"id":1260,"href":"https:\/\/fair-rhein.de\/osterath\/wp-json\/wp\/v2\/pages\/728\/revisions\/1260"}],"up":[{"embeddable":true,"href":"https:\/\/fair-rhein.de\/osterath\/wp-json\/wp\/v2\/pages\/88"}],"wp:attachment":[{"href":"https:\/\/fair-rhein.de\/osterath\/wp-json\/wp\/v2\/media?parent=728"}],"curies":[{"name":"wp","href":"https:\/\/api.w.org\/{rel}","templated":true}]}}