{"id":58,"date":"2021-05-10T14:18:48","date_gmt":"2021-05-10T12:18:48","guid":{"rendered":"https:\/\/fair-rhein.de\/ruhrglobal\/?page_id=58"},"modified":"2021-05-22T09:05:14","modified_gmt":"2021-05-22T07:05:14","slug":"impressum","status":"publish","type":"page","link":"https:\/\/fair-rhein.de\/ruhrglobal\/impressum\/","title":{"rendered":"Impressum"},"content":{"rendered":"<div class=\"wpb-content-wrapper\"><p>[vc_row][vc_column][vc_column_text]<strong>Netzwerk Ruhr Global<\/strong><br \/>\nc\/o Eine Welt Zentrum Herne<br \/>\nOverwegstr. 31<br \/>\n44625 Herne<\/p>\n<p>Telefon: 02323-99497-0<br \/>\nFax: 02323-99497-11<\/p>\n<p>E-Mail-Adresse: <a href=\"mailto:ewz-info@kk-ekvw.de\" target=\"_blank\" rel=\"noopener\">ewz-info@kk-ekvw.de<\/a><\/p>\n<p>&nbsp;<\/p>\n<p><strong>Inhaltlich Verantwortlich gem\u00e4\u00df \u00a7 6 MDStV:<\/strong><br \/>\nMarkus Hei\u00dfler<\/p>\n<p>&nbsp;<\/p>\n<p><strong>Gesetzlich vorgeschriebener Datenschutzbeauftragter:<\/strong><\/p>\n<p>Wir haben f\u00fcr unsere Einrichtung einen Datenschutzbeauftragten bestellt.<\/p>\n<p>SecurCon GmbH &amp; Co. KG<br \/>\nLudwigstra\u00dfe 12<br \/>\n58638 Iserlohn<\/p>\n<p>Telefon: +49 2371-2196531<br \/>\nE-Mail: <a href=\"mailto:info@securcon.de\" target=\"_blank\" rel=\"noopener\">info@securcon.de<\/a><\/p>\n<p>&nbsp;<\/p>\n<p><strong>Hinweis zu externen Links:<\/strong><\/p>\n<p>Trotz sorgf\u00e4ltiger inhaltlicher Kontrolle \u00fcbernehmen wir keine Haftung f\u00fcr die Inhalte externer Links. F\u00fcr den Inhalt der verlinkten Seiten sind ausschlie\u00dflich deren Betreiber verantwortlich.<\/p>\n<p>&nbsp;<\/p>\n<p><strong>Umsetzung &amp; Programmierung<\/strong><\/p>\n<p>heimpixel.de<\/p>\n<p>&nbsp;<\/p>\n<p><strong>Rechtlicher Hinweis:<\/strong><\/p>\n<p>Das Eine Welt Zentrum Herne ist bestrebt, f\u00fcr die Richtigkeit und Aktualit\u00e4t aller auf seinen Internetseiten enthaltenen Informationen und Daten zu sorgen. Eine Haftung oder Garantie f\u00fcr die Aktualit\u00e4t, Richtigkeit und Vollst\u00e4ndigkeit der zur Verf\u00fcgung gestellten Informationen und Daten ist jedoch ausgeschlossen. F\u00fcr s\u00e4mtliche Links auf andere Internetseiten gilt der Hinweis auf der Seite Links. Der Inhalt der Internetseiten des Eine Welt Zentrums Herne ist urheberrechtlich gesch\u00fctzt. Die Vervielf\u00e4ltigung von Informationen oder Daten, insbesondere die Verwendung von Texten, Textteilen oder Bildmaterial bedarf der vorherigen Zustimmung. Namentlich gekennzeichnete Beitr\u00e4ge geben die Meinung des\/der jeweiligen Verfasser\/s\/in wieder. Bitte beachten Sie den Haftungsausschluss.[\/vc_column_text][\/vc_column][\/vc_row]<\/p>\n<\/div>","protected":false},"excerpt":{"rendered":"<p>[vc_row][vc_column][vc_column_text]Netzwerk Ruhr Global c\/o Eine Welt Zentrum Herne Overwegstr. 31 44625 Herne Telefon: 02323-99497-0 Fax: 02323-99497-11 E-Mail-Adresse: ewz-info@kk-ekvw.de &nbsp; Inhaltlich Verantwortlich gem\u00e4\u00df \u00a7 6 MDStV: Markus Hei\u00dfler &nbsp; Gesetzlich vorgeschriebener Datenschutzbeauftragter: Wir haben f\u00fcr unsere Einrichtung einen Datenschutzbeauftragten bestellt. SecurCon GmbH &amp; Co. KG Ludwigstra\u00dfe 12 58638 Iserlohn Telefon: +49 2371-2196531 E-Mail: info@securcon.de &nbsp; Hinweis&hellip;<\/p>\n","protected":false},"author":30,"featured_media":0,"parent":0,"menu_order":0,"comment_status":"closed","ping_status":"closed","template":"","meta":{"_acf_changed":false,"footnotes":""},"class_list":["post-58","page","type-page","status-publish","hentry","description-off"],"acf":[],"yoast_head":"<!-- This site is optimized with the Yoast SEO plugin v23.4 - https:\/\/yoast.com\/wordpress\/plugins\/seo\/ -->\n<title>Impressum - Ruhr-Global<\/title>\n<meta name=\"robots\" content=\"index, follow, max-snippet:-1, max-image-preview:large, max-video-preview:-1\" \/>\n<link rel=\"canonical\" href=\"https:\/\/fair-rhein.de\/ruhrglobal\/impressum\/\" \/>\n<meta property=\"og:locale\" content=\"de_DE\" \/>\n<meta property=\"og:type\" content=\"article\" \/>\n<meta property=\"og:title\" content=\"Impressum - Ruhr-Global\" \/>\n<meta property=\"og:description\" content=\"[vc_row][vc_column][vc_column_text]Netzwerk Ruhr Global c\/o Eine Welt Zentrum Herne Overwegstr. 31 44625 Herne Telefon: 02323-99497-0 Fax: 02323-99497-11 E-Mail-Adresse: ewz-info@kk-ekvw.de &nbsp; Inhaltlich Verantwortlich gem\u00e4\u00df \u00a7 6 MDStV: Markus Hei\u00dfler &nbsp; Gesetzlich vorgeschriebener Datenschutzbeauftragter: Wir haben f\u00fcr unsere Einrichtung einen Datenschutzbeauftragten bestellt. SecurCon GmbH &amp; Co. KG Ludwigstra\u00dfe 12 58638 Iserlohn Telefon: +49 2371-2196531 E-Mail: info@securcon.de &nbsp; Hinweis&hellip;\" \/>\n<meta property=\"og:url\" content=\"https:\/\/fair-rhein.de\/ruhrglobal\/impressum\/\" \/>\n<meta property=\"og:site_name\" content=\"Ruhr-Global\" \/>\n<meta property=\"article:modified_time\" content=\"2021-05-22T07:05:14+00:00\" \/>\n<meta name=\"twitter:card\" content=\"summary_large_image\" \/>\n<meta name=\"twitter:label1\" content=\"Gesch\u00e4tzte Lesezeit\" \/>\n\t<meta name=\"twitter:data1\" content=\"1\u00a0Minute\" \/>\n<script type=\"application\/ld+json\" class=\"yoast-schema-graph\">{\"@context\":\"https:\/\/schema.org\",\"@graph\":[{\"@type\":\"WebPage\",\"@id\":\"https:\/\/fair-rhein.de\/ruhrglobal\/impressum\/\",\"url\":\"https:\/\/fair-rhein.de\/ruhrglobal\/impressum\/\",\"name\":\"Impressum - Ruhr-Global\",\"isPartOf\":{\"@id\":\"https:\/\/fair-rhein.de\/ruhrglobal\/#website\"},\"datePublished\":\"2021-05-10T12:18:48+00:00\",\"dateModified\":\"2021-05-22T07:05:14+00:00\",\"breadcrumb\":{\"@id\":\"https:\/\/fair-rhein.de\/ruhrglobal\/impressum\/#breadcrumb\"},\"inLanguage\":\"de\",\"potentialAction\":[{\"@type\":\"ReadAction\",\"target\":[\"https:\/\/fair-rhein.de\/ruhrglobal\/impressum\/\"]}]},{\"@type\":\"BreadcrumbList\",\"@id\":\"https:\/\/fair-rhein.de\/ruhrglobal\/impressum\/#breadcrumb\",\"itemListElement\":[{\"@type\":\"ListItem\",\"position\":1,\"name\":\"Startseite\",\"item\":\"https:\/\/fair-rhein.de\/ruhrglobal\/\"},{\"@type\":\"ListItem\",\"position\":2,\"name\":\"Impressum\"}]},{\"@type\":\"WebSite\",\"@id\":\"https:\/\/fair-rhein.de\/ruhrglobal\/#website\",\"url\":\"https:\/\/fair-rhein.de\/ruhrglobal\/\",\"name\":\"Ruhr-Global\",\"description\":\"Diskussion aktueller globaler politischen Themen\",\"publisher\":{\"@id\":\"https:\/\/fair-rhein.de\/ruhrglobal\/#organization\"},\"potentialAction\":[{\"@type\":\"SearchAction\",\"target\":{\"@type\":\"EntryPoint\",\"urlTemplate\":\"https:\/\/fair-rhein.de\/ruhrglobal\/?s={search_term_string}\"},\"query-input\":{\"@type\":\"PropertyValueSpecification\",\"valueRequired\":true,\"valueName\":\"search_term_string\"}}],\"inLanguage\":\"de\"},{\"@type\":\"Organization\",\"@id\":\"https:\/\/fair-rhein.de\/ruhrglobal\/#organization\",\"name\":\"Ruhr Global\",\"url\":\"https:\/\/fair-rhein.de\/ruhrglobal\/\",\"logo\":{\"@type\":\"ImageObject\",\"inLanguage\":\"de\",\"@id\":\"https:\/\/fair-rhein.de\/ruhrglobal\/#\/schema\/logo\/image\/\",\"url\":\"https:\/\/fair-rhein.de\/ruhrglobal\/wp-content\/uploads\/sites\/11\/2021\/05\/ruhrglobal-ruhr-global.png\",\"contentUrl\":\"https:\/\/fair-rhein.de\/ruhrglobal\/wp-content\/uploads\/sites\/11\/2021\/05\/ruhrglobal-ruhr-global.png\",\"width\":433,\"height\":282,\"caption\":\"Ruhr Global\"},\"image\":{\"@id\":\"https:\/\/fair-rhein.de\/ruhrglobal\/#\/schema\/logo\/image\/\"}}]}<\/script>\n<!-- \/ Yoast SEO plugin. -->","yoast_head_json":{"title":"Impressum - Ruhr-Global","robots":{"index":"index","follow":"follow","max-snippet":"max-snippet:-1","max-image-preview":"max-image-preview:large","max-video-preview":"max-video-preview:-1"},"canonical":"https:\/\/fair-rhein.de\/ruhrglobal\/impressum\/","og_locale":"de_DE","og_type":"article","og_title":"Impressum - Ruhr-Global","og_description":"[vc_row][vc_column][vc_column_text]Netzwerk Ruhr Global c\/o Eine Welt Zentrum Herne Overwegstr. 31 44625 Herne Telefon: 02323-99497-0 Fax: 02323-99497-11 E-Mail-Adresse: ewz-info@kk-ekvw.de &nbsp; Inhaltlich Verantwortlich gem\u00e4\u00df \u00a7 6 MDStV: Markus Hei\u00dfler &nbsp; Gesetzlich vorgeschriebener Datenschutzbeauftragter: Wir haben f\u00fcr unsere Einrichtung einen Datenschutzbeauftragten bestellt. SecurCon GmbH &amp; Co. KG Ludwigstra\u00dfe 12 58638 Iserlohn Telefon: +49 2371-2196531 E-Mail: info@securcon.de &nbsp; Hinweis&hellip;","og_url":"https:\/\/fair-rhein.de\/ruhrglobal\/impressum\/","og_site_name":"Ruhr-Global","article_modified_time":"2021-05-22T07:05:14+00:00","twitter_card":"summary_large_image","twitter_misc":{"Gesch\u00e4tzte Lesezeit":"1\u00a0Minute"},"schema":{"@context":"https:\/\/schema.org","@graph":[{"@type":"WebPage","@id":"https:\/\/fair-rhein.de\/ruhrglobal\/impressum\/","url":"https:\/\/fair-rhein.de\/ruhrglobal\/impressum\/","name":"Impressum - Ruhr-Global","isPartOf":{"@id":"https:\/\/fair-rhein.de\/ruhrglobal\/#website"},"datePublished":"2021-05-10T12:18:48+00:00","dateModified":"2021-05-22T07:05:14+00:00","breadcrumb":{"@id":"https:\/\/fair-rhein.de\/ruhrglobal\/impressum\/#breadcrumb"},"inLanguage":"de","potentialAction":[{"@type":"ReadAction","target":["https:\/\/fair-rhein.de\/ruhrglobal\/impressum\/"]}]},{"@type":"BreadcrumbList","@id":"https:\/\/fair-rhein.de\/ruhrglobal\/impressum\/#breadcrumb","itemListElement":[{"@type":"ListItem","position":1,"name":"Startseite","item":"https:\/\/fair-rhein.de\/ruhrglobal\/"},{"@type":"ListItem","position":2,"name":"Impressum"}]},{"@type":"WebSite","@id":"https:\/\/fair-rhein.de\/ruhrglobal\/#website","url":"https:\/\/fair-rhein.de\/ruhrglobal\/","name":"Ruhr-Global","description":"Diskussion aktueller globaler politischen Themen","publisher":{"@id":"https:\/\/fair-rhein.de\/ruhrglobal\/#organization"},"potentialAction":[{"@type":"SearchAction","target":{"@type":"EntryPoint","urlTemplate":"https:\/\/fair-rhein.de\/ruhrglobal\/?s={search_term_string}"},"query-input":{"@type":"PropertyValueSpecification","valueRequired":true,"valueName":"search_term_string"}}],"inLanguage":"de"},{"@type":"Organization","@id":"https:\/\/fair-rhein.de\/ruhrglobal\/#organization","name":"Ruhr Global","url":"https:\/\/fair-rhein.de\/ruhrglobal\/","logo":{"@type":"ImageObject","inLanguage":"de","@id":"https:\/\/fair-rhein.de\/ruhrglobal\/#\/schema\/logo\/image\/","url":"https:\/\/fair-rhein.de\/ruhrglobal\/wp-content\/uploads\/sites\/11\/2021\/05\/ruhrglobal-ruhr-global.png","contentUrl":"https:\/\/fair-rhein.de\/ruhrglobal\/wp-content\/uploads\/sites\/11\/2021\/05\/ruhrglobal-ruhr-global.png","width":433,"height":282,"caption":"Ruhr Global"},"image":{"@id":"https:\/\/fair-rhein.de\/ruhrglobal\/#\/schema\/logo\/image\/"}}]}},"_links":{"self":[{"href":"https:\/\/fair-rhein.de\/ruhrglobal\/wp-json\/wp\/v2\/pages\/58","targetHints":{"allow":["GET"]}}],"collection":[{"href":"https:\/\/fair-rhein.de\/ruhrglobal\/wp-json\/wp\/v2\/pages"}],"about":[{"href":"https:\/\/fair-rhein.de\/ruhrglobal\/wp-json\/wp\/v2\/types\/page"}],"author":[{"embeddable":true,"href":"https:\/\/fair-rhein.de\/ruhrglobal\/wp-json\/wp\/v2\/users\/30"}],"replies":[{"embeddable":true,"href":"https:\/\/fair-rhein.de\/ruhrglobal\/wp-json\/wp\/v2\/comments?post=58"}],"version-history":[{"count":3,"href":"https:\/\/fair-rhein.de\/ruhrglobal\/wp-json\/wp\/v2\/pages\/58\/revisions"}],"predecessor-version":[{"id":95,"href":"https:\/\/fair-rhein.de\/ruhrglobal\/wp-json\/wp\/v2\/pages\/58\/revisions\/95"}],"wp:attachment":[{"href":"https:\/\/fair-rhein.de\/ruhrglobal\/wp-json\/wp\/v2\/media?parent=58"}],"curies":[{"name":"wp","href":"https:\/\/api.w.org\/{rel}","templated":true}]}}