{"id":233,"date":"2019-12-13T13:12:33","date_gmt":"2019-12-13T12:12:33","guid":{"rendered":"https:\/\/fair-rhein.de\/weltgarten\/?page_id=233"},"modified":"2020-07-02T12:48:53","modified_gmt":"2020-07-02T10:48:53","slug":"presse","status":"publish","type":"page","link":"https:\/\/fair-rhein.de\/weltgarten\/presse\/","title":{"rendered":"Presse"},"content":{"rendered":"<div class=\"wpb-content-wrapper\"><p>[vc_row][vc_column][vc_column_text]<\/p>\n<h1 class=\"csc-firstHeader\">Pressebereich<\/h1>\n<p>[\/vc_column_text][\/vc_column][\/vc_row][vc_row][vc_column][vc_column_text]<\/p>\n<h2>Logos &amp; Bilder<\/h2>\n<p>[\/vc_column_text][\/vc_column][\/vc_row][vc_row][vc_column width=&#8220;1\/3&#8243;][vc_column_text]Logo fair|rhein<a href=\"https:\/\/fair-rhein.de\/weltgarten\/wp-content\/uploads\/sites\/7\/2019\/12\/weltgarten-presse-logo-fair-rhein.jpg\" target=\"_blank\" rel=\"noopener noreferrer\"> runterladen<\/a>.[\/vc_column_text][vc_single_image image=&#8220;240&#8243; img_size=&#8220;200&#215;150&#8243;][\/vc_column][vc_column width=&#8220;1\/3&#8243;][vc_column_text]Logo Weltgarten <a href=\"https:\/\/fair-rhein.de\/weltgarten\/wp-content\/uploads\/sites\/7\/2019\/12\/weltgarten-presse-logo-weltgarten.jpg\" target=\"_blank\" rel=\"noopener noreferrer\">runterladen<\/a>.[\/vc_column_text][vc_single_image image=&#8220;149&#8243; img_size=&#8220;200&#215;200&#8243; alignment=&#8220;center&#8220;][\/vc_column][vc_column width=&#8220;1\/3&#8243;][vc_column_text]Sollten Sie Logos in weiteren Formaten ben\u00f6tigen, so sprechen Sie uns gerne unter <a href=\"mailto:beratung@fair-rhein.de\">beratung@fair-rhein.de<\/a>\u00a0an.[\/vc_column_text][\/vc_column][\/vc_row][vc_row][vc_column][vc_media_grid element_width=&#8220;2&#8243; grid_id=&#8220;vc_gid:1593686561440-eac9248c-cdf5-1&#8243; include=&#8220;508,484,483,509,456,431,254,482,481,479,478,477,476,475&#8243;][\/vc_column][\/vc_row][vc_row][vc_column][vc_separator][vc_empty_space height=&#8220;20px&#8220;][vc_column_text]<\/p>\n<h2>Pressemitteilungen<\/h2>\n<p>[\/vc_column_text][vc_column_text]<\/p>\n<h3>Menschenkette f\u00fcr die Lieferkette<\/h3>\n<p><em><strong>Kamp-Lintfort, 23.05.2020<\/strong><\/em> &#8211; Morgen ist es soweit: Neben dem t\u00e4glichen Betrieb findet die erste Veranstaltung auf dem Gel\u00e4nde vom Weltgarten statt. Die Michagruppe aus Essen kommt zum Thema Textilien und Lieferkettengesetz.<\/p>\n<p><a href=\"https:\/\/fair-rhein.de\/weltgarten\/wp-content\/uploads\/sites\/7\/2020\/05\/weltgarten-presse-pm-laga-2020-michagruppe.pdf\" target=\"_blank\" rel=\"noopener noreferrer\">\u25baPressemitteilung zum Download<\/a>[\/vc_column_text][vc_column_text]<\/p>\n<h3>Gruppen k\u00f6nnen ab sofort kostenlose Workshops buchen<\/h3>\n<p><strong><em>Kamp-Lintfort, 21.10.2019<\/em> &#8211;<\/strong> Bei vielen Besuchern kann es eng werden mit den Terminen auf der LAGA. Der fair|rhein empfiehlt daher Gruppen, sich f\u00fcr den Weltgarten ihre Termine m\u00f6glichst fr\u00fchzeitig zu sichern. Erste Termine stehen bereits im Kalender.<\/p>\n<p><a href=\"https:\/\/fair-rhein.de\/weltgarten\/wp-content\/uploads\/sites\/7\/2019\/12\/weltgarten-presse-pm-gruppen-koennen-ab-sofort-kostenlose-workshops-buchen-191021.pdf\" target=\"_blank\" rel=\"noopener noreferrer\">\u25baPressemitteilung zum Download<\/a>[\/vc_column_text][vc_column_text]<\/p>\n<h3>Laga 2020: Ausstellervertrag ist unter Dach und Fach<\/h3>\n<p><strong><em>Kamp-Lintfort, 28.08.2019<\/em> &#8211;<\/strong> Es ist einer der ersten Ausstellervertr\u00e4ge, den die Landesgartenschaugesellschaft abschlie\u00dft. Der \u201eVerein zur F\u00f6rderung des Fairen Handel(n)s am Niederrhein\u201c, kurz fair\/rhein, unterschrieb den Vertrag.<\/p>\n<p><a href=\"https:\/\/fair-rhein.de\/weltgarten\/wp-content\/uploads\/sites\/7\/2019\/12\/weltgarten-pm-laga-2020-ausstellervertrag-ist-unter-dach-und-fach-190828.pdf\" target=\"_blank\" rel=\"noopener noreferrer\">\u25baPressemitteilung zum Download<\/a>[\/vc_column_text][vc_column_text]<\/p>\n<h3>Kalli zu Besuch beim Netzwerktreffen des Fairen Handels<\/h3>\n<p><strong><em>Kamp-Lintfort, 17.04.2019<\/em> &#8211;<\/strong> Jedes Jahr neu kommen seit Jahren die Engagierten im Fairen Handel aus der Region zum Netzwerktreffen des fair\\rhein zusammen. Kloster Kamp, mit seinem Ambiente und seinem engagierten Team war all die Jahre ein guter Gastgeber. Aber aufgrund wachsender Teilnehmerzahlen fiel nun die Entscheidung f\u00fcr das Netzwerktreffen auf die umgestaltete Christuskirche mit den zus\u00e4tzlich r\u00e4umlichen M\u00f6glichkeiten des Paul-Schneider-Hauses. So kamen am vergangenen Samstag fast 100 Engagierte im fairen Handel dort zusammen.<\/p>\n<p><a href=\"https:\/\/fair-rhein.de\/weltgarten\/wp-content\/uploads\/sites\/7\/2019\/12\/weltgarten-pm-kalli-zu-besuch-beim-netzwerktreffen-des-fairen-handels-190417.pdf\" target=\"_blank\" rel=\"noopener noreferrer\">\u25baPressemitteilung zum Download<\/a>[\/vc_column_text][vc_column_text]<\/p>\n<h3>Weltgarten soll zur Laga 2020 kommen<\/h3>\n<p><strong><em>Kamp-Lintfort, 14.12.2018<\/em>\u00a0&#8211;<\/strong> Der Verein \u201efair\/rhein\u201c plant, bei der Landesgarten\u00adschau einen \u201eWeltgarten\u201c zu betreiben , in dem Besucher erfahren, wie sich ihr Lebensstil auf die Erde auswirkt und wie sie enkelvertr\u00e4glicher leben k\u00f6nnen.<\/p>\n<p><a href=\"https:\/\/fair-rhein.de\/weltgarten\/wp-content\/uploads\/sites\/7\/2019\/12\/weltgarten-presse-pm-weltgarten-soll-zur-laga-2020-kommen-181214.pdf\" target=\"_blank\" rel=\"noopener noreferrer\">\u25baPressemitteilung zum Download<\/a>[\/vc_column_text][\/vc_column][\/vc_row][vc_row][vc_column][vc_separator][vc_empty_space][vc_column_text]<\/p>\n<h2>Pressekontakt<\/h2>\n<p><strong>Dr. Reinhard Schmeer, Verein zur F\u00f6rderung des fairen Handel(n)s am Niederrhein e.V.<\/strong><br \/>\n<strong>Tel.: 02066 &#8211; 41 67 12, E-Mail: <a href=\"mailto:reinhard.schmeer@fair-rhein.de\">reinhard.schmeer@fair-rhein.de<\/a><\/strong><\/p>\n<p>&nbsp;<\/p>\n<p>***************<\/p>\n<p>&nbsp;<\/p>\n<p>Der <strong>Weltgarten<\/strong> ist ein Bildungsprojekt f\u00fcr Sch\u00fcler*innen und Erwachsene mit verschiedenen interaktiven Lernstationen und einem Caf\u00e9. W\u00e4hrend der Landesgartenschau wird er vom Verein zur F\u00f6rderung des fairen Handel(n)s am Niederrhein e.V. mit Hilfe vieler Ehrenamtlicher betrieben. Die Finanzierung kommt vor allem von der Stiftung Umwelt und Entwicklung NRW in Bonn und auch von Brot f\u00fcr die Welt. Themen wie Fairer Kaffee, Faire Orangen und Nachhaltige Ern\u00e4hrung werden hier zusammen mit Fragen zu \u00f6kologischem Landbau, Recycling und den Folgen unseres Konsums, auf einem 600m\u00b2 gro\u00dfen Areal allen Besucher*innen ein halbes Jahr lang pr\u00e4sentiert.<\/p>\n<p>Der Faire Handel am Niederrhein lebt von einer Vielzahl engagierter Ehrenamtlicher, die sich f\u00fcr faire Welthandelsstrukturen und f\u00fcr Nachhaltigkeit bei Anbau und Produktion einsetzen und so im Austausch mit Menschen in den L\u00e4ndern des S\u00fcdens f\u00fcr eine gerechtere Welt eintreten. Der <strong>Verein zur F\u00f6rderung des fairen Handel(n)s am Niederrhein e.V.<\/strong>, hat es sich zur Aufgabe gemacht, seinen Beitrag zur F\u00f6rderung entwicklungspolitischer Zusammenarbeit zu leisten. Dazu geh\u00f6ren entwicklungsbezogene Bildungsangebote, Ausleihm\u00f6glichkeiten von Lernmodellen und die F\u00f6rderung des Fairen Handels. Der Verein sitzt in Kamp-Lintfort und betreibt dort ein Regionales Vertriebszentrum f\u00fcr fair gehandelte Waren. Dar\u00fcber hinaus bietet er ein offenes Netzwerk, Beratung und Weiterbildungen f\u00fcr Aktive im Fairen Handel.[\/vc_column_text][\/vc_column][\/vc_row][vc_row][vc_column][vc_separator][vc_empty_space height=&#8220;52px&#8220;][vc_row_inner][vc_column_inner width=&#8220;1\/2&#8243;][vc_single_image image=&#8220;282&#8243; img_size=&#8220;full&#8220; onclick=&#8220;custom_link&#8220; image_hovers=&#8220;false&#8220; link=&#8220;https:\/\/www.sue-nrw.de\/&#8220;][\/vc_column_inner][vc_column_inner width=&#8220;1\/2&#8243;][vc_single_image image=&#8220;283&#8243; img_size=&#8220;full&#8220; onclick=&#8220;custom_link&#8220; image_hovers=&#8220;false&#8220; link=&#8220;https:\/\/www.brot-fuer-die-welt.de\/&#8220;][\/vc_column_inner][\/vc_row_inner][\/vc_column][\/vc_row]<\/p>\n<\/div>","protected":false},"excerpt":{"rendered":"<p>[vc_row][vc_column][vc_column_text] Pressebereich [\/vc_column_text][\/vc_column][\/vc_row][vc_row][vc_column][vc_column_text] Logos &amp; Bilder [\/vc_column_text][\/vc_column][\/vc_row][vc_row][vc_column width=&#8220;1\/3&#8243;][vc_column_text]Logo fair|rhein runterladen.[\/vc_column_text][vc_single_image image=&#8220;240&#8243; img_size=&#8220;200&#215;150&#8243;][\/vc_column][vc_column width=&#8220;1\/3&#8243;][vc_column_text]Logo Weltgarten runterladen.[\/vc_column_text][vc_single_image image=&#8220;149&#8243; img_size=&#8220;200&#215;200&#8243; alignment=&#8220;center&#8220;][\/vc_column][vc_column width=&#8220;1\/3&#8243;][vc_column_text]Sollten Sie Logos in weiteren Formaten ben\u00f6tigen, so sprechen Sie uns gerne unter beratung@fair-rhein.de\u00a0an.[\/vc_column_text][\/vc_column][\/vc_row][vc_row][vc_column][vc_media_grid element_width=&#8220;2&#8243; grid_id=&#8220;vc_gid:1593686561440-eac9248c-cdf5-1&#8243; include=&#8220;508,484,483,509,456,431,254,482,481,479,478,477,476,475&#8243;][\/vc_column][\/vc_row][vc_row][vc_column][vc_separator][vc_empty_space height=&#8220;20px&#8220;][vc_column_text] Pressemitteilungen [\/vc_column_text][vc_column_text] Menschenkette f\u00fcr die Lieferkette Kamp-Lintfort, 23.05.2020 &#8211; Morgen ist es soweit: Neben dem t\u00e4glichen Betrieb findet die&hellip;<\/p>\n","protected":false},"author":30,"featured_media":0,"parent":0,"menu_order":0,"comment_status":"closed","ping_status":"closed","template":"","meta":{"footnotes":""},"class_list":["post-233","page","type-page","status-publish","hentry","description-off"],"_links":{"self":[{"href":"https:\/\/fair-rhein.de\/weltgarten\/wp-json\/wp\/v2\/pages\/233","targetHints":{"allow":["GET"]}}],"collection":[{"href":"https:\/\/fair-rhein.de\/weltgarten\/wp-json\/wp\/v2\/pages"}],"about":[{"href":"https:\/\/fair-rhein.de\/weltgarten\/wp-json\/wp\/v2\/types\/page"}],"author":[{"embeddable":true,"href":"https:\/\/fair-rhein.de\/weltgarten\/wp-json\/wp\/v2\/users\/30"}],"replies":[{"embeddable":true,"href":"https:\/\/fair-rhein.de\/weltgarten\/wp-json\/wp\/v2\/comments?post=233"}],"version-history":[{"count":27,"href":"https:\/\/fair-rhein.de\/weltgarten\/wp-json\/wp\/v2\/pages\/233\/revisions"}],"predecessor-version":[{"id":510,"href":"https:\/\/fair-rhein.de\/weltgarten\/wp-json\/wp\/v2\/pages\/233\/revisions\/510"}],"wp:attachment":[{"href":"https:\/\/fair-rhein.de\/weltgarten\/wp-json\/wp\/v2\/media?parent=233"}],"curies":[{"name":"wp","href":"https:\/\/api.w.org\/{rel}","templated":true}]}}