{"id":26,"date":"2019-10-04T09:57:17","date_gmt":"2019-10-04T07:57:17","guid":{"rendered":"https:\/\/fair-rhein.de\/weltgarten\/?page_id=26"},"modified":"2020-05-30T07:50:23","modified_gmt":"2020-05-30T05:50:23","slug":"ehrenamtliche-mitarbeit","status":"publish","type":"page","link":"https:\/\/fair-rhein.de\/weltgarten\/ehrenamtliche-mitarbeit\/","title":{"rendered":"Mitmachen"},"content":{"rendered":"<div class=\"wpb-content-wrapper\"><p>[vc_row][vc_column]<style type=\"text\/css\" data-type=\"the7_shortcodes-inline-css\">#default-btn-55102a56379da73eb12935e01edc2e3a.ico-right-side > i {\n  margin-right: 0px;\n  margin-left: 8px;\n}\n#default-btn-55102a56379da73eb12935e01edc2e3a > i {\n  margin-right: 8px;\n}\n<\/style><a href=\"#!\/InfoEA\" class=\"default-btn-shortcode dt-btn dt-btn-m link-hover-off anchor-link btn-inline-left \" id=\"default-btn-55102a56379da73eb12935e01edc2e3a\" title=\"Infos f\u00fcr aktive Mitarbeitende\"><i class=\"icomoon-the7-font-the7-arrow-29-1\"><\/i><span>Infos f\u00fcr aktive Mitarbeitende<\/span><\/a>[vc_empty_space height=&#8220;30px&#8220;][vc_column_text]<\/p>\n<h1>Werde Weltg\u00e4rtner*in<\/h1>\n<p>[\/vc_column_text][\/vc_column][\/vc_row][vc_row][vc_column width=&#8220;1\/4&#8243;][vc_single_image image=&#8220;213&#8243;][\/vc_column][vc_column width=&#8220;3\/4&#8243;][vc_column_text]<strong>Der Weltgarten lebt von den Menschen in ihm. Nicht nur den Besucher*innen, sondern vor allem auch von denen, die sich dort engagieren. Deshalb freuen wir uns \u00fcber Jede und Jeden, der sich engagieren und den Weltgarten mitgestalten m\u00f6chte.<\/strong><\/p>\n<p><strong>Dabei gibt es die verschiedensten Wege, wie ihr das Projekt Weltgarten unterst\u00fctzen k\u00f6nnt:<\/strong>[\/vc_column_text][\/vc_column][\/vc_row][vc_row][vc_column][vc_separator][vc_column_text]<\/p>\n<h2><img loading=\"lazy\" decoding=\"async\" class=\"alignnone wp-image-218\" style=\"font-size: 14px; font-weight: normal;\" src=\"https:\/\/fair-rhein.de\/weltgarten\/wp-content\/uploads\/sites\/7\/2019\/12\/weltgarten-mitmachen-einzel-kaktus.png\" alt=\"\" width=\"80\" height=\"80\" \/>Individuelles Engagement<\/h2>\n<p>[\/vc_column_text][vc_column_text]Wir suchen motivierte Menschen, die sich f\u00fcr Nachhaltigkeit, Klimaschutz und ein gerechteres Miteinander einsetzen wollen. Bei einem freiwilligen Engagement kannst du dich aktiv einbringen, den Weltgarten kreativ mitgestalten und andere Menschen begeistern.<\/p>\n<p><strong>Wie kann das Engagement aussehen?<\/strong><\/p>\n<p>Ob im Austausch mit den G\u00e4sten, im Weltladen-Verkauf oder lieber im Hintergrund. Ganz gleich, es findet sich bestimmt eine Aufgabe, die deinen Interessen und Vorlieben entspricht.<\/p>\n<p><a href=\"#ak-mitmachen\">+ weiterlesen<\/a>[\/vc_column_text][\/vc_column][\/vc_row][vc_row el_class=&#8220;ek-mitmachen&#8220;][vc_column][vc_column_text]<strong>Einige Beispiele:<\/strong><\/p>\n<ul>\n<li>Betreuung der Kreativangebote<\/li>\n<li>Workshops anbieten<\/li>\n<li>mit G\u00e4sten \u00fcber Nachhaltigkeitsthemen ins Gespr\u00e4ch kommen<\/li>\n<li>Unterst\u00fctzung des Teams f\u00fcr F\u00fchrungen von Schulklassen und Interessierten<\/li>\n<li>Logistik und Organisation<\/li>\n<li>Verkauf im kleinen Weltladen &amp; Caf\u00e9<\/li>\n<li>Betreuung der Hochbeete<\/li>\n<li>Pflege des Gel\u00e4ndes (Rasen m\u00e4hen, Gie\u00dfen)<\/li>\n<li>&#8230;<\/li>\n<\/ul>\n<p>\u00dcber eigene Ideen des Mitwirkens freuen wir uns!<\/p>\n<p><strong>Wann, wie oft und wie lange?<\/strong><\/p>\n<p>Das liegt ganz bei dir &#8211; das Engagement richtet sich nach deinen zeitlichen Kapazit\u00e4ten und individuellen Interessen. Du kannst als Freiwillige bei bestimmten Aktionen helfen, genauso wie w\u00f6chentlich kleine Aufgaben \u00fcbernehmen.<br \/>\nEinmalig, regelm\u00e4\u00dfig, kurz-, mittel-, langfristig oder f\u00fcr die Dauer eines Projektes \u2013 gemeinsam schauen wir, wie es passt.<\/p>\n<p><strong>Was wir dir bieten:<\/strong><\/p>\n<p>Ein nettes Team und die M\u00f6glichkeit eigene Ideen in der tollen Umgebung der LAGA zu verwirklichen. Spa\u00df, Freude und ein gutes Miteinander stehen an oberster Stelle. Damit sich alle wohl f\u00fchlen, werden wir uns vor Beginn der Landesgartenschau als Gruppe kennenlernen und jede*r in seine Aufgaben eingewiesen, geschult und betreut.<\/p>\n<p>Wir freuen uns auf Unterst\u00fctzung!<br \/>\nF\u00fcr R\u00fcckfragen steht Lutz Hartmann zur Verf\u00fcgung: <a href=\"mailto:lutz.hartmann@fair-rhein.de\">lutz.hartmann@fair-rhein.de<\/a>[\/vc_column_text][vc_column_text]<\/p>\n<h3><strong>Du willst mitmachen?<br \/>\n<\/strong><\/h3>\n<p><strong>Dann freuen wir uns wenn du entweder zu einem unserer <a href=\"https:\/\/fair-rhein.de\/weltgarten\/termine\/\">Treffen<\/a> kommst, oder das folgende Formular ausf\u00fcllst.<\/strong><\/p>\n<p>Falls du schon wei\u00dft f\u00fcr welche Aufgaben du dich im Detail interessierst, kannst du dies gern im Formular vermerken. Anderenfalls lass die Auswahl einfach frei.<\/p>\n<div class=\"wpcf7 no-js\" id=\"wpcf7-f184-o1\" lang=\"de-DE\" dir=\"ltr\">\n<div class=\"screen-reader-response\"><p role=\"status\" aria-live=\"polite\" aria-atomic=\"true\"><\/p> <ul><\/ul><\/div>\n<form action=\"\/weltgarten\/wp-json\/wp\/v2\/pages\/26#wpcf7-f184-o1\" method=\"post\" class=\"wpcf7-form init\" aria-label=\"Kontaktformular\" novalidate=\"novalidate\" data-status=\"init\">\n<div style=\"display: none;\">\n<input type=\"hidden\" name=\"_wpcf7\" value=\"184\" \/>\n<input type=\"hidden\" name=\"_wpcf7_version\" value=\"5.9.8\" \/>\n<input type=\"hidden\" name=\"_wpcf7_locale\" value=\"de_DE\" \/>\n<input type=\"hidden\" name=\"_wpcf7_unit_tag\" value=\"wpcf7-f184-o1\" \/>\n<input type=\"hidden\" name=\"_wpcf7_container_post\" value=\"0\" \/>\n<input type=\"hidden\" name=\"_wpcf7_posted_data_hash\" value=\"\" \/>\n<\/div>\n<p><label><b>Dein Name<\/b> (Pflichtfeld) <span class=\"wpcf7-form-control-wrap\" data-name=\"Name\"><input size=\"40\" maxlength=\"400\" class=\"wpcf7-form-control wpcf7-text wpcf7-validates-as-required\" aria-required=\"true\" aria-invalid=\"false\" value=\"\" type=\"text\" name=\"Name\" \/><\/span> <\/label>\n<\/p>\n<p><label><b>Deine E-Mail-Adresse<\/b> (Pflichtfeld) <span class=\"wpcf7-form-control-wrap\" data-name=\"E-Mail\"><input size=\"40\" maxlength=\"400\" class=\"wpcf7-form-control wpcf7-email wpcf7-validates-as-required wpcf7-text wpcf7-validates-as-email\" aria-required=\"true\" aria-invalid=\"false\" value=\"\" type=\"email\" name=\"E-Mail\" \/><\/span> <\/label>\n<\/p>\n<p><label><b>Deine Telefonnummer<\/b> <span class=\"wpcf7-form-control-wrap\" data-name=\"Telefon\"><input size=\"40\" maxlength=\"400\" class=\"wpcf7-form-control wpcf7-tel wpcf7-text wpcf7-validates-as-tel\" aria-invalid=\"false\" value=\"\" type=\"tel\" name=\"Telefon\" \/><\/span> <\/label>\n<\/p>\n<p><label><b>Einsatzfeldern:<\/b> Bitte kreuze hier an, wof\u00fcr du dich im Moment am ehesten interessierst. Die Mitarbeit kann sich selbstverst\u00e4ndlich nach den eigenen zeitlichen Kapazit\u00e4ten richten und zeitlich begrenzt sein. Zudem kann nat\u00fcrlich auch jederzeit ein anders Einsatzfeld gew\u00e4hlt werden.<br \/>\n<b>Allgemeine Einsatzfelder<\/b> <\/label><br \/>\n<span class=\"wpcf7-form-control-wrap\" data-name=\"Thema\"><span class=\"wpcf7-form-control wpcf7-checkbox\"><span class=\"wpcf7-list-item first\"><input type=\"checkbox\" name=\"Thema[]\" value=\"Presse- und\/oder \u00d6ffentlichkeitsarbeit (Pressemitteilungen, Soziale Medien)\" \/><span class=\"wpcf7-list-item-label\">Presse- und\/oder \u00d6ffentlichkeitsarbeit (Pressemitteilungen, Soziale Medien)<\/span><\/span><span class=\"wpcf7-list-item\"><input type=\"checkbox\" name=\"Thema[]\" value=\"Planung und Organisation von Er\u00f6ffnungs- &amp; Abschlussfestes\" \/><span class=\"wpcf7-list-item-label\">Planung und Organisation von Er\u00f6ffnungs- &amp; Abschlussfestes<\/span><\/span><span class=\"wpcf7-list-item\"><input type=\"checkbox\" name=\"Thema[]\" value=\"Bau eigener Lernstationen\" \/><span class=\"wpcf7-list-item-label\">Bau eigener Lernstationen<\/span><\/span><span class=\"wpcf7-list-item\"><input type=\"checkbox\" name=\"Thema[]\" value=\"Auf- und Abbau der eigenen Lernstationen\" \/><span class=\"wpcf7-list-item-label\">Auf- und Abbau der eigenen Lernstationen<\/span><\/span><span class=\"wpcf7-list-item\"><input type=\"checkbox\" name=\"Thema[]\" value=\"Kleinere \u201eHausmeister-T\u00e4tigkeiten\u201c auf Zuruf\" \/><span class=\"wpcf7-list-item-label\">Kleinere \u201eHausmeister-T\u00e4tigkeiten\u201c auf Zuruf<\/span><\/span><span class=\"wpcf7-list-item last\"><input type=\"checkbox\" name=\"Thema[]\" value=\"Betreuung f\u00fcr \u201enormale\u201c Besucher (kurze Einf\u00fchrung in die Lernstationen)\" \/><span class=\"wpcf7-list-item-label\">Betreuung f\u00fcr \u201enormale\u201c Besucher (kurze Einf\u00fchrung in die Lernstationen)<\/span><\/span><\/span><\/span><br \/>\n<b>Einsatzfelder im Weltladen<\/b><br \/>\n<span class=\"wpcf7-form-control-wrap\" data-name=\"Thema\"><span class=\"wpcf7-form-control wpcf7-checkbox\"><span class=\"wpcf7-list-item first\"><input type=\"checkbox\" name=\"Thema[]\" value=\"Betreuung von Verkauf &amp; Ausschank\" \/><span class=\"wpcf7-list-item-label\">Betreuung von Verkauf &amp; Ausschank<\/span><\/span><span class=\"wpcf7-list-item last\"><input type=\"checkbox\" name=\"Thema[]\" value=\"Nachlieferung von Waren\" \/><span class=\"wpcf7-list-item-label\">Nachlieferung von Waren<\/span><\/span><\/span><\/span><br \/>\n<b>Einsatzfelder rund um die Bildungsangebote<\/b> (Thematische Mitarbeit und\/oder \u00dcbernahme einzelner Kursangebote f\u00fcr Sch\u00fcler*innen und\/oder Erwachsene)<br \/>\n<span class=\"wpcf7-form-control-wrap\" data-name=\"Thema\"><span class=\"wpcf7-form-control wpcf7-checkbox\"><span class=\"wpcf7-list-item first\"><input type=\"checkbox\" name=\"Thema[]\" value=\"Orangensaft \u2013 der Deutschen Liebling (Orangenparcours)\" \/><span class=\"wpcf7-list-item-label\">Orangensaft \u2013 der Deutschen Liebling (Orangenparcours)<\/span><\/span><span class=\"wpcf7-list-item\"><input type=\"checkbox\" name=\"Thema[]\" value=\"Wie kommt Kaffee vom Strauch bis in die Tasse? (Kaffeeparcours)\" \/><span class=\"wpcf7-list-item-label\">Wie kommt Kaffee vom Strauch bis in die Tasse? (Kaffeeparcours)<\/span><\/span><span class=\"wpcf7-list-item\"><input type=\"checkbox\" name=\"Thema[]\" value=\"Die Welt im Garten \u2013 das Weltverteilungsspiel (Weltverteilungsspiel)\" \/><span class=\"wpcf7-list-item-label\">Die Welt im Garten \u2013 das Weltverteilungsspiel (Weltverteilungsspiel)<\/span><\/span><span class=\"wpcf7-list-item\"><input type=\"checkbox\" name=\"Thema[]\" value=\"Alles f\u00fcr die Tonne? Aus alt mach neu! (Upcycling)\" \/><span class=\"wpcf7-list-item-label\">Alles f\u00fcr die Tonne? Aus alt mach neu! (Upcycling)<\/span><\/span><span class=\"wpcf7-list-item\"><input type=\"checkbox\" name=\"Thema[]\" value=\"Malen mit Naturfarben (F\u00e4rbergarten)\" \/><span class=\"wpcf7-list-item-label\">Malen mit Naturfarben (F\u00e4rbergarten)<\/span><\/span><span class=\"wpcf7-list-item\"><input type=\"checkbox\" name=\"Thema[]\" value=\"Fairer Handel im Weltladen\" \/><span class=\"wpcf7-list-item-label\">Fairer Handel im Weltladen<\/span><\/span><span class=\"wpcf7-list-item\"><input type=\"checkbox\" name=\"Thema[]\" value=\"Fleischkonsum und Nachhaltigkeit\" \/><span class=\"wpcf7-list-item-label\">Fleischkonsum und Nachhaltigkeit<\/span><\/span><span class=\"wpcf7-list-item\"><input type=\"checkbox\" name=\"Thema[]\" value=\"Wo wachsen eigentlich Pommes?\" \/><span class=\"wpcf7-list-item-label\">Wo wachsen eigentlich Pommes?<\/span><\/span><span class=\"wpcf7-list-item\"><input type=\"checkbox\" name=\"Thema[]\" value=\"Wasser ist knapp und wertvoll\" \/><span class=\"wpcf7-list-item-label\">Wasser ist knapp und wertvoll<\/span><\/span><span class=\"wpcf7-list-item last\"><input type=\"checkbox\" name=\"Thema[]\" value=\"Urban Gardening\" \/><span class=\"wpcf7-list-item-label\">Urban Gardening<\/span><\/span><\/span><\/span>\n<\/p>\n<p><label><b>Du hast spezielle W\u00fcnsche oder Fragen?<\/b><br \/>\n<span class=\"wpcf7-form-control-wrap\" data-name=\"Nachricht\"><textarea cols=\"40\" rows=\"10\" maxlength=\"2000\" class=\"wpcf7-form-control wpcf7-textarea\" aria-invalid=\"false\" name=\"Nachricht\"><\/textarea><\/span> <\/label>\n<\/p>\n<p><span class=\"wpcf7-form-control-wrap\" data-name=\"Datenschutz\"><span class=\"wpcf7-form-control wpcf7-acceptance\"><span class=\"wpcf7-list-item\"><input type=\"checkbox\" name=\"Datenschutz\" value=\"1\" aria-invalid=\"false\" \/><\/span><\/span><\/span><label>fair|rhein darf die Angaben f\u00fcr die Kontaktaufnahme speichern und verwenden. <a href=\"https:\/\/fair-rhein.de\/datenschutz\">DATENSCHUTZ<\/a> <\/label>\n<\/p>\n<p><input class=\"wpcf7-form-control wpcf7-submit has-spinner\" type=\"submit\" value=\"Senden\" \/>\n<\/p><div class=\"wpcf7-response-output\" aria-hidden=\"true\"><\/div>\n<\/form>\n<\/div>\n[\/vc_column_text][\/vc_column][\/vc_row][vc_row][vc_column][vc_separator][vc_column_text]<\/p>\n<h2><img loading=\"lazy\" decoding=\"async\" class=\"alignnone wp-image-219\" src=\"https:\/\/fair-rhein.de\/weltgarten\/wp-content\/uploads\/sites\/7\/2019\/12\/weltgarten-mitmachen-gruppen-kaktus.png\" alt=\"\" width=\"80\" height=\"80\" \/>Weltl\u00e4den, Gruppen, Projekte und Initiativen<\/h2>\n<p>[\/vc_column_text][vc_column_text]Ihr seid selbst in der Eine-Welt-Arbeit, in einem Weltladen oder einer Nachhaltigkeitsinitiative aktiv? Dann nutzt den Weltgarten als Plattform! Im Weltgarten werden Erfolgsgeschichten erz\u00e4hlt, die inspirieren und zum Handeln ermutigen.<\/p>\n<p>So k\u00f6nntet Ihr als Gruppe z.B. f\u00fcr eine Woche oder ein Wochenende den Dienst im kleinen Weltladen unseres Weltgartens und damit auch den Ausschank im Selbstbedienungs-Caf\u00e9 \u00fcbernehmen \u2013 inkl. Gewinnbeteiligung. Dazu k\u00f6nntet ihr Eure Projekte oder einfach den eigenen Weltladen bewerben und vorstellen. Vielleicht habt Ihr aber auch ein tolles Projekt, das gut zu den Nachhaltigkeitszielen passt? Wir w\u00fcrden uns freuen, wenn Ihr als Team dabei w\u00e4rt und unterst\u00fctzen Euch gern bei den Vorbereitungen!<\/p>\n<p><a href=\"#ak-mitmachengruppen\">+ weiterlesen<\/a>[\/vc_column_text][\/vc_column][\/vc_row][vc_row el_class=&#8220;ek-mitmachengruppen&#8220;][vc_column][vc_column_text]Der Weltgarten soll als Plattform zum Austausch und zur Vernetzung von Interessierten mit Aktiven am Niederrhein dienen. Wir freuen uns, m\u00f6glichst vielen lokalen Projekten die Chance zu bieten, sich in der Region bekannt zu machen. Besonders gut funktionieren kleine Aktionen, die die Aufmerksamkeit der Besucher*innen auf sich ziehen und zum Mitmachen motivieren.<\/p>\n<p>Bei Interesse meldet euch bei uns, gemeinsam k\u00f6nnen wir schauen, wie eure Vorstellung zeitlich und thematisch in den Weltgarten passt! Vielleicht gibt es auch schon andere Gruppen mit denen ihr zusammenarbeiten k\u00f6nnt.<\/p>\n<p>F\u00fcr R\u00fcckfragen steht Kerrin Brammer zur Verf\u00fcgung: <a href=\"mailto:weltgarten@fair-rhein.de\">weltgarten@fair-rhein.de<\/a>[\/vc_column_text][\/vc_column][\/vc_row][vc_row][vc_column][vc_separator][vc_column_text]<\/p>\n<h2><img loading=\"lazy\" decoding=\"async\" class=\"alignnone wp-image-217\" src=\"https:\/\/fair-rhein.de\/weltgarten\/wp-content\/uploads\/sites\/7\/2019\/12\/weltgarten-mitmachen-praktikum.png\" alt=\"\" width=\"80\" height=\"80\" \/>Praktikum<\/h2>\n<p>[\/vc_column_text][vc_column_text]Zur Unterst\u00fctzung unseres Weltgarten-Teams suchen wir motivierte Menschen, die uns \u00fcber einen Zeitraum von mindestens 4 Wochen intensiver unterst\u00fctzen wollen.<\/p>\n<p>Studierende verschiedener Fachrichtungen (z.B. P\u00e4dagogik, Sozial- und Erziehungswissenschaften, Sustainability) haben die M\u00f6glichkeit ein Praktikum zu machen.<\/p>\n<p><a href=\"#ak-praktikum\">+ weiterlesen<\/a>[\/vc_column_text][\/vc_column][\/vc_row][vc_row el_class=&#8220;ek-praktikum&#8220;][vc_column][vc_column_text]M\u00f6gliche Aufgabenfelder sind:<\/p>\n<ul>\n<li>Mitwirkung in der Bildungsarbeit<\/li>\n<li>Unterst\u00fctzung bei der Vorbereitung von Veranstaltungen<\/li>\n<li>Unterst\u00fctzung beim Ausbau der Vernetzung im Bereich Nachhaltigkeit<\/li>\n<li>Erarbeitung und Durchf\u00fchrung von Workshops<\/li>\n<li>Unterst\u00fctzung bei Ehrenamtskoordination und \u00d6ffentlichkeitsarbeit<\/li>\n<\/ul>\n<p><strong>Ausf\u00fchrliche Informationen dazu <a href=\"https:\/\/fair-rhein.de\/weltgarten\/wp-content\/uploads\/sites\/7\/2019\/12\/weltgarten-mitmachen-ausschreibung-praktikum-studierende-fairrhein.pdf\" target=\"_blank\" rel=\"noopener noreferrer\">hier<\/a>.<\/strong><\/p>\n<p>Wenn du dich f\u00fcr eine Nachhaltige Entwicklung einsetzen m\u00f6chtest, dich f\u00fcr die Themen des Weltgarten begeistern kannst und Lust auf kreative, aktive und verantwortungsvolle Aufgaben hast, melde dich gerne bei Reinhard Schmeer: <a href=\"mailto:reinhard.schmeer@fair-rhein.de\">reinhard.schmeer@fair-rhein.de<\/a>[\/vc_column_text][\/vc_column][\/vc_row][vc_row el_id=&#8220;InfoEA&#8220;][vc_column]<div class=\"hr-thin style-double accent-border-color\" style=\"width: 100%;border-top-width: 3px;\"><\/div>[vc_empty_space][vc_single_image image=&#8220;464&#8243; img_size=&#8220;full&#8220;][vc_empty_space height=&#8220;15px&#8220;][vc_column_text]<\/p>\n<h3>Informationen f\u00fcr <strong>aktive ehrenamtlich Mitarbeitende:<\/strong><\/h3>\n<p>Hier findet Ihr alle aktuellen Infos zum Weltgarten.[\/vc_column_text][vc_column_text]<\/p>\n<ul>\n<li>Die <strong>komplette<\/strong> <strong>Projektbeschreibung<\/strong> aus dem Antrag f\u00fcr Ehrenamtliche findet Ihr <a href=\"\/\/fair-rhein.de\/wp-content\/uploads\/2019\/06\/fair-rhein.de-weltgarten-projektinfo-weltgarten.pdf\" target=\"_blank\" rel=\"noopener noreferrer\">hier zum Download<\/a>.<\/li>\n<li>Das <strong>komplette Programm zum Gr\u00fcnen Klassenzimmer<\/strong> finden Ihr hier <a href=\"\/\/www.kamp-lintfort2020.de\/assets\/Dateien-zum-Download\/2019\/08\/GK-Broschuere-Kali-2020.pdf\" target=\"_blank\" rel=\"noopener noreferrer\">hier zum Download<\/a>. Durch aktuelle Beschr\u00e4nkungen kann dieses Programm vorerst allerdings nicht wie geplant stattfinden.<\/li>\n<li>Alle Texte und Abbildungen der <strong>Lernstationen<\/strong> findet Ihr <a href=\"https:\/\/fair-rhein.de\/weltgarten\/wp-content\/uploads\/sites\/7\/2020\/05\/weltgarten-bildung-handreichung-texte-lernstationen-komprimiert.pdf\" target=\"_blank\" rel=\"noopener noreferrer\">hier zum Download.<\/a><\/li>\n<li>Aktuelle Regeln zu den <strong>Hygiene-Ma\u00dfnahmen<\/strong> im Weltgarten (Stand 25. Mai) findet Ihr <a href=\"https:\/\/fair-rhein.de\/weltgarten\/wp-content\/uploads\/sites\/7\/2020\/05\/weltgarten-mitmachen-hygiene-massnahmen-weltgarten.pdf\" target=\"_blank\" rel=\"noopener noreferrer\">hier zum Download.<\/a><\/li>\n<li>Alle Infos zu den regelm\u00e4\u00dfigen digitalen <strong>Treffen zum Kennenlernen<\/strong> <a href=\"https:\/\/fair-rhein.de\/weltgarten\/ehrenamtstreffen\/\">hier.<\/a><\/li>\n<li>F\u00fcr einen ersten Eindruck, <a href=\"https:\/\/www.dropbox.com\/sh\/hlinci80m6fcrx8\/AADqAuNu3BIImK1g-B7rYDAEa?dl=0\" target=\"_blank\" rel=\"noopener noreferrer\">findet Ihr hier<\/a> einen kleinen <strong>Video-Rundgang<\/strong> durch den Weltgarten.<\/li>\n<\/ul>\n<p>[\/vc_column_text][vc_empty_space][\/vc_column][\/vc_row]<\/p>\n<\/div>","protected":false},"excerpt":{"rendered":"<p>[vc_row][vc_column][vc_empty_space height=&#8220;30px&#8220;][vc_column_text] Werde Weltg\u00e4rtner*in [\/vc_column_text][\/vc_column][\/vc_row][vc_row][vc_column width=&#8220;1\/4&#8243;][vc_single_image image=&#8220;213&#8243;][\/vc_column][vc_column width=&#8220;3\/4&#8243;][vc_column_text]Der Weltgarten lebt von den Menschen in ihm. Nicht nur den Besucher*innen, sondern vor allem auch von denen, die sich dort engagieren. Deshalb freuen wir uns \u00fcber Jede und Jeden, der sich engagieren und den Weltgarten mitgestalten m\u00f6chte. Dabei gibt es die verschiedensten Wege, wie ihr das Projekt&hellip;<\/p>\n","protected":false},"author":23,"featured_media":0,"parent":0,"menu_order":0,"comment_status":"closed","ping_status":"closed","template":"","meta":{"footnotes":""},"class_list":["post-26","page","type-page","status-publish","hentry","description-off"],"_links":{"self":[{"href":"https:\/\/fair-rhein.de\/weltgarten\/wp-json\/wp\/v2\/pages\/26","targetHints":{"allow":["GET"]}}],"collection":[{"href":"https:\/\/fair-rhein.de\/weltgarten\/wp-json\/wp\/v2\/pages"}],"about":[{"href":"https:\/\/fair-rhein.de\/weltgarten\/wp-json\/wp\/v2\/types\/page"}],"author":[{"embeddable":true,"href":"https:\/\/fair-rhein.de\/weltgarten\/wp-json\/wp\/v2\/users\/23"}],"replies":[{"embeddable":true,"href":"https:\/\/fair-rhein.de\/weltgarten\/wp-json\/wp\/v2\/comments?post=26"}],"version-history":[{"count":29,"href":"https:\/\/fair-rhein.de\/weltgarten\/wp-json\/wp\/v2\/pages\/26\/revisions"}],"predecessor-version":[{"id":460,"href":"https:\/\/fair-rhein.de\/weltgarten\/wp-json\/wp\/v2\/pages\/26\/revisions\/460"}],"wp:attachment":[{"href":"https:\/\/fair-rhein.de\/weltgarten\/wp-json\/wp\/v2\/media?parent=26"}],"curies":[{"name":"wp","href":"https:\/\/api.w.org\/{rel}","templated":true}]}}