{"id":439,"date":"2020-05-19T12:11:57","date_gmt":"2020-05-19T10:11:57","guid":{"rendered":"https:\/\/fair-rhein.de\/weltgarten\/?page_id=439"},"modified":"2020-08-10T13:34:30","modified_gmt":"2020-08-10T11:34:30","slug":"ehrenamtstreffen","status":"publish","type":"page","link":"https:\/\/fair-rhein.de\/weltgarten\/ehrenamtstreffen\/","title":{"rendered":"Ehrenamtstreffen"},"content":{"rendered":"<div class=\"wpb-content-wrapper\"><p>[vc_row][vc_column][vc_column_text]<\/p>\n<h1>Treffen f\u00fcr Ehrenamtliche im Weltgarten<\/h1>\n<p>[\/vc_column_text][vc_column_text]Bei sch\u00f6nem Wetter werden wir spontan alle ehrenamtlichen Helfer*innen in den Weltgarten einladen, ansonsten kehren wir zum digitalen Treffen zur\u00fcck. In beiden F\u00e4llen geht es um einen lockeren Austausch und die M\u00f6glichkeit sich besser kennenzulernen.<\/p>\n<p><strong>Der n\u00e4chste Termin ist am 20. August von 18-19.30 Uhr.<\/strong><\/p>\n<p>Ihr bekommt ein paar Tage vorher eine Mail zugeschickt![\/vc_column_text][\/vc_column][\/vc_row][vc_row][vc_column][vc_column_text]<\/p>\n<h2>Videokonferenzen mit Zoom &#8211; Erste Schritte<\/h2>\n<p>[\/vc_column_text][vc_column_text]Das Programm das wir nutzen hei\u00dft &#8222;Zoom&#8220;. Es erm\u00f6glicht Video-Konferenzen, ist z.B. Skype sehr \u00e4hnlich und l\u00e4sst sich \u00fcber ein kleines kostenloses Programm, oder direkt \u00fcber den Browser bedienen.<\/p>\n<p>***************************************************<\/p>\n<h3>Ihr braucht&#8230;<\/h3>\n<ul>\n<li>einen Computer \/ Laptop \/ Tablet oder Smartphone<\/li>\n<li>mit Webcam \/ Kamera, damit wir uns auch alle sehen k\u00f6nnen<\/li>\n<li>wenn verf\u00fcgbar ein Headset oder Kopfh\u00f6rer (auch Kopfh\u00f6rer vom Smartphone k\u00f6nnen verwendet werden)<\/li>\n<li>und falls Ihr die Wahl zwischen verschiedenen Ger\u00e4ten habt, ist es an einem Computer oder Laptop meist einfacher<\/li>\n<\/ul>\n<p>***************************************************<\/p>\n<h3>Eure Vorbereitung &#8230;<\/h3>\n<ol>\n<li>klickt auf den folgenden Link zum Installieren und Testen der Software: <a href=\"https:\/\/zoom.us\/test\" target=\"_blank\" rel=\"noopener noreferrer\">https:\/\/zoom.us\/test<\/a><\/li>\n<li>klickt auf &#8222;Beitreten&#8220; und installiert Euch nach Aufforderung das Programm Zoom<\/li>\n<li>gebt nach Aufforderung Euren Namen ein und durchlauft nach den Anweisungen den Test Eures Lautsprechers und Mikrophons<\/li>\n<li>nun w\u00e4hlt noch &#8222;Per Computer dem Audio beitreten&#8220; an und Ihr seid in einem Test-Meeting. Ihr solltet nun Euer eigenes Bild sehen und unten links einen &#8222;Ausschlag&#8220; beim Mikrophon wenn Ihr etwas sagt. Wenn beides klappt, seid Ihr fertig und k\u00f6nnt nun an den Stammtischen oder Workshops weiter unten teilnehmen.<\/li>\n<\/ol>\n<p>Hier findet Ihr alternativ ein <strong>Video<\/strong>, in dem ich die einzelnen Schritte einmal vormache: <a href=\"https:\/\/youtu.be\/VQHOsYnmfkI\" target=\"_blank\" rel=\"noopener noreferrer\">Erkl\u00e4r-Video erste Schritte in Zoom<\/a><\/p>\n<p>Hier findet Ihr eine<strong> ausf\u00fchrliche Anleitung<\/strong>, die auf alle anderen Optionen und Endger\u00e4te eingeht: <a href=\"https:\/\/fair-rhein.de\/wp-content\/uploads\/2020\/03\/fair-rhein.de-online-zoom-schritt-fuer-schritt-anleitung.pdf\" target=\"_blank\" rel=\"noopener noreferrer\">Download ausf\u00fchrliche Anleitung f\u00fcr Zoom<\/a><\/p>\n<p>***************************************************<\/p>\n<h3>Technische Probleme<\/h3>\n<p>Wer technische Probleme hat, kann sich gern bei mir melden:<br \/>\n<a href=\"mailto:judith.klingen@fair-rhein.de\">judith.klingen@fair-rhein.de<\/a>, Tel.: 0163. 73 63 69 3.<\/p>\n<p>Achtung: W\u00e4hrend eines Online-Termins kann ich diese technische Unterst\u00fctzung nicht leisten, in der Zeit werde ich auch nicht ans Telefon gehen oder E-Mails beantworten. Nehmt deshalb bei Problemen bitte fr\u00fchzeitig Kontakt zu mir auf.<\/p>\n<p>***************************************************<\/p>\n<h3>Was gibt es sonst noch zu beachten?<\/h3>\n<p>Wer zum ersten Mal an einem Zoom-Meeting teilnimmt, sollte unbedingt vorher die technischen Voraussetzungen schaffen und alles ausprobiert haben. Zudem empfiehlt sich f\u00fcr ein digitales Ankommen immer, dass Ihr Euch ca. <strong>10 Minuten vorher<\/strong> einw\u00e4hlt.<\/p>\n<p>Auch wenn wir so vielleicht einem echten Treffen schon ziemlich Nahe kommen, sollten ein paar <strong>Grundregeln<\/strong> beherzigt werden:<\/p>\n<ul>\n<li>W\u00e4hrend eine Person spricht m\u00fcssen alle anderen leise sein, bzw. abwarten.<\/li>\n<li>Wer keine Kopfh\u00f6rer benutzt, kurz etwas lauter ist oder wenn Hintergrundger\u00e4usche da sind, sollte das eigene Mikrophon \u00fcber Zoom abgeschaltet werden. Wie das funktioniert erkl\u00e4re ich am Anfang aller Termine.<\/li>\n<\/ul>\n<p>[\/vc_column_text][\/vc_column][\/vc_row]<\/p>\n<\/div>","protected":false},"excerpt":{"rendered":"<p>[vc_row][vc_column][vc_column_text] Treffen f\u00fcr Ehrenamtliche im Weltgarten [\/vc_column_text][vc_column_text]Bei sch\u00f6nem Wetter werden wir spontan alle ehrenamtlichen Helfer*innen in den Weltgarten einladen, ansonsten kehren wir zum digitalen Treffen zur\u00fcck. In beiden F\u00e4llen geht es um einen lockeren Austausch und die M\u00f6glichkeit sich besser kennenzulernen. Der n\u00e4chste Termin ist am 20. August von 18-19.30 Uhr. Ihr bekommt ein paar&hellip;<\/p>\n","protected":false},"author":30,"featured_media":0,"parent":0,"menu_order":0,"comment_status":"closed","ping_status":"closed","template":"","meta":{"footnotes":""},"class_list":["post-439","page","type-page","status-publish","hentry","description-off"],"_links":{"self":[{"href":"https:\/\/fair-rhein.de\/weltgarten\/wp-json\/wp\/v2\/pages\/439","targetHints":{"allow":["GET"]}}],"collection":[{"href":"https:\/\/fair-rhein.de\/weltgarten\/wp-json\/wp\/v2\/pages"}],"about":[{"href":"https:\/\/fair-rhein.de\/weltgarten\/wp-json\/wp\/v2\/types\/page"}],"author":[{"embeddable":true,"href":"https:\/\/fair-rhein.de\/weltgarten\/wp-json\/wp\/v2\/users\/30"}],"replies":[{"embeddable":true,"href":"https:\/\/fair-rhein.de\/weltgarten\/wp-json\/wp\/v2\/comments?post=439"}],"version-history":[{"count":9,"href":"https:\/\/fair-rhein.de\/weltgarten\/wp-json\/wp\/v2\/pages\/439\/revisions"}],"predecessor-version":[{"id":545,"href":"https:\/\/fair-rhein.de\/weltgarten\/wp-json\/wp\/v2\/pages\/439\/revisions\/545"}],"wp:attachment":[{"href":"https:\/\/fair-rhein.de\/weltgarten\/wp-json\/wp\/v2\/media?parent=439"}],"curies":[{"name":"wp","href":"https:\/\/api.w.org\/{rel}","templated":true}]}}